{"id":1307,"date":"2019-08-16T09:17:14","date_gmt":"2019-08-16T09:17:14","guid":{"rendered":"https:\/\/biagiotti.qodeinteractive.com\/?page_id=1307"},"modified":"2024-09-25T16:46:05","modified_gmt":"2024-09-25T09:46:05","slug":"about-us","status":"publish","type":"page","link":"https:\/\/levanacademy.vn\/en\/about-us\/","title":{"rendered":"About Us"},"content":{"rendered":"<div class=\"wpb-content-wrapper\"><div class=\"vc_row wpb_row vc_row-fluid\" style=\"background-repeat: repeat\"><div class=\"wpb_column vc_column_container vc_col-sm-12\"><div class=\"vc_column-inner\"><div class=\"wpb_wrapper\"><div class=\"mkdf-single-image-holder\">\n    <div class=\"mkdf-si-inner\" >\n                                    <img fetchpriority=\"high\" decoding=\"async\" width=\"1500\" height=\"700\" src=\"https:\/\/levanacademy.vn\/wp-content\/uploads\/2024\/08\/bia.jpg\" class=\"attachment-full size-full\" alt=\"\" \/>                        <\/div>\n<\/div><\/div><\/div><\/div><\/div><div class=\"vc_row wpb_row vc_row-fluid vc_custom_1727256252099 vc_row-o-equal-height vc_row-flex\" style=\"background-repeat: repeat\"><div class=\"wpb_column vc_column_container vc_col-sm-3\"><div class=\"vc_column-inner\"><div class=\"wpb_wrapper\"><\/div><\/div><\/div><div class=\"wpb_column vc_column_container vc_col-sm-6\"><div class=\"vc_column-inner\"><div class=\"wpb_wrapper\"><div class=\"mkdf-elements-holder   mkdf-one-column  mkdf-responsive-mode-768\" ><div class=\"mkdf-eh-item   mkdf-horizontal-alignment-center\" data-item-class=\"mkdf-eh-custom-2214\" data-1025-1399=\"0px 0px 0px 0px\" data-769-1024=\"0px 0px 0px 0px\" data-681-768=\"0px 0px 0px 0px\" data-680=\"0px 0px 0px 0px\">\n\t<div class=\"mkdf-eh-background-holder\"  ><\/div>\n\t<div class=\"mkdf-eh-item-inner\">\n\t\t<div class=\"mkdf-eh-item-content mkdf-eh-custom-2214\" style=\"padding: 0px 70px 0px 70px\">\n\t\t\t<div class=\"mkdf-section-title-holder  mkdf-st-top-tagline-position mkdf-st-center-position mkdf-st-bottom-image-position\" style=\"text-align: center\">\n\t<div class=\"mkdf-st-inner\">\n\t\t\t\t\t\t\t<span class=\"mkdf-st-tagline\" style=\"color: #e5e5e5;margin-bottom: 0px\">\n\t\t\t\tLe Van Academy\t\t\t<\/span>\n\t\t\t\t\t\t\t<h2 class=\"mkdf-st-title\" >\n\t\t\t\tGi\u1edbi thi\u1ec7u c\u00e1 nh\u00e2n\t\t\t<\/h2>\n\t\t\t\t\t\t\t\t\t<p class=\"mkdf-st-text\" style=\"line-height: 20px;margin-top: 12px\">\n\t\t\t\tMaster L\u00ea V\u00e2n, m\u1ed9t chuy\u00ean gia h\u00e0ng \u0111\u1ea7u v\u1edbi h\u01a1n 10 n\u0103m kinh nghi\u1ec7m trong ng\u00e0nh phun x\u0103m th\u1ea9m m\u1ef9 v\u00e0 l\u00e0m \u0111\u1eb9p, b\u00ean c\u1ea1nh \u0111\u00f3 L\u00ea V\u00e2n kh\u00f4ng ch\u1ec9 n\u1ed5i ti\u1ebfng t\u1ea1i Vi\u1ec7t Nam m\u00e0 c\u00f2n \u0111\u01b0\u1ee3c bi\u1ebft \u0111\u1ebfn r\u1ed9ng r\u00e3i qua nh\u1eefng kh\u00f3a h\u1ecdc qu\u1ed1c t\u1ebf m\u00e0 c\u00f4 \u0111\u00e3 t\u1ed5 ch\u1ee9c t\u1ea1i Nh\u1eadt B\u1ea3n, H\u00e0n Qu\u1ed1c, v\u00e0 nhi\u1ec1u n\u01b0\u1edbc kh\u00e1c. C\u00f4 c\u0169ng l\u00e0 ng\u01b0\u1eddi \u0111\u00e3 t\u1ed5 ch\u1ee9c nhi\u1ec1u s\u1ef1 ki\u1ec7n trao \u0111\u1ed5i ki\u1ebfn th\u1ee9c t\u1ea1i \u0110\u00f4ng Nam \u00c1, k\u1ebft n\u1ed1i c\u1ed9ng \u0111\u1ed3ng phun x\u0103m l\u00e0m \u0111\u1eb9p v\u00e0 chia s\u1ebb nh\u1eefng k\u1ef9 thu\u1eadt ti\u00ean ti\u1ebfn nh\u1ea5t trong ng\u00e0nh.\t\t\t<\/p>\n\t\t\t\t\t\t\t\t\t<\/div>\n<\/div>\t\t<\/div>\n\t\t\t<\/div>\n<\/div><\/div><\/div><\/div><\/div><div class=\"wpb_column vc_column_container vc_col-sm-3\"><div class=\"vc_column-inner\"><div class=\"wpb_wrapper\"><\/div><\/div><\/div><\/div><div class=\"vc_row wpb_row vc_row-fluid vc_custom_1727256755190 vc_row-has-fill\" style=\"background-color:#ffe9e2;background-repeat: repeat\"><div class=\"wpb_column vc_column_container vc_col-sm-4\"><div class=\"vc_column-inner\"><div class=\"wpb_wrapper\"><div class=\"mkdf-iwt clearfix  mkdf-iwt-icon-top mkdf-iwt-icon-medium\">\n\t\n\t<div class=\"mkdf-iwt-images\">\n\t\t<div class=\"mkdf-iwt-background\" >\n\t\t\t\t\t\t\t\t\t\t\t\t\t\t\t\t\t\t\t\t\t\t<\/div>\n\t\t\n\t\t<div class=\"mkdf-iwt-icon\">\n\t\t\t\t\t\t\t\t\t\t\t\t\t\t\t\t\t\t\t\t\t\t<\/div>\n\t<\/div>\n\t<div class=\"mkdf-iwt-content\" >\n\t\t\t\t\t\t<h4\t\t\tclass=\"mkdf-iwt-title\" >\n\t\t\t\t\t\t\t<span class=\"mkdf-iwt-title-text\">Kinh Nghi\u1ec7m<\/span>\n\t\t\t\t\t\t<\/h4>\n\t\t\t\t\t\t\t<p class=\"mkdf-iwt-text\" >10 n\u0103m kinh nghi\u1ec7m l\u00e0m ngh\u1ec1<\/p>\n\t\t\t<\/div>\n<\/div><div class=\"vc_empty_space\"   style=\"height: 30px\"><span class=\"vc_empty_space_inner\"><\/span><\/div><\/div><\/div><\/div><div class=\"wpb_column vc_column_container vc_col-sm-4\"><div class=\"vc_column-inner\"><div class=\"wpb_wrapper\"><div class=\"mkdf-iwt clearfix  mkdf-iwt-icon-top mkdf-iwt-icon-medium\">\n\t\n\t<div class=\"mkdf-iwt-images\">\n\t\t<div class=\"mkdf-iwt-background\" >\n\t\t\t\t\t\t\t\t\t\t\t\t\t\t\t\t\t\t\t\t\t\t<\/div>\n\t\t\n\t\t<div class=\"mkdf-iwt-icon\">\n\t\t\t\t\t\t\t\t\t\t\t\t\t\t\t\t\t\t\t\t\t\t<\/div>\n\t<\/div>\n\t<div class=\"mkdf-iwt-content\" >\n\t\t\t\t\t\t<h4\t\t\tclass=\"mkdf-iwt-title\" >\n\t\t\t\t\t\t\t<span class=\"mkdf-iwt-title-text\">Gi\u1ea3ng d\u1ea1y<\/span>\n\t\t\t\t\t\t<\/h4>\n\t\t\t\t\t\t\t<p class=\"mkdf-iwt-text\" >D\u1ea1y h\u1ecdc t\u1ea1i Nh\u1eadt, H\u00e0n<\/p>\n\t\t\t<\/div>\n<\/div><div class=\"vc_empty_space\"   style=\"height: 30px\"><span class=\"vc_empty_space_inner\"><\/span><\/div><\/div><\/div><\/div><div class=\"wpb_column vc_column_container vc_col-sm-4\"><div class=\"vc_column-inner\"><div class=\"wpb_wrapper\"><div class=\"mkdf-iwt clearfix  mkdf-iwt-icon-top mkdf-iwt-icon-medium\">\n\t\n\t<div class=\"mkdf-iwt-images\">\n\t\t<div class=\"mkdf-iwt-background\" >\n\t\t\t\t\t\t\t\t\t\t\t\t\t\t\t\t\t\t\t\t\t\t<\/div>\n\t\t\n\t\t<div class=\"mkdf-iwt-icon\">\n\t\t\t\t\t\t\t\t\t\t\t\t\t\t\t\t\t\t\t\t\t\t<\/div>\n\t<\/div>\n\t<div class=\"mkdf-iwt-content\" >\n\t\t\t\t\t\t<h4\t\t\tclass=\"mkdf-iwt-title\" >\n\t\t\t\t\t\t\t<span class=\"mkdf-iwt-title-text\">S\u1ef1 ki\u1ec7n<\/span>\n\t\t\t\t\t\t<\/h4>\n\t\t\t\t\t\t\t<p class=\"mkdf-iwt-text\" >T\u1ed5 ch\u1ee9c c\u00e1c s\u1ef1 ki\u1ec7n t\u1ea1i trong n\u01b0\u1edbc v\u00e0 Qu\u1ed1c t\u1ebf.<\/p>\n\t\t\t<\/div>\n<\/div><div class=\"vc_empty_space\"   style=\"height: 30px\"><span class=\"vc_empty_space_inner\"><\/span><\/div><\/div><\/div><\/div><\/div>\n<\/div>","protected":false},"excerpt":{"rendered":"Le Van Academy Gi\u1edbi thi\u1ec7u c\u00e1 nh\u00e2n Master L\u00ea V\u00e2n, m\u1ed9t chuy\u00ean gia h\u00e0ng \u0111\u1ea7u v\u1edbi h\u01a1n 10 n\u0103m kinh nghi\u1ec7m trong ng\u00e0nh phun x\u0103m th\u1ea9m m\u1ef9 v\u00e0 l\u00e0m \u0111\u1eb9p, b\u00ean c\u1ea1nh \u0111\u00f3 L\u00ea V\u00e2n kh\u00f4ng ch\u1ec9 n\u1ed5i ti\u1ebfng t\u1ea1i [...]","protected":false},"author":1,"featured_media":0,"parent":0,"menu_order":0,"comment_status":"closed","ping_status":"closed","template":"full-width.php","meta":{"footnotes":""},"class_list":["post-1307","page","type-page","status-publish","hentry"],"_links":{"self":[{"href":"https:\/\/levanacademy.vn\/en\/wp-json\/wp\/v2\/pages\/1307","targetHints":{"allow":["GET"]}}],"collection":[{"href":"https:\/\/levanacademy.vn\/en\/wp-json\/wp\/v2\/pages"}],"about":[{"href":"https:\/\/levanacademy.vn\/en\/wp-json\/wp\/v2\/types\/page"}],"author":[{"embeddable":true,"href":"https:\/\/levanacademy.vn\/en\/wp-json\/wp\/v2\/users\/1"}],"replies":[{"embeddable":true,"href":"https:\/\/levanacademy.vn\/en\/wp-json\/wp\/v2\/comments?post=1307"}],"version-history":[{"count":7,"href":"https:\/\/levanacademy.vn\/en\/wp-json\/wp\/v2\/pages\/1307\/revisions"}],"predecessor-version":[{"id":4482,"href":"https:\/\/levanacademy.vn\/en\/wp-json\/wp\/v2\/pages\/1307\/revisions\/4482"}],"wp:attachment":[{"href":"https:\/\/levanacademy.vn\/en\/wp-json\/wp\/v2\/media?parent=1307"}],"curies":[{"name":"wp","href":"https:\/\/api.w.org\/{rel}","templated":true}]}}