{"id":4099,"date":"2024-09-04T10:57:09","date_gmt":"2024-09-04T03:57:09","guid":{"rendered":"https:\/\/levanacademy.com\/?page_id=4099"},"modified":"2024-11-07T18:12:41","modified_gmt":"2024-11-07T11:12:41","slug":"khoa-hoc-long-may-hyper-realistic-nang-cao","status":"publish","type":"page","link":"https:\/\/levanacademy.vn\/en\/khoa-hoc-long-may-hyper-realistic-nang-cao\/","title":{"rendered":"Advanced Eyebrow Course \u2013 Hyper Realistic"},"content":{"rendered":"<div class=\"wpb-content-wrapper\"><div class=\"vc_row wpb_row vc_row-fluid vc_custom_1723882331606 vc_row-o-content-middle vc_row-flex\" style=\"background-repeat: repeat\"><div class=\"wpb_column vc_column_container vc_col-sm-6\"><div class=\"vc_column-inner\"><div class=\"wpb_wrapper\">\n\t<div  class=\"wpb_single_image wpb_content_element vc_align_left\">\n\t\t\n\t\t<figure class=\"wpb_wrapper vc_figure\">\n\t\t\t<div class=\"vc_single_image-wrapper   vc_box_border_grey\"><img decoding=\"async\" class=\"vc_single_image-img lazyload\" data-src=\"https:\/\/levanacademy.vn\/wp-content\/uploads\/2024\/10\/anh-bia-4-scaled-523x730.jpg\" width=\"523\" height=\"730\" alt=\"\u1ea3nh b\u00eca\" title=\"\u1ea3nh b\u00eca\" src=\"data:image\/svg+xml;base64,PHN2ZyB3aWR0aD0iMSIgaGVpZ2h0PSIxIiB4bWxucz0iaHR0cDovL3d3dy53My5vcmcvMjAwMC9zdmciPjwvc3ZnPg==\" style=\"--smush-placeholder-width: 523px; --smush-placeholder-aspect-ratio: 523\/730;\" \/><\/div>\n\t\t<\/figure>\n\t<\/div>\n<\/div><\/div><\/div><div class=\"wpb_column vc_column_container vc_col-sm-6\"><div class=\"vc_column-inner\"><div class=\"wpb_wrapper\">\n\t<div class=\"wpb_text_column wpb_content_element  vc_custom_1730976127508\" >\n\t\t<div class=\"wpb_wrapper\">\n\t\t\t<p>Courses<\/p>\n<h2 class=\"heading-course\" style=\"text-align: center;\"><span style=\"font-size: 25px; line-height: 1.5; word-spacing: 0.1em;\">Advanced Eyebrow Course \u2013 Hyper Realistic<\/span><\/h2>\n<p style=\"text-align: center;\"><span style=\"font-weight: 400;\">The Advanced Hyper Realistic Course is specifically designed for students who have completed the basic Hyper Realistic training and wish to stay up-to-date with cutting-edge, exclusive technology. This intensive program helps students master the art of designing individual eyebrow strokes that defy conventional rules yet remain meticulously calculated and arranged to create the most lifelike and natural results. The course also emphasizes advanced machine-handling skills, equipping students with the precision and confidence needed to excel in their careers.<\/span><br \/>\n<span style=\"display: flex; justify-content: center;\"><button class=\"mkdf-btn mkdf-btn-medium mkdf-btn-solid popup-datlich-khoahoc\">Book Now<\/button><\/span><!--more--><!--more--><\/p>\n\n\t\t<\/div>\n\t<\/div>\n<\/div><\/div><\/div><\/div><div class=\"vc_row wpb_row vc_row-fluid\" style=\"background-repeat: repeat\"><div class=\"wpb_column vc_column_container vc_col-sm-12\"><div class=\"vc_column-inner vc_custom_1723882318650\"><div class=\"wpb_wrapper\"><div class=\"vc_empty_space\"   style=\"height: 32px\"><span class=\"vc_empty_space_inner\"><\/span><\/div>\n\t<div class=\"wpb_text_column wpb_content_element  vc_custom_1730977238498\" >\n\t\t<div class=\"wpb_wrapper\">\n\t\t\t<h2 class=\"heading-course\" style=\"text-align: center;\"><span style=\"font-size: 25px; line-height: 1.5; word-spacing: 0.1em;\">Course Goals<\/span><\/h2>\n<p style=\"text-align: center;\">This course is designed to help experienced tattoo professionals advance their skills, stay updated with modern techniques, and refine their expertise. Students will delve deeply into complex aspects of tattooing, from theory to practice, to create precise, refined, and artistically sophisticated aesthetic results.<\/p>\n\n\t\t<\/div>\n\t<\/div>\n<\/div><\/div><\/div><\/div><div class=\"vc_row wpb_row vc_row-fluid vc_row-o-content-middle vc_row-flex\" style=\"background-repeat: repeat\"><div class=\"wpb_column vc_column_container vc_col-sm-12\"><div class=\"vc_column-inner\"><div class=\"wpb_wrapper\"><div class=\"vc_row wpb_row vc_inner vc_row-fluid center-element vc_custom_1724145613915 vc_column-gap-10 vc_row-o-content-middle vc_row-flex\" style=\"background-repeat: repeat\"><div class=\"course-khoahoc wpb_column vc_column_container vc_col-sm-2\/5\"><div class=\"vc_column-inner\"><div class=\"wpb_wrapper\">\n\t<div  class=\"wpb_single_image wpb_content_element vc_align_center\">\n\t\t\n\t\t<figure class=\"wpb_wrapper vc_figure\">\n\t\t\t<div class=\"vc_single_image-wrapper   vc_box_border_grey\"><img decoding=\"async\" class=\"vc_single_image-img lazyload\" data-src=\"https:\/\/levanacademy.vn\/wp-content\/uploads\/2024\/10\/2-1-scaled-523x730.jpg\" width=\"523\" height=\"730\" alt=\"2\" title=\"2\" src=\"data:image\/svg+xml;base64,PHN2ZyB3aWR0aD0iMSIgaGVpZ2h0PSIxIiB4bWxucz0iaHR0cDovL3d3dy53My5vcmcvMjAwMC9zdmciPjwvc3ZnPg==\" style=\"--smush-placeholder-width: 523px; --smush-placeholder-aspect-ratio: 523\/730;\" \/><\/div>\n\t\t<\/figure>\n\t<\/div>\n<\/div><\/div><\/div><div class=\"course-khoahoc wpb_column vc_column_container vc_col-sm-2\/5\"><div class=\"vc_column-inner\"><div class=\"wpb_wrapper\">\n\t<div  class=\"wpb_single_image wpb_content_element vc_align_center\">\n\t\t\n\t\t<figure class=\"wpb_wrapper vc_figure\">\n\t\t\t<div class=\"vc_single_image-wrapper   vc_box_border_grey\"><img decoding=\"async\" class=\"vc_single_image-img lazyload\" data-src=\"https:\/\/levanacademy.vn\/wp-content\/uploads\/2024\/10\/10-scaled-523x730.jpg\" width=\"523\" height=\"730\" alt=\"10\" title=\"10\" src=\"data:image\/svg+xml;base64,PHN2ZyB3aWR0aD0iMSIgaGVpZ2h0PSIxIiB4bWxucz0iaHR0cDovL3d3dy53My5vcmcvMjAwMC9zdmciPjwvc3ZnPg==\" style=\"--smush-placeholder-width: 523px; --smush-placeholder-aspect-ratio: 523\/730;\" \/><\/div>\n\t\t<\/figure>\n\t<\/div>\n<\/div><\/div><\/div><div class=\"course-khoahoc wpb_column vc_column_container vc_col-sm-2\/5\"><div class=\"vc_column-inner\"><div class=\"wpb_wrapper\">\n\t<div  class=\"wpb_single_image wpb_content_element vc_align_center\">\n\t\t\n\t\t<figure class=\"wpb_wrapper vc_figure\">\n\t\t\t<div class=\"vc_single_image-wrapper   vc_box_border_grey\"><img decoding=\"async\" class=\"vc_single_image-img lazyload\" data-src=\"https:\/\/levanacademy.vn\/wp-content\/uploads\/2024\/10\/4-1-scaled-523x730.jpg\" width=\"523\" height=\"730\" alt=\"4\" title=\"4\" src=\"data:image\/svg+xml;base64,PHN2ZyB3aWR0aD0iMSIgaGVpZ2h0PSIxIiB4bWxucz0iaHR0cDovL3d3dy53My5vcmcvMjAwMC9zdmciPjwvc3ZnPg==\" style=\"--smush-placeholder-width: 523px; --smush-placeholder-aspect-ratio: 523\/730;\" \/><\/div>\n\t\t<\/figure>\n\t<\/div>\n<\/div><\/div><\/div><div class=\"course-khoahoc wpb_column vc_column_container vc_col-sm-2\/5\"><div class=\"vc_column-inner\"><div class=\"wpb_wrapper\">\n\t<div  class=\"wpb_single_image wpb_content_element vc_align_center\">\n\t\t\n\t\t<figure class=\"wpb_wrapper vc_figure\">\n\t\t\t<div class=\"vc_single_image-wrapper   vc_box_border_grey\"><img decoding=\"async\" class=\"vc_single_image-img lazyload\" data-src=\"https:\/\/levanacademy.vn\/wp-content\/uploads\/2024\/10\/5-1-scaled-523x730.jpg\" width=\"523\" height=\"730\" alt=\"5\" title=\"5\" src=\"data:image\/svg+xml;base64,PHN2ZyB3aWR0aD0iMSIgaGVpZ2h0PSIxIiB4bWxucz0iaHR0cDovL3d3dy53My5vcmcvMjAwMC9zdmciPjwvc3ZnPg==\" style=\"--smush-placeholder-width: 523px; --smush-placeholder-aspect-ratio: 523\/730;\" \/><\/div>\n\t\t<\/figure>\n\t<\/div>\n<\/div><\/div><\/div><\/div><\/div><\/div><\/div><\/div><div class=\"vc_row wpb_row vc_row-fluid vc_custom_1723882331606 vc_row-o-content-middle vc_row-flex\" style=\"background-repeat: repeat\"><div class=\"wpb_column vc_column_container vc_col-sm-12\"><div class=\"vc_column-inner\"><div class=\"wpb_wrapper\">\n\t<div class=\"wpb_text_column wpb_content_element\" >\n\t\t<div class=\"wpb_wrapper\">\n\t\t\t<h2 class=\"heading-course\" style=\"font-size: 60px; text-align: center;\"><span style=\"font-size: 25px; line-height: 1.5; word-spacing: 0.1em;\">Course Content<\/span><\/h2>\n\n\t\t<\/div>\n\t<\/div>\n<div class=\"vc_empty_space\"   style=\"height: 30px\"><span class=\"vc_empty_space_inner\"><\/span><\/div><\/div><\/div><\/div><div class=\"wpb_column vc_column_container vc_col-sm-6\"><div class=\"vc_column-inner\"><div class=\"wpb_wrapper\">\n\t<div class=\"wpb_text_column wpb_content_element  vc_custom_1730977251227\" >\n\t\t<div class=\"wpb_wrapper\">\n\t\t\t<p style=\"text-align: center;\">The course covers theory on pressure, skin structure, needle depth, pigment colors, and basic techniques. Students will practice creative eyebrow design on paper and perform hands-on applications on real models.<\/p>\n<p><span style=\"font-family: helvetica; display: flex; justify-content: center;\"><button class=\"mkdf-btn mkdf-btn-medium mkdf-btn-solid popup-chitiet-khoahoc-2\">Details<\/button><\/span><\/p>\n\n\t\t<\/div>\n\t<\/div>\n<\/div><\/div><\/div><div class=\"wpb_column vc_column_container vc_col-sm-6\"><div class=\"vc_column-inner\"><div class=\"wpb_wrapper\">\n\t<div  class=\"wpb_single_image wpb_content_element vc_align_left\">\n\t\t\n\t\t<figure class=\"wpb_wrapper vc_figure\">\n\t\t\t<div class=\"vc_single_image-wrapper   vc_box_border_grey\"><img decoding=\"async\" class=\"vc_single_image-img lazyload\" data-src=\"https:\/\/levanacademy.vn\/wp-content\/uploads\/2024\/10\/6-1-scaled-523x730.jpg\" width=\"523\" height=\"730\" alt=\"6\" title=\"6\" src=\"data:image\/svg+xml;base64,PHN2ZyB3aWR0aD0iMSIgaGVpZ2h0PSIxIiB4bWxucz0iaHR0cDovL3d3dy53My5vcmcvMjAwMC9zdmciPjwvc3ZnPg==\" style=\"--smush-placeholder-width: 523px; --smush-placeholder-aspect-ratio: 523\/730;\" \/><\/div>\n\t\t<\/figure>\n\t<\/div>\n<\/div><\/div><\/div><\/div><div class=\"vc_row wpb_row vc_row-fluid vc_row-o-content-middle vc_row-flex\" style=\"background-repeat: repeat\"><div class=\"wpb_column vc_column_container vc_col-sm-12\"><div class=\"vc_column-inner\"><div class=\"wpb_wrapper\">\n\t<div class=\"wpb_text_column wpb_content_element  vc_custom_1730977322597\" >\n\t\t<div class=\"wpb_wrapper\">\n\t\t\t<h2 class=\"heading-course\" style=\"font-size: 60px; text-align: center;\"><span style=\"font-size: 25px; line-height: 1.5; word-spacing: 0.1em;\">Learning Method<\/span><\/h2>\n\n\t\t<\/div>\n\t<\/div>\n<\/div><\/div><\/div><div class=\"wpb_column vc_column_container vc_col-sm-12\"><div class=\"vc_column-inner\"><div class=\"wpb_wrapper\"><div class=\"vc_empty_space\"   style=\"height: 30px\"><span class=\"vc_empty_space_inner\"><\/span><\/div><div class=\"mkdf-row-grid-section-wrapper\" style=\"background-repeat: repeat\"><div class=\"mkdf-row-grid-section\"><div class=\"vc_row wpb_row vc_inner vc_row-fluid center-element vc_row-o-content-middle vc_row-flex\" ><div class=\"wpb_column vc_column_container vc_col-sm-4\"><div class=\"vc_column-inner\"><div class=\"wpb_wrapper\"><div class=\"vc_empty_space\"   style=\"height: 30px\"><span class=\"vc_empty_space_inner\"><\/span><\/div>\n\t<div  class=\"wpb_single_image wpb_content_element vc_align_center\">\n\t\t\n\t\t<figure class=\"wpb_wrapper vc_figure\">\n\t\t\t<div class=\"vc_single_image-wrapper   vc_box_border_grey\"><img decoding=\"async\" class=\"vc_single_image-img lazyload\" data-src=\"https:\/\/levanacademy.vn\/wp-content\/uploads\/2024\/10\/3-1-scaled-523x730.jpg\" width=\"523\" height=\"730\" alt=\"3\" title=\"3\" src=\"data:image\/svg+xml;base64,PHN2ZyB3aWR0aD0iMSIgaGVpZ2h0PSIxIiB4bWxucz0iaHR0cDovL3d3dy53My5vcmcvMjAwMC9zdmciPjwvc3ZnPg==\" style=\"--smush-placeholder-width: 523px; --smush-placeholder-aspect-ratio: 523\/730;\" \/><\/div>\n\t\t<\/figure>\n\t<\/div>\n\n\t<div class=\"wpb_text_column wpb_content_element\" >\n\t\t<div class=\"wpb_wrapper\">\n\t\t\t<p style=\"text-align: center;\">Day 1: Theory and Basic Practice.<\/p>\n\n\t\t<\/div>\n\t<\/div>\n<\/div><\/div><\/div><div class=\"wpb_column vc_column_container vc_col-sm-4\"><div class=\"vc_column-inner\"><div class=\"wpb_wrapper\"><div class=\"vc_empty_space\"   style=\"height: 30px\"><span class=\"vc_empty_space_inner\"><\/span><\/div>\n\t<div  class=\"wpb_single_image wpb_content_element vc_align_center\">\n\t\t\n\t\t<figure class=\"wpb_wrapper vc_figure\">\n\t\t\t<div class=\"vc_single_image-wrapper   vc_box_border_grey\"><img decoding=\"async\" class=\"vc_single_image-img lazyload\" data-src=\"https:\/\/levanacademy.vn\/wp-content\/uploads\/2024\/10\/8-scaled-523x730.jpg\" width=\"523\" height=\"730\" alt=\"8\" title=\"8\" src=\"data:image\/svg+xml;base64,PHN2ZyB3aWR0aD0iMSIgaGVpZ2h0PSIxIiB4bWxucz0iaHR0cDovL3d3dy53My5vcmcvMjAwMC9zdmciPjwvc3ZnPg==\" style=\"--smush-placeholder-width: 523px; --smush-placeholder-aspect-ratio: 523\/730;\" \/><\/div>\n\t\t<\/figure>\n\t<\/div>\n\n\t<div class=\"wpb_text_column wpb_content_element\" >\n\t\t<div class=\"wpb_wrapper\">\n\t\t\t<p style=\"text-align: center;\">Day 2: Practice and Develop Creative Skills.<\/p>\n\n\t\t<\/div>\n\t<\/div>\n<\/div><\/div><\/div><div class=\"wpb_column vc_column_container vc_col-sm-4\"><div class=\"vc_column-inner\"><div class=\"wpb_wrapper\"><div class=\"vc_empty_space\"   style=\"height: 30px\"><span class=\"vc_empty_space_inner\"><\/span><\/div>\n\t<div  class=\"wpb_single_image wpb_content_element vc_align_center\">\n\t\t\n\t\t<figure class=\"wpb_wrapper vc_figure\">\n\t\t\t<div class=\"vc_single_image-wrapper   vc_box_border_grey\"><img decoding=\"async\" class=\"vc_single_image-img lazyload\" data-src=\"https:\/\/levanacademy.vn\/wp-content\/uploads\/2024\/10\/9-scaled-523x730.jpg\" width=\"523\" height=\"730\" alt=\"9\" title=\"9\" src=\"data:image\/svg+xml;base64,PHN2ZyB3aWR0aD0iMSIgaGVpZ2h0PSIxIiB4bWxucz0iaHR0cDovL3d3dy53My5vcmcvMjAwMC9zdmciPjwvc3ZnPg==\" style=\"--smush-placeholder-width: 523px; --smush-placeholder-aspect-ratio: 523\/730;\" \/><\/div>\n\t\t<\/figure>\n\t<\/div>\n\n\t<div class=\"wpb_text_column wpb_content_element\" >\n\t\t<div class=\"wpb_wrapper\">\n\t\t\t<p style=\"text-align: center;\">Day 3: Hands-On Practice and Certificate Awarding.<\/p>\n\n\t\t<\/div>\n\t<\/div>\n<\/div><\/div><\/div><\/div><\/div><\/div><\/div><\/div><\/div><\/div><div class=\"vc_row wpb_row vc_row-fluid\" style=\"background-repeat: repeat\"><div class=\"wpb_column vc_column_container vc_col-sm-12\"><div class=\"vc_column-inner vc_custom_1723882318650\"><div class=\"wpb_wrapper\">\n\t<div class=\"wpb_text_column wpb_content_element  vc_custom_1730976742075\" >\n\t\t<div class=\"wpb_wrapper\">\n\t\t\t<h2 class=\"heading-course\" style=\"text-align: center;\">Why Students Should Enroll<\/h2>\n<p style=\"text-align: center;\"><span style=\"font-weight: 400;\">The Advanced Hyper Realistic Course is the ideal choice for students with a basic foundation who wish to further develop and become leading experts in the beauty industry.<\/span><\/p>\n\n\t\t<\/div>\n\t<\/div>\n<\/div><\/div><\/div><div class=\"wpb_column vc_column_container vc_col-sm-3\"><div class=\"vc_column-inner\"><div class=\"wpb_wrapper\">\n\t<div class=\"wpb_text_column wpb_content_element  vc_custom_1730976876396\" >\n\t\t<div class=\"wpb_wrapper\">\n\t\t\t<p style=\"text-align: center;\"><span style=\"font-weight: 400;\">An exclusive program featuring the latest techniques and technology, empowering students to make a difference and elevate their skills.<\/span><\/p>\n\n\t\t<\/div>\n\t<\/div>\n<\/div><\/div><\/div><div class=\"wpb_column vc_column_container vc_col-sm-3\"><div class=\"vc_column-inner\"><div class=\"wpb_wrapper\">\n\t<div class=\"wpb_text_column wpb_content_element  vc_custom_1730977445495\" >\n\t\t<div class=\"wpb_wrapper\">\n\t\t\t<p style=\"text-align: center;\"><span style=\"font-weight: 400;\">\u00a0Flexible design thinking with unlimited creativity, yet grounded in scientific precision, delivering perfect results.<\/span><\/p>\n\n\t\t<\/div>\n\t<\/div>\n<\/div><\/div><\/div><div class=\"wpb_column vc_column_container vc_col-sm-3\"><div class=\"vc_column-inner\"><div class=\"wpb_wrapper\">\n\t<div class=\"wpb_text_column wpb_content_element  vc_custom_1730976915798\" >\n\t\t<div class=\"wpb_wrapper\">\n\t\t\t<p style=\"text-align: center;\"><span style=\"font-weight: 400;\">Dedicated support through 1:1 or small group sessions, ensuring students effectively absorb in-depth skills.<\/span><\/p>\n\n\t\t<\/div>\n\t<\/div>\n<\/div><\/div><\/div><div class=\"wpb_column vc_column_container vc_col-sm-3\"><div class=\"vc_column-inner\"><div class=\"wpb_wrapper\">\n\t<div class=\"wpb_text_column wpb_content_element  vc_custom_1730977023390\" >\n\t\t<div class=\"wpb_wrapper\">\n\t\t\t<p style=\"text-align: center;\"><span style=\"font-weight: 400;\">Opportunities to enhance techniques and elevate service value, unlocking significant career growth potential and increasing income.<\/span><\/p>\n\n\t\t<\/div>\n\t<\/div>\n<\/div><\/div><\/div><\/div><div class=\"vc_row wpb_row vc_row-fluid\" style=\"background-repeat: repeat\"><div class=\"wpb_column vc_column_container vc_col-sm-12\"><div class=\"vc_column-inner vc_custom_1723882318650\"><div class=\"wpb_wrapper\">\n\t<div class=\"wpb_text_column wpb_content_element  vc_custom_1730977350312\" >\n\t\t<div class=\"wpb_wrapper\">\n\t\t\t<h2 class=\"heading-course\" style=\"text-align: center;\"><span style=\"font-size: 25px; line-height: 1.5; word-spacing: 0.1em;\">Student Requirements<\/span><\/h2>\n<p style=\"text-align: center;\">Students are required to dedicate 2-3 hours daily to practice and submit assignments. If a student fails to submit assignments for two weeks without prior notice, they will be removed from the course and must pay 50% of the tuition fee to rejoin.<\/p>\n\n\t\t<\/div>\n\t<\/div>\n<div class=\"vc_empty_space\"   style=\"height: 10px\"><span class=\"vc_empty_space_inner\"><\/span><\/div><\/div><\/div><\/div><\/div><div class=\"vc_row wpb_row vc_row-fluid\" style=\"background-repeat: repeat\"><div class=\"wpb_column vc_column_container vc_col-sm-12\"><div class=\"vc_column-inner vc_custom_1723882318650\"><div class=\"wpb_wrapper\">\n\t<div class=\"wpb_text_column wpb_content_element  vc_custom_1730976627949\" >\n\t\t<div class=\"wpb_wrapper\">\n\t\t\t<h2 class=\"heading-course\" style=\"text-align: center;\"><span style=\"font-size: 25px; line-height: 1.5; word-spacing: 0.1em;\">Commitment After Course Completion<\/span><\/h2>\n\n\t\t<\/div>\n\t<\/div>\n<div class=\"vc_empty_space\"   style=\"height: 30px\"><span class=\"vc_empty_space_inner\"><\/span><\/div><\/div><\/div><\/div><\/div><div class=\"vc_row wpb_row vc_row-fluid\" style=\"background-repeat: repeat\"><div class=\"wpb_column vc_column_container vc_col-sm-3\"><div class=\"vc_column-inner\"><div class=\"wpb_wrapper\"><div class=\"mkdf-iwt clearfix  mkdf-iwt-icon-top mkdf-iwt-icon-medium\">\n\t\n\t<div class=\"mkdf-iwt-images\">\n\t\t<div class=\"mkdf-iwt-background\" >\n\t\t\t\t\t\t\t\t\t\t\t\t\t<\/div>\n\t\t\n\t\t<div class=\"mkdf-iwt-icon\">\n\t\t\t\t\t\t\t\t\t\t\t\t    <span class=\"mkdf-icon-shortcode mkdf-normal   mkdf-icon-medium\"  >\n                    <i class=\"mkdf-icon-dripicons dripicon dripicons-clock mkdf-icon-element\" style=\"\" ><\/i>            <\/span>\n\t\t\t\t\t\t\t\t\t\t<\/div>\n\t<\/div>\n\t<div class=\"mkdf-iwt-content\" >\n\t\t\t\t\t\t<h4\t\t\tclass=\"mkdf-iwt-title\" >\n\t\t\t\t\t\t\t<span class=\"mkdf-iwt-title-text\">Continuous Support<\/span>\n\t\t\t\t\t\t<\/h4>\n\t\t\t\t\t<\/div>\n<\/div><div class=\"vc_empty_space\"   style=\"height: 30px\"><span class=\"vc_empty_space_inner\"><\/span><\/div><\/div><\/div><\/div><div class=\"wpb_column vc_column_container vc_col-sm-3\"><div class=\"vc_column-inner\"><div class=\"wpb_wrapper\"><div class=\"mkdf-iwt clearfix  mkdf-iwt-icon-top mkdf-iwt-icon-medium\">\n\t\n\t<div class=\"mkdf-iwt-images\">\n\t\t<div class=\"mkdf-iwt-background\" >\n\t\t\t\t\t\t\t\t\t\t\t\t\t<\/div>\n\t\t\n\t\t<div class=\"mkdf-iwt-icon\">\n\t\t\t\t\t\t\t\t\t\t\t\t    <span class=\"mkdf-icon-shortcode mkdf-normal   mkdf-icon-medium\"  >\n                    <i class=\"mkdf-icon-dripicons dripicon dripicons-upload mkdf-icon-element\" style=\"\" ><\/i>            <\/span>\n\t\t\t\t\t\t\t\t\t\t<\/div>\n\t<\/div>\n\t<div class=\"mkdf-iwt-content\" >\n\t\t\t\t\t\t<h4\t\t\tclass=\"mkdf-iwt-title\" >\n\t\t\t\t\t\t\t<span class=\"mkdf-iwt-title-text\">Knowledge Update<\/span>\n\t\t\t\t\t\t<\/h4>\n\t\t\t\t\t<\/div>\n<\/div><div class=\"vc_empty_space\"   style=\"height: 30px\"><span class=\"vc_empty_space_inner\"><\/span><\/div><\/div><\/div><\/div><div class=\"wpb_column vc_column_container vc_col-sm-3\"><div class=\"vc_column-inner\"><div class=\"wpb_wrapper\"><div class=\"mkdf-iwt clearfix  mkdf-iwt-icon-top mkdf-iwt-icon-medium\">\n\t\n\t<div class=\"mkdf-iwt-images\">\n\t\t<div class=\"mkdf-iwt-background\" >\n\t\t\t\t\t\t\t\t\t\t\t\t\t<\/div>\n\t\t\n\t\t<div class=\"mkdf-iwt-icon\">\n\t\t\t\t\t\t\t\t\t\t\t\t    <span class=\"mkdf-icon-shortcode mkdf-normal   mkdf-icon-medium\"  >\n                    <i class=\"mkdf-icon-dripicons dripicon dripicons-briefcase mkdf-icon-element\" style=\"\" ><\/i>            <\/span>\n\t\t\t\t\t\t\t\t\t\t<\/div>\n\t<\/div>\n\t<div class=\"mkdf-iwt-content\" >\n\t\t\t\t\t\t<h4\t\t\tclass=\"mkdf-iwt-title\" >\n\t\t\t\t\t\t\t<span class=\"mkdf-iwt-title-text\">Providing Career Opportunities<\/span>\n\t\t\t\t\t\t<\/h4>\n\t\t\t\t\t<\/div>\n<\/div><div class=\"vc_empty_space\"   style=\"height: 30px\"><span class=\"vc_empty_space_inner\"><\/span><\/div><\/div><\/div><\/div><div class=\"wpb_column vc_column_container vc_col-sm-3\"><div class=\"vc_column-inner\"><div class=\"wpb_wrapper\"><div class=\"mkdf-iwt clearfix  mkdf-iwt-icon-top mkdf-iwt-icon-medium\">\n\t\n\t<div class=\"mkdf-iwt-images\">\n\t\t<div class=\"mkdf-iwt-background\" >\n\t\t\t\t\t\t\t\t\t\t\t\t\t<\/div>\n\t\t\n\t\t<div class=\"mkdf-iwt-icon\">\n\t\t\t\t\t\t\t\t\t\t\t\t    <span class=\"mkdf-icon-shortcode mkdf-normal   mkdf-icon-medium\"  >\n                    <i class=\"mkdf-icon-dripicons dripicon dripicons-checkmark mkdf-icon-element\" style=\"\" ><\/i>            <\/span>\n\t\t\t\t\t\t\t\t\t\t<\/div>\n\t<\/div>\n\t<div class=\"mkdf-iwt-content\" >\n\t\t\t\t\t\t<h4\t\t\tclass=\"mkdf-iwt-title\" >\n\t\t\t\t\t\t\t<span class=\"mkdf-iwt-title-text\">Course Completion Certificate<\/span>\n\t\t\t\t\t\t<\/h4>\n\t\t\t\t\t<\/div>\n<\/div><div class=\"vc_empty_space\"   style=\"height: 30px\"><span class=\"vc_empty_space_inner\"><\/span><\/div><\/div><\/div><\/div><\/div>\n<\/div>","protected":false},"excerpt":{"rendered":"<p>Kh\u00f3a H\u1ecdc Kh\u00f3a h\u1ecdc l\u00f4ng m\u00e0y &#8211; Hyper Realistic(N\u00e2ng Cao) Kh\u00f3a h\u1ecdc Hyper Realistic N\u00e2ng Cao \u0111\u01b0\u1ee3c thi\u1ebft k\u1ebf d\u00e0nh ri\u00eang cho nh\u1eefng h\u1ecdc vi\u00ean \u0111\u00e3 ho\u00e0n th\u00e0nh kh\u00f3a \u0111\u00e0o t\u1ea1o Hyper Realistic c\u01a1 b\u1ea3n v\u00e0 mong mu\u1ed1n c\u1eadp nh\u1eadt [&hellip;]<\/p>","protected":false},"author":1,"featured_media":0,"parent":0,"menu_order":0,"comment_status":"closed","ping_status":"closed","template":"","meta":{"footnotes":""},"class_list":["post-4099","page","type-page","status-publish","hentry"],"_links":{"self":[{"href":"https:\/\/levanacademy.vn\/en\/wp-json\/wp\/v2\/pages\/4099","targetHints":{"allow":["GET"]}}],"collection":[{"href":"https:\/\/levanacademy.vn\/en\/wp-json\/wp\/v2\/pages"}],"about":[{"href":"https:\/\/levanacademy.vn\/en\/wp-json\/wp\/v2\/types\/page"}],"author":[{"embeddable":true,"href":"https:\/\/levanacademy.vn\/en\/wp-json\/wp\/v2\/users\/1"}],"replies":[{"embeddable":true,"href":"https:\/\/levanacademy.vn\/en\/wp-json\/wp\/v2\/comments?post=4099"}],"version-history":[{"count":32,"href":"https:\/\/levanacademy.vn\/en\/wp-json\/wp\/v2\/pages\/4099\/revisions"}],"predecessor-version":[{"id":4832,"href":"https:\/\/levanacademy.vn\/en\/wp-json\/wp\/v2\/pages\/4099\/revisions\/4832"}],"wp:attachment":[{"href":"https:\/\/levanacademy.vn\/en\/wp-json\/wp\/v2\/media?parent=4099"}],"curies":[{"name":"wp","href":"https:\/\/api.w.org\/{rel}","templated":true}]}}