{"id":4107,"date":"2024-09-04T11:32:28","date_gmt":"2024-09-04T04:32:28","guid":{"rendered":"https:\/\/levanacademy.com\/?page_id=4107"},"modified":"2024-11-07T02:42:32","modified_gmt":"2024-11-06T19:42:32","slug":"khoa-hoc-phun-moi","status":"publish","type":"page","link":"https:\/\/levanacademy.vn\/en\/khoa-hoc-phun-moi\/","title":{"rendered":"Lip Blush Course"},"content":{"rendered":"<div class=\"wpb-content-wrapper\"><div class=\"vc_row wpb_row vc_row-fluid vc_custom_1723882331606 vc_row-o-content-middle vc_row-flex\" style=\"background-repeat: repeat\"><div class=\"wpb_column vc_column_container vc_col-sm-6\"><div class=\"vc_column-inner\"><div class=\"wpb_wrapper\">\n\t<div  class=\"wpb_single_image wpb_content_element vc_align_left\">\n\t\t\n\t\t<figure class=\"wpb_wrapper vc_figure\">\n\t\t\t<div class=\"vc_single_image-wrapper   vc_box_border_grey\"><img decoding=\"async\" class=\"vc_single_image-img lazyload\" data-src=\"https:\/\/levanacademy.vn\/wp-content\/uploads\/2024\/10\/anh-bia-5-scaled-523x730.jpg\" width=\"523\" height=\"730\" alt=\"\u1ea3nh b\u00eca\" title=\"\u1ea3nh b\u00eca\" src=\"data:image\/svg+xml;base64,PHN2ZyB3aWR0aD0iMSIgaGVpZ2h0PSIxIiB4bWxucz0iaHR0cDovL3d3dy53My5vcmcvMjAwMC9zdmciPjwvc3ZnPg==\" style=\"--smush-placeholder-width: 523px; --smush-placeholder-aspect-ratio: 523\/730;\" \/><\/div>\n\t\t<\/figure>\n\t<\/div>\n<\/div><\/div><\/div><div class=\"wpb_column vc_column_container vc_col-sm-6\"><div class=\"vc_column-inner\"><div class=\"wpb_wrapper\">\n\t<div class=\"wpb_text_column wpb_content_element  vc_custom_1730912844286\" >\n\t\t<div class=\"wpb_wrapper\">\n\t\t\t<p>Courses<\/p>\n<h2 class=\"heading-course\" style=\"text-align: center;\"><span style=\"font-size: 25px; line-height: 1.5; word-spacing: 0.1em;\">Lip Blush Course<\/span><\/h2>\n<p><span style=\"font-weight: 400;\">Kh\u00f3a h\u1ecdc phun m\u00f4i Rebolips gi\u1edbi thi\u1ec7u t\u01b0 duy kh\u00e1c bi\u1ec7t v\u1edbi k\u1ef9 thu\u1eadt b\u00f3c t\u00e1ch s\u1eafc t\u1ed1 th\u00e2m b\u1eb1ng n\u01b0\u1edbc, mang l\u1ea1i \u0111\u00f4i m\u00f4i trong tr\u1ebbo v\u00e0 t\u01b0\u01a1i s\u00e1ng. V\u1edbi c\u00f4ng th\u1ee9c \u0111\u01a1n gi\u1ea3n, d\u1ec5 \u00e1p d\u1ee5ng v\u00e0 kh\u00f4ng \u0111\u00f2i h\u1ecfi m\u1ea5t qu\u00e1 nhi\u1ec1u th\u1eddi gian luy\u1ec7n t\u1eadp k\u1ef9 thu\u1eadt, kh\u00f3a h\u1ecdc gi\u00fap b\u1ea1n nhanh ch\u00f3ng n\u1eafm v\u1eefng tay ngh\u1ec1 v\u00e0 t\u1ea1o ra k\u1ebft qu\u1ea3 t\u1ef1 nhi\u00ean, m\u1ec1m m\u1ecbn.<\/span><\/p>\n<p><span style=\"display: flex; justify-content: center;\"><button class=\"mkdf-btn mkdf-btn-medium mkdf-btn-solid popup-datlich-khoahoc\">Book Now<\/button><\/span><\/p>\n\n\t\t<\/div>\n\t<\/div>\n<\/div><\/div><\/div><\/div><div class=\"vc_row wpb_row vc_row-fluid\" style=\"background-repeat: repeat\"><div class=\"wpb_column vc_column_container vc_col-sm-12\"><div class=\"vc_column-inner vc_custom_1723882318650\"><div class=\"wpb_wrapper\"><div class=\"vc_empty_space\"   style=\"height: 32px\"><span class=\"vc_empty_space_inner\"><\/span><\/div>\n\t<div class=\"wpb_text_column wpb_content_element  vc_custom_1730456391510\" >\n\t\t<div class=\"wpb_wrapper\">\n\t\t\t<h2 class=\"heading-course\" style=\"text-align: center;\"><span style=\"font-size: 25px; line-height: 1.5; word-spacing: 0.1em;\">Course Goals<\/span><\/h2>\n<p>Gi\u00fap h\u1ecdc vi\u00ean c\u00f3 c\u00e1c ki\u1ebfn th\u1ee9c c\u01a1 b\u1ea3n v\u00e0 n\u00e2ng cao v\u1ec1 c\u1ea5u tr\u00fac v\u00e0 ch\u1ee9c n\u0103ng c\u1ee7a m\u00f4i. Cung c\u1ea5p l\u00fd thuy\u1ebft v\u00e0 th\u1ef1c h\u00e0nh v\u1ec1 c\u00e1c lo\u1ea1i m\u00e0u s\u1eafc v\u00e0 c\u00e1ch l\u1ef1a ch\u1ecdn m\u00e0u phun ph\u00f9 h\u1ee3p v\u1edbi t\u1eebng lo\u1ea1i m\u00f4i. H\u01b0\u1edbng d\u1eabn k\u1ef9 thu\u1eadt phun m\u00f4i chuy\u00ean nghi\u1ec7p, t\u1eeb c\u00e1ch c\u1ea7m m\u00e1y, th\u1eddi gian l\u01b0u kim, \u0111\u1ebfn vi\u1ec7c \u0111i\u1ec1u ch\u1ec9nh t\u1ed1c \u0111\u1ed9 v\u00e0 \u00e1p l\u1ef1c. \u0110\u1ea3m b\u1ea3o h\u1ecdc vi\u00ean n\u1eafm v\u1eefng quy tr\u00ecnh ch\u0103m s\u00f3c sau khi phun m\u00f4i \u0111\u1ec3 duy tr\u00ec m\u00e0u s\u1eafc v\u00e0 s\u1ee9c kh\u1ecfe cho m\u00f4i.<\/p>\n\n\t\t<\/div>\n\t<\/div>\n<\/div><\/div><\/div><\/div><div class=\"vc_row wpb_row vc_row-fluid vc_row-o-content-middle vc_row-flex\" style=\"background-repeat: repeat\"><div class=\"wpb_column vc_column_container vc_col-sm-12\"><div class=\"vc_column-inner\"><div class=\"wpb_wrapper\"><div class=\"vc_row wpb_row vc_inner vc_row-fluid center-element vc_custom_1724145613915 vc_column-gap-10 vc_row-o-content-middle vc_row-flex\" style=\"background-repeat: repeat\"><div class=\"wpb_column vc_column_container vc_col-sm-2\/5\"><div class=\"vc_column-inner\"><div class=\"wpb_wrapper\"><div class=\"vc_empty_space\"   style=\"height: 30px\"><span class=\"vc_empty_space_inner\"><\/span><\/div>\n\t<div  class=\"wpb_single_image wpb_content_element vc_align_center\">\n\t\t\n\t\t<figure class=\"wpb_wrapper vc_figure\">\n\t\t\t<div class=\"vc_single_image-wrapper   vc_box_border_grey\"><img decoding=\"async\" class=\"vc_single_image-img lazyload\" data-src=\"https:\/\/levanacademy.vn\/wp-content\/uploads\/2024\/10\/4-2-scaled-523x730.jpg\" width=\"523\" height=\"730\" alt=\"4\" title=\"4\" src=\"data:image\/svg+xml;base64,PHN2ZyB3aWR0aD0iMSIgaGVpZ2h0PSIxIiB4bWxucz0iaHR0cDovL3d3dy53My5vcmcvMjAwMC9zdmciPjwvc3ZnPg==\" style=\"--smush-placeholder-width: 523px; --smush-placeholder-aspect-ratio: 523\/730;\" \/><\/div>\n\t\t<\/figure>\n\t<\/div>\n<\/div><\/div><\/div><div class=\"wpb_column vc_column_container vc_col-sm-2\/5\"><div class=\"vc_column-inner\"><div class=\"wpb_wrapper\"><div class=\"vc_empty_space\"   style=\"height: 30px\"><span class=\"vc_empty_space_inner\"><\/span><\/div>\n\t<div  class=\"wpb_single_image wpb_content_element vc_align_center\">\n\t\t\n\t\t<figure class=\"wpb_wrapper vc_figure\">\n\t\t\t<div class=\"vc_single_image-wrapper   vc_box_border_grey\"><img decoding=\"async\" class=\"vc_single_image-img lazyload\" data-src=\"https:\/\/levanacademy.vn\/wp-content\/uploads\/2024\/10\/5-2-scaled-523x730.jpg\" width=\"523\" height=\"730\" alt=\"5\" title=\"5\" src=\"data:image\/svg+xml;base64,PHN2ZyB3aWR0aD0iMSIgaGVpZ2h0PSIxIiB4bWxucz0iaHR0cDovL3d3dy53My5vcmcvMjAwMC9zdmciPjwvc3ZnPg==\" style=\"--smush-placeholder-width: 523px; --smush-placeholder-aspect-ratio: 523\/730;\" \/><\/div>\n\t\t<\/figure>\n\t<\/div>\n<\/div><\/div><\/div><\/div><\/div><\/div><\/div><\/div><div class=\"vc_row wpb_row vc_row-fluid vc_custom_1723882331606 vc_row-o-content-middle vc_row-flex\" style=\"background-repeat: repeat\"><div class=\"wpb_column vc_column_container vc_col-sm-12\"><div class=\"vc_column-inner\"><div class=\"wpb_wrapper\">\n\t<div class=\"wpb_text_column wpb_content_element\" >\n\t\t<div class=\"wpb_wrapper\">\n\t\t\t<h2 class=\"heading-course\" style=\"text-align: center;\"><span style=\"font-size: 25px; line-height: 1.5; word-spacing: 0.1em;\">Course Content<\/span><\/h2>\n\n\t\t<\/div>\n\t<\/div>\n<div class=\"vc_empty_space\"   style=\"height: 20px\"><span class=\"vc_empty_space_inner\"><\/span><\/div><\/div><\/div><\/div><div class=\"wpb_column vc_column_container vc_col-sm-6\"><div class=\"vc_column-inner\"><div class=\"wpb_wrapper\">\n\t<div class=\"wpb_text_column wpb_content_element  vc_custom_1730456415529\" >\n\t\t<div class=\"wpb_wrapper\">\n\t\t\t<p>Kh\u00f3a h\u1ecdc cung c\u1ea5p ki\u1ebfn th\u1ee9c v\u1ec1 c\u1ea5u tr\u00fac v\u00e0 ch\u1ee9c n\u0103ng c\u1ee7a m\u00f4i, nguy\u00ean l\u00fd m\u00e0u s\u1eafc, k\u1ef9 thu\u1eadt phun m\u00f4i chuy\u00ean nghi\u1ec7p, c\u00e1ch s\u1eed d\u1ee5ng thi\u1ebft b\u1ecb v\u00e0 d\u1ee5ng c\u1ee5 phun m\u00f4i, quy tr\u00ecnh ch\u0103m s\u00f3c sau phun, v\u00e0 x\u1eed l\u00fd c\u00e1c tr\u01b0\u1eddng h\u1ee3p \u0111\u1eb7c bi\u1ec7t nh\u01b0 m\u00f4i th\u00e2m, m\u00f4i c\u00f3 n\u1ebfp nh\u0103n, v\u00e0 c\u00e1c v\u1ea5n \u0111\u1ec1 da m\u00f4i kh\u00e1c.<\/p>\n<p><span style=\"display: flex; justify-content: center;\"><button class=\"mkdf-btn mkdf-btn-medium mkdf-btn-solid popup-chitiet-khoahoc-3\">Details<\/button><\/span><\/p>\n\n\t\t<\/div>\n\t<\/div>\n<\/div><\/div><\/div><div class=\"wpb_column vc_column_container vc_col-sm-6\"><div class=\"vc_column-inner\"><div class=\"wpb_wrapper\">\n\t<div  class=\"wpb_single_image wpb_content_element vc_align_left\">\n\t\t\n\t\t<figure class=\"wpb_wrapper vc_figure\">\n\t\t\t<div class=\"vc_single_image-wrapper   vc_box_border_grey\"><img decoding=\"async\" class=\"vc_single_image-img lazyload\" data-src=\"https:\/\/levanacademy.vn\/wp-content\/uploads\/2024\/10\/6-2-scaled-523x730.jpg\" width=\"523\" height=\"730\" alt=\"6\" title=\"6\" src=\"data:image\/svg+xml;base64,PHN2ZyB3aWR0aD0iMSIgaGVpZ2h0PSIxIiB4bWxucz0iaHR0cDovL3d3dy53My5vcmcvMjAwMC9zdmciPjwvc3ZnPg==\" style=\"--smush-placeholder-width: 523px; --smush-placeholder-aspect-ratio: 523\/730;\" \/><\/div>\n\t\t<\/figure>\n\t<\/div>\n<\/div><\/div><\/div><\/div><div class=\"vc_row wpb_row vc_row-fluid vc_custom_1723882331606 vc_row-o-content-middle vc_row-flex\" style=\"background-repeat: repeat\"><div class=\"wpb_column vc_column_container vc_col-sm-12\"><div class=\"vc_column-inner\"><div class=\"wpb_wrapper\">\n\t<div class=\"wpb_text_column wpb_content_element\" >\n\t\t<div class=\"wpb_wrapper\">\n\t\t\t<h2 class=\"heading-course\" style=\"text-align: center;\">\u0110i\u1ec3m \u0110\u1eb7c Bi\u1ec7t c\u1ee7a Kh\u00f3a H\u1ecdc<\/h2>\n\n\t\t<\/div>\n\t<\/div>\n<div class=\"vc_empty_space\"   style=\"height: 20px\"><span class=\"vc_empty_space_inner\"><\/span><\/div><\/div><\/div><\/div><div class=\"wpb_column vc_column_container vc_col-sm-6\"><div class=\"vc_column-inner\"><div class=\"wpb_wrapper\">\n\t<div class=\"wpb_text_column wpb_content_element  vc_custom_1730920772329\" >\n\t\t<div class=\"wpb_wrapper\">\n\t\t\t<p style=\"text-align: center;\"><strong>\u00a0Ph\u01b0\u01a1ng Ph\u00e1p T\u1ef1 Tin S\u1eeda L\u1ed7i Phun M\u00f4i 100%<\/strong><\/p>\n<p style=\"text-align: center;\"><span style=\"font-weight: 400;\">Kh\u00f3a h\u1ecdc Rebolips Natural \u0111\u01b0\u1ee3c thi\u1ebft k\u1ebf \u0111\u1eb7c bi\u1ec7t \u0111\u1ec3 gi\u00fap h\u1ecdc vi\u00ean t\u1ef1 tin x\u1eed l\u00fd c\u00e1c l\u1ed7i th\u01b0\u1eddng g\u1eb7p khi phun m\u00f4i m\u00e0 kh\u00f4ng c\u1ea7n y\u00eau c\u1ea7u k\u1ef9 thu\u1eadt qu\u00e1 cao. \u0110i\u1ec1u n\u00e0y \u0111\u1ea3m b\u1ea3o h\u1ecdc vi\u00ean c\u00f3 th\u1ec3 t\u1ea1o ra k\u1ebft qu\u1ea3 m\u00f4i trong veo, kh\u00f4ng c\u1eb7n m\u1ef1c v\u00e0 \u0111\u1ea1t \u0111\u01b0\u1ee3c s\u1ef1 h\u00e0i l\u00f2ng c\u1ee7a kh\u00e1ch h\u00e0ng.<\/span><\/p>\n\n\t\t<\/div>\n\t<\/div>\n<\/div><\/div><\/div><div class=\"wpb_column vc_column_container vc_col-sm-6\"><div class=\"vc_column-inner\"><div class=\"wpb_wrapper\">\n\t<div class=\"wpb_text_column wpb_content_element  vc_custom_1730920779974\" >\n\t\t<div class=\"wpb_wrapper\">\n\t\t\t<p style=\"text-align: center;\"><span style=\"font-weight: 400;\">\u00a0<strong>D\u1ec5 D\u00e0ng Cho Ng\u01b0\u1eddi c\u00f3 k\u0129 n\u0103ng ch\u01b0a t\u1ed1t<\/strong><\/span><\/p>\n<p style=\"text-align: center;\"><span style=\"font-weight: 400;\">T\u01b0 duy \u0111\u01a1n gi\u1ea3n m\u1ecdi v\u1ea5n \u0111\u1ec1 t\u1eeb m\u00f4i nh\u01b0ng c\u00f3 h\u1ec7 th\u1ed1ng x\u1eed l\u00fd c\u00e1c v\u1ea5n \u0111\u1ec1 c\u1ee7a m\u00f4i chi ti\u1ebft, d\u1ec5 hi\u1ec3u gi\u00fap h\u1ecdc vi\u00ean c\u00f3 th\u1ec3 th\u1ef1c hi\u1ec7n k\u1ef9 thu\u1eadt m\u1ed9t c\u00e1ch ch\u00ednh x\u00e1c, \u0111\u1ea1t hi\u1ec7u qu\u1ea3 m\u00e0 kh\u00f4ng ph\u1ea3i lo l\u1eafng v\u1ec1 vi\u1ec7c thi\u1ebfu kinh nghi\u1ec7m.<\/span><\/p>\n\n\t\t<\/div>\n\t<\/div>\n<\/div><\/div><\/div><div class=\"wpb_column vc_column_container vc_col-sm-6\"><div class=\"vc_column-inner\"><div class=\"wpb_wrapper\">\n\t<div class=\"wpb_text_column wpb_content_element  vc_custom_1730920810667\" >\n\t\t<div class=\"wpb_wrapper\">\n\t\t\t<p style=\"text-align: center;\"><strong>C\u00f4ng Ngh\u1ec7 v\u00e0 K\u1ef9 Thu\u1eadt \u0110\u1ed9c Quy\u1ec1n<\/strong><\/p>\n<p style=\"text-align: center;\"><span style=\"font-weight: 400;\">K\u1ef9 thu\u1eadt phun m\u00f4i Rebolips v\u1edbi c\u00f4ng th\u1ee9c v\u00e0 c\u00e1ch th\u1ee9c th\u1ef1c hi\u1ec7n \u0111\u01b0\u1ee3c t\u1ed1i \u01b0u h\u00f3a \u0111\u1ec3 m\u00f4i sau khi l\u00e0nh kh\u00f4ng c\u00f2n c\u1eb7n m\u1ef1c v\u00e0 \u0111\u1ea3m b\u1ea3o s\u1ef1 m\u1ec1m m\u1ecbn t\u1ef1 nhi\u00ean.\u00a0<\/span><span style=\"font-weight: 400;\">Ph\u01b0\u01a1ng ph\u00e1p b\u00f3c t\u00e1ch m\u00e0u th\u00e2m t\u1eeb n\u01b0\u1edbc v\u00e0 c\u00e1c k\u1ef9 thu\u1eadt s\u1eed d\u1ee5ng s\u1ea3n ph\u1ea9m h\u1ed7 tr\u1ee3 nh\u01b0 **Soha** v\u00e0 **Remove** gi\u00fap t\u00e1i t\u1ea1o l\u00e0n da m\u00f4i m\u1edbi v\u00e0 gi\u1eef m\u00e0u \u0111\u1ec1u \u0111\u1eb9p.<\/span><\/p>\n\n\t\t<\/div>\n\t<\/div>\n<\/div><\/div><\/div><div class=\"wpb_column vc_column_container vc_col-sm-6\"><div class=\"vc_column-inner\"><div class=\"wpb_wrapper\">\n\t<div class=\"wpb_text_column wpb_content_element  vc_custom_1730920827290\" >\n\t\t<div class=\"wpb_wrapper\">\n\t\t\t<p style=\"text-align: center;\"><strong>Hi\u1ec7u Qu\u1ea3 Cao m\u00e0 Kh\u00f4ng C\u1ea7n K\u1ef9 Thu\u1eadt Qu\u00e1 Cao<\/strong><\/p>\n<p style=\"text-align: center;\"><span style=\"font-weight: 400;\">Kh\u00f3a h\u1ecdc t\u1eadp trung v\u00e0o vi\u1ec7c gi\u00fap h\u1ecdc vi\u00ean th\u1ef1c hi\u1ec7n th\u00e0nh c\u00f4ng ngay c\u1ea3 khi kh\u00f4ng c\u00f3 n\u1ec1n t\u1ea3ng k\u1ef9 thu\u1eadt cao. <\/span><span style=\"font-weight: 400;\">H\u1ecdc vi\u00ean s\u1ebd h\u1ecdc c\u00e1ch t\u1ea1o ra l\u1edbp phun m\u00f4i m\u1ecfng nh\u1eb9, kh\u00f4ng \u0111\u1ec3 l\u1ea1i c\u1eb7n, \u0111\u1ed3ng th\u1eddi gi\u1eef \u0111\u01b0\u1ee3c \u0111\u1ed9 b\u00f3ng v\u00e0 m\u00e0u s\u1eafc t\u1ef1 nhi\u00ean, t\u1ea1o s\u1ef1 kh\u00e1c bi\u1ec7t tr\u00ean th\u1ecb tr\u01b0\u1eddng.<\/span><\/p>\n\n\t\t<\/div>\n\t<\/div>\n<\/div><\/div><\/div><\/div><div class=\"vc_row wpb_row vc_row-fluid vc_row-o-content-middle vc_row-flex\" style=\"background-repeat: repeat\"><div class=\"wpb_column vc_column_container vc_col-sm-12\"><div class=\"vc_column-inner\"><div class=\"wpb_wrapper\">\n\t<div class=\"wpb_text_column wpb_content_element  vc_custom_1729656112799\" >\n\t\t<div class=\"wpb_wrapper\">\n\t\t\t<h2 class=\"heading-course\" style=\"text-align: center;\"><span style=\"font-family: helvetica; font-size: 25px; line-height: 1.5; word-spacing: 0.1em;\">Learning Method<\/span><\/h2>\n\n\t\t<\/div>\n\t<\/div>\n<\/div><\/div><\/div><div class=\"wpb_column vc_column_container vc_col-sm-12\"><div class=\"vc_column-inner\"><div class=\"wpb_wrapper\"><div class=\"vc_empty_space\"   style=\"height: 30px\"><span class=\"vc_empty_space_inner\"><\/span><\/div><div class=\"vc_row wpb_row vc_inner vc_row-fluid center-element vc_row-o-content-top vc_row-flex\" style=\"background-repeat: repeat\"><div class=\"wpb_column vc_column_container vc_col-sm-6\"><div class=\"vc_column-inner\"><div class=\"wpb_wrapper\"><div class=\"vc_empty_space\"   style=\"height: 30px\"><span class=\"vc_empty_space_inner\"><\/span><\/div>\n\t<div  class=\"wpb_single_image wpb_content_element vc_align_center\">\n\t\t\n\t\t<figure class=\"wpb_wrapper vc_figure\">\n\t\t\t<div class=\"vc_single_image-wrapper   vc_box_border_grey\"><img decoding=\"async\" class=\"vc_single_image-img lazyload\" data-src=\"https:\/\/levanacademy.vn\/wp-content\/uploads\/2024\/10\/2-2-scaled-523x730.jpg\" width=\"523\" height=\"730\" alt=\"2\" title=\"2\" src=\"data:image\/svg+xml;base64,PHN2ZyB3aWR0aD0iMSIgaGVpZ2h0PSIxIiB4bWxucz0iaHR0cDovL3d3dy53My5vcmcvMjAwMC9zdmciPjwvc3ZnPg==\" style=\"--smush-placeholder-width: 523px; --smush-placeholder-aspect-ratio: 523\/730;\" \/><\/div>\n\t\t<\/figure>\n\t<\/div>\n\n\t<div class=\"wpb_text_column wpb_content_element\" >\n\t\t<div class=\"wpb_wrapper\">\n\t\t\t<p style=\"text-align: center;\">Ng\u00e0y 1:\u00a0 H\u1ecdc l\u00e0m quen k\u0129 thu\u1eadt v\u00e0 th\u1ef1c h\u00e0nh.<\/p>\n\n\t\t<\/div>\n\t<\/div>\n<\/div><\/div><\/div><div class=\"wpb_column vc_column_container vc_col-sm-6\"><div class=\"vc_column-inner\"><div class=\"wpb_wrapper\"><div class=\"vc_empty_space\"   style=\"height: 30px\"><span class=\"vc_empty_space_inner\"><\/span><\/div>\n\t<div  class=\"wpb_single_image wpb_content_element vc_align_center\">\n\t\t\n\t\t<figure class=\"wpb_wrapper vc_figure\">\n\t\t\t<div class=\"vc_single_image-wrapper   vc_box_border_grey\"><img decoding=\"async\" class=\"vc_single_image-img lazyload\" data-src=\"https:\/\/levanacademy.vn\/wp-content\/uploads\/2024\/10\/7-2-scaled-523x730.jpg\" width=\"523\" height=\"730\" alt=\"7\" title=\"7\" src=\"data:image\/svg+xml;base64,PHN2ZyB3aWR0aD0iMSIgaGVpZ2h0PSIxIiB4bWxucz0iaHR0cDovL3d3dy53My5vcmcvMjAwMC9zdmciPjwvc3ZnPg==\" style=\"--smush-placeholder-width: 523px; --smush-placeholder-aspect-ratio: 523\/730;\" \/><\/div>\n\t\t<\/figure>\n\t<\/div>\n\n\t<div class=\"wpb_text_column wpb_content_element\" >\n\t\t<div class=\"wpb_wrapper\">\n\t\t\t<p style=\"text-align: center;\">Ng\u00e0y 2: Th\u1ef1c h\u00e0nh v\u00e0 trao b\u1eb1ng ch\u1ee9ng nh\u1eadn.<\/p>\n\n\t\t<\/div>\n\t<\/div>\n<\/div><\/div><\/div><\/div><\/div><\/div><\/div><\/div><div class=\"vc_row wpb_row vc_row-fluid\" style=\"background-repeat: repeat\"><div class=\"wpb_column vc_column_container vc_col-sm-12\"><div class=\"vc_column-inner vc_custom_1723882318650\"><div class=\"wpb_wrapper\">\n\t<div class=\"wpb_text_column wpb_content_element  vc_custom_1730456451607\" >\n\t\t<div class=\"wpb_wrapper\">\n\t\t\t<h2 class=\"heading-course\" style=\"text-align: center;\"><span style=\"font-size: 25px; line-height: 1.5; word-spacing: 0.1em;\">Student Requirements<\/span><\/h2>\n<p>Students are required to dedicate 2-3 hours daily to practice and submit assignments. If a student fails to submit assignments for two weeks without prior notice, they will be removed from the course and must pay 50% of the tuition fee to rejoin.<\/p>\n\n\t\t<\/div>\n\t<\/div>\n<div class=\"vc_empty_space\"   style=\"height: 30px\"><span class=\"vc_empty_space_inner\"><\/span><\/div><\/div><\/div><\/div><\/div><div class=\"vc_row wpb_row vc_row-fluid\" style=\"background-repeat: repeat\"><div class=\"wpb_column vc_column_container vc_col-sm-12\"><div class=\"vc_column-inner vc_custom_1723882318650\"><div class=\"wpb_wrapper\">\n\t<div class=\"wpb_text_column wpb_content_element  vc_custom_1730922024615\" >\n\t\t<div class=\"wpb_wrapper\">\n\t\t\t<h2 class=\"heading-course\" style=\"text-align: center;\"><span style=\"font-weight: 400;\">L\u00fd Do N\u00ean \u0110\u0103ng K\u00fd Ngay<\/span><\/h2>\n<p class=\"heading-course\" style=\"text-align: center;\"><span style=\"font-weight: 400;\"><br \/>\nKh\u00f3a h\u1ecdc Rebolips Natural N\u00e2ng Cao\u00a0 l\u00e0 b\u01b0\u1edbc \u0111\u1ec7m ho\u00e0n h\u1ea3o \u0111\u1ec3 h\u1ecdc vi\u00ean c\u1ea3i thi\u1ec7n k\u1ef9 n\u0103ng v\u00e0 n\u00e2ng cao ch\u1ea5t l\u01b0\u1ee3ng d\u1ecbch v\u1ee5 phun m\u00f4i c\u1ee7a m\u00ecnh.<br \/>\n<\/span><\/p>\n\n\t\t<\/div>\n\t<\/div>\n<div class=\"vc_empty_space\"   style=\"height: 30px\"><span class=\"vc_empty_space_inner\"><\/span><\/div><\/div><\/div><\/div><\/div><div class=\"vc_row wpb_row vc_row-fluid\" style=\"background-repeat: repeat\"><div class=\"wpb_column vc_column_container vc_col-sm-3\"><div class=\"vc_column-inner\"><div class=\"wpb_wrapper\"><div class=\"mkdf-iwt clearfix  mkdf-iwt-icon-top mkdf-iwt-icon-medium\">\n\t\n\t<div class=\"mkdf-iwt-images\">\n\t\t<div class=\"mkdf-iwt-background\" >\n\t\t\t\t\t\t\t\t\t\t\t\t\t<\/div>\n\t\t\n\t\t<div class=\"mkdf-iwt-icon\">\n\t\t\t\t\t\t\t\t\t\t\t\t    <span class=\"mkdf-icon-shortcode mkdf-normal   mkdf-icon-medium\"  >\n                    <i class=\"mkdf-icon-dripicons dripicon dripicons-clock mkdf-icon-element\" style=\"\" ><\/i>            <\/span>\n\t\t\t\t\t\t\t\t\t\t<\/div>\n\t<\/div>\n\t<div class=\"mkdf-iwt-content\" >\n\t\t\t\t\t\t<h4\t\t\tclass=\"mkdf-iwt-title\" >\n\t\t\t\t\t\t\t<span class=\"mkdf-iwt-title-text\">C\u1eadp nh\u1eadt c\u00f4ng ngh\u1ec7 m\u1edbi nh\u1ea5t<\/span>\n\t\t\t\t\t\t<\/h4>\n\t\t\t\t\t\t\t<p class=\"mkdf-iwt-text\" >Kh\u00f3a h\u1ecdc mang l\u1ea1i ki\u1ebfn th\u1ee9c v\u00e0 k\u1ef9 thu\u1eadt \u0111\u1ed9c quy\u1ec1n gi\u00fap h\u1ecdc vi\u00ean tr\u1edf n\u00ean chuy\u00ean nghi\u1ec7p h\u01a1n.<\/p>\n\t\t\t<\/div>\n<\/div><div class=\"vc_empty_space\"   style=\"height: 30px\"><span class=\"vc_empty_space_inner\"><\/span><\/div><\/div><\/div><\/div><div class=\"wpb_column vc_column_container vc_col-sm-3\"><div class=\"vc_column-inner\"><div class=\"wpb_wrapper\"><div class=\"mkdf-iwt clearfix  mkdf-iwt-icon-top mkdf-iwt-icon-medium\">\n\t\n\t<div class=\"mkdf-iwt-images\">\n\t\t<div class=\"mkdf-iwt-background\" >\n\t\t\t\t\t\t\t\t\t\t\t\t\t<\/div>\n\t\t\n\t\t<div class=\"mkdf-iwt-icon\">\n\t\t\t\t\t\t\t\t\t\t\t\t    <span class=\"mkdf-icon-shortcode mkdf-normal   mkdf-icon-medium\"  >\n                    <i class=\"mkdf-icon-simple-line-icon icon-chemistry mkdf-icon-element\" style=\"\" ><\/i>            <\/span>\n\t\t\t\t\t\t\t\t\t\t<\/div>\n\t<\/div>\n\t<div class=\"mkdf-iwt-content\" >\n\t\t\t\t\t\t<h4\t\t\tclass=\"mkdf-iwt-title\" >\n\t\t\t\t\t\t\t<span class=\"mkdf-iwt-title-text\">K\u1ef9 thu\u1eadt phun m\u00f4i kh\u00f4ng c\u1eb7n m\u1ef1c<\/span>\n\t\t\t\t\t\t<\/h4>\n\t\t\t\t\t\t\t<p class=\"mkdf-iwt-text\" >\u0110\u1ea3m b\u1ea3o m\u00f4i sau khi phun c\u00f3 m\u00e0u s\u1eafc trong tr\u1ebbo, b\u00f3ng m\u1ecbn m\u00e0 kh\u00f4ng \u0111\u1ec3 l\u1ea1i d\u1ea5u v\u1ebft c\u1eb7n m\u1ef1c.<\/p>\n\t\t\t<\/div>\n<\/div><div class=\"vc_empty_space\"   style=\"height: 30px\"><span class=\"vc_empty_space_inner\"><\/span><\/div><\/div><\/div><\/div><div class=\"wpb_column vc_column_container vc_col-sm-3\"><div class=\"vc_column-inner\"><div class=\"wpb_wrapper\"><div class=\"mkdf-iwt clearfix  mkdf-iwt-icon-top mkdf-iwt-icon-medium\">\n\t\n\t<div class=\"mkdf-iwt-images\">\n\t\t<div class=\"mkdf-iwt-background\" >\n\t\t\t\t\t\t\t\t\t\t\t\t\t<\/div>\n\t\t\n\t\t<div class=\"mkdf-iwt-icon\">\n\t\t\t\t\t\t\t\t\t\t\t\t    <span class=\"mkdf-icon-shortcode mkdf-normal   mkdf-icon-medium\"  >\n                    <i class=\"mkdf-icon-dripicons dripicon dripicons-briefcase mkdf-icon-element\" style=\"\" ><\/i>            <\/span>\n\t\t\t\t\t\t\t\t\t\t<\/div>\n\t<\/div>\n\t<div class=\"mkdf-iwt-content\" >\n\t\t\t\t\t\t<h4\t\t\tclass=\"mkdf-iwt-title\" >\n\t\t\t\t\t\t\t<span class=\"mkdf-iwt-title-text\">Ph\u01b0\u01a1ng ph\u00e1p x\u1eed l\u00fd th\u00e2m m\u00f4i ti\u00ean ti\u1ebfn<\/span>\n\t\t\t\t\t\t<\/h4>\n\t\t\t\t\t\t\t<p class=\"mkdf-iwt-text\" >Gi\u00fap t\u00e1i t\u1ea1o l\u00e0n da m\u00f4i m\u1edbi, mang l\u1ea1i v\u1ebb \u0111\u1eb9p t\u01b0\u01a1i s\u00e1ng v\u00e0 t\u1ef1 nhi\u00ean.<\/p>\n\t\t\t<\/div>\n<\/div><div class=\"vc_empty_space\"   style=\"height: 30px\"><span class=\"vc_empty_space_inner\"><\/span><\/div><\/div><\/div><\/div><div class=\"wpb_column vc_column_container vc_col-sm-3\"><div class=\"vc_column-inner\"><div class=\"wpb_wrapper\"><div class=\"mkdf-iwt clearfix  mkdf-iwt-icon-top mkdf-iwt-icon-medium\">\n\t\n\t<div class=\"mkdf-iwt-images\">\n\t\t<div class=\"mkdf-iwt-background\" >\n\t\t\t\t\t\t\t\t\t\t\t\t\t<\/div>\n\t\t\n\t\t<div class=\"mkdf-iwt-icon\">\n\t\t\t\t\t\t\t\t\t\t\t\t    <span class=\"mkdf-icon-shortcode mkdf-normal   mkdf-icon-medium\"  >\n                    <i class=\"mkdf-icon-dripicons dripicon dripicons-checkmark mkdf-icon-element\" style=\"\" ><\/i>            <\/span>\n\t\t\t\t\t\t\t\t\t\t<\/div>\n\t<\/div>\n\t<div class=\"mkdf-iwt-content\" >\n\t\t\t\t\t\t<h4\t\t\tclass=\"mkdf-iwt-title\" >\n\t\t\t\t\t\t\t<span class=\"mkdf-iwt-title-text\">Gi\u00e1 tr\u1ecb th\u1ef1c ti\u1ec5n cao<\/span>\n\t\t\t\t\t\t<\/h4>\n\t\t\t\t\t\t\t<p class=\"mkdf-iwt-text\" >Th\u1ef1c h\u00e0nh tr\u00ean m\u1eabu th\u1eadt, n\u00e2ng cao tay ngh\u1ec1 v\u1edbi s\u1ef1 h\u1ed7 tr\u1ee3 tr\u1ef1c ti\u1ebfp t\u1eeb gi\u1ea3ng vi\u00ean gi\u00e0u kinh nghi\u1ec7m.<\/p>\n\t\t\t<\/div>\n<\/div><div class=\"vc_empty_space\"   style=\"height: 30px\"><span class=\"vc_empty_space_inner\"><\/span><\/div><\/div><\/div><\/div><\/div>\n<\/div>","protected":false},"excerpt":{"rendered":"Kh\u00f3a H\u1ecdc Kh\u00f3a H\u1ecdc Phun M\u00f4i Kh\u00f3a h\u1ecdc phun m\u00f4i Rebolips gi\u1edbi thi\u1ec7u t\u01b0 duy kh\u00e1c bi\u1ec7t v\u1edbi k\u1ef9 thu\u1eadt b\u00f3c t\u00e1ch s\u1eafc t\u1ed1 th\u00e2m b\u1eb1ng n\u01b0\u1edbc, mang l\u1ea1i \u0111\u00f4i m\u00f4i trong tr\u1ebbo v\u00e0 t\u01b0\u01a1i s\u00e1ng. V\u1edbi c\u00f4ng th\u1ee9c \u0111\u01a1n [...]","protected":false},"author":1,"featured_media":0,"parent":0,"menu_order":0,"comment_status":"closed","ping_status":"closed","template":"","meta":{"footnotes":""},"class_list":["post-4107","page","type-page","status-publish","hentry"],"_links":{"self":[{"href":"https:\/\/levanacademy.vn\/en\/wp-json\/wp\/v2\/pages\/4107","targetHints":{"allow":["GET"]}}],"collection":[{"href":"https:\/\/levanacademy.vn\/en\/wp-json\/wp\/v2\/pages"}],"about":[{"href":"https:\/\/levanacademy.vn\/en\/wp-json\/wp\/v2\/types\/page"}],"author":[{"embeddable":true,"href":"https:\/\/levanacademy.vn\/en\/wp-json\/wp\/v2\/users\/1"}],"replies":[{"embeddable":true,"href":"https:\/\/levanacademy.vn\/en\/wp-json\/wp\/v2\/comments?post=4107"}],"version-history":[{"count":21,"href":"https:\/\/levanacademy.vn\/en\/wp-json\/wp\/v2\/pages\/4107\/revisions"}],"predecessor-version":[{"id":4816,"href":"https:\/\/levanacademy.vn\/en\/wp-json\/wp\/v2\/pages\/4107\/revisions\/4816"}],"wp:attachment":[{"href":"https:\/\/levanacademy.vn\/en\/wp-json\/wp\/v2\/media?parent=4107"}],"curies":[{"name":"wp","href":"https:\/\/api.w.org\/{rel}","templated":true}]}}