{"id":4110,"date":"2024-09-04T12:21:02","date_gmt":"2024-09-04T05:21:02","guid":{"rendered":"https:\/\/levanacademy.com\/?page_id=4110"},"modified":"2024-11-07T00:40:40","modified_gmt":"2024-11-06T17:40:40","slug":"khoa-hoc-plasma-eyelid-lift-offline","status":"publish","type":"page","link":"https:\/\/levanacademy.vn\/en\/khoa-hoc-plasma-eyelid-lift-offline\/","title":{"rendered":"Kh\u00f3a h\u1ecdc Plasma Eyelid Lift"},"content":{"rendered":"<div class=\"wpb-content-wrapper\"><div class=\"vc_row wpb_row vc_row-fluid wpb_animate_when_almost_visible wpb_fadeIn fadeIn vc_custom_1725431241483 vc_row-o-content-middle vc_row-flex\" style=\"background-repeat: repeat\"><div class=\"wpb_column vc_column_container vc_col-sm-6\"><div class=\"vc_column-inner\"><div class=\"wpb_wrapper\">\n\t<div  class=\"wpb_single_image wpb_content_element vc_align_left\">\n\t\t\n\t\t<figure class=\"wpb_wrapper vc_figure\">\n\t\t\t<div class=\"vc_single_image-wrapper   vc_box_border_grey\"><img decoding=\"async\" class=\"vc_single_image-img lazyload\" data-src=\"https:\/\/levanacademy.vn\/wp-content\/uploads\/2024\/10\/anh-bia-6-scaled-523x730.jpg\" width=\"523\" height=\"730\" alt=\"\u1ea3nh b\u00eca\" title=\"\u1ea3nh b\u00eca\" src=\"data:image\/svg+xml;base64,PHN2ZyB3aWR0aD0iMSIgaGVpZ2h0PSIxIiB4bWxucz0iaHR0cDovL3d3dy53My5vcmcvMjAwMC9zdmciPjwvc3ZnPg==\" style=\"--smush-placeholder-width: 523px; --smush-placeholder-aspect-ratio: 523\/730;\" \/><\/div>\n\t\t<\/figure>\n\t<\/div>\n<\/div><\/div><\/div><div class=\"wpb_column vc_column_container vc_col-sm-6\"><div class=\"vc_column-inner\"><div class=\"wpb_wrapper\">\n\t<div class=\"wpb_text_column wpb_content_element  vc_custom_1730914838803\" >\n\t\t<div class=\"wpb_wrapper\">\n\t\t\t<p>Courses<\/p>\n<h2 class=\"heading-course\" style=\"text-align: center;\"><span style=\"font-size: 25px; line-height: 1.5; word-spacing: 0.1em;\">Kh\u00f3a h\u1ecdc Plasma Eyelid Lift<\/span><\/h2>\n<p><span style=\"font-weight: 400;\">Kh\u00f3a h\u1ecdc Eyelid Plasma d\u1ea1y k\u1ef9 thu\u1eadt n\u00e2ng m\u00ed kh\u00f4ng ph\u1eabu thu\u1eadt, kh\u00f4ng s\u1eb9o, h\u01b0\u1edbng \u0111\u1ebfn v\u1ebb \u0111\u1eb9p t\u1ef1 nhi\u00ean c\u1ee7a t\u01b0\u01a1ng lai. H\u1ecdc vi\u00ean s\u1ebd n\u1eafm v\u1eefng c\u00f4ng ngh\u1ec7 Plasma ti\u00ean ti\u1ebfn \u0111\u1ec3 t\u1ea1o \u0111\u00f4i m\u1eaft tr\u1ebb trung v\u00e0 h\u00e0i h\u00f2a.<\/span><br \/>\n<span style=\"display: flex; justify-content: center;\"><button class=\"mkdf-btn mkdf-btn-medium mkdf-btn-solid popup-datlich-khoahoc\">Book Now<\/button><\/span><\/p>\n\n\t\t<\/div>\n\t<\/div>\n<\/div><\/div><\/div><\/div><div class=\"vc_row wpb_row vc_row-fluid wpb_animate_when_almost_visible wpb_fadeIn fadeIn\" style=\"background-repeat: repeat\"><div class=\"wpb_column vc_column_container vc_col-sm-12\"><div class=\"vc_column-inner vc_custom_1723882318650\"><div class=\"wpb_wrapper\"><div class=\"vc_empty_space\"   style=\"height: 32px\"><span class=\"vc_empty_space_inner\"><\/span><\/div>\n\t<div class=\"wpb_text_column wpb_content_element  vc_custom_1730456017108\" >\n\t\t<div class=\"wpb_wrapper\">\n\t\t\t<h2 class=\"heading-course\" style=\"text-align: center;\"><span style=\"font-size: 25px;\">Course Goals<\/span><\/h2>\n<p>Gi\u00fap h\u1ecdc vi\u00ean hi\u1ec3u s\u00e2u v\u1ec1 c\u1ea5u tr\u00fac, t\u00ednh ch\u1ea5t v\u00e0 \u1ee9ng d\u1ee5ng c\u1ee7a Plasma, \u0111\u1eb7c bi\u1ec7t trong th\u1ea9m m\u1ef9 n\u00e2ng m\u00ed m\u1eaft. H\u1ecdc vi\u00ean s\u1ebd ph\u00e1t tri\u1ec3n k\u1ef9 n\u0103ng th\u1ef1c h\u00e0nh \u0111\u1ec3 \u00e1p d\u1ee5ng ki\u1ebfn th\u1ee9c v\u00e0o th\u1ef1c t\u1ebf.<\/p>\n\n\t\t<\/div>\n\t<\/div>\n<\/div><\/div><\/div><\/div><div class=\"vc_row wpb_row vc_row-fluid wpb_animate_when_almost_visible wpb_fadeInLeft fadeInLeft vc_row-o-content-middle vc_row-flex\" style=\"background-repeat: repeat\"><div class=\"wpb_column vc_column_container vc_col-sm-12\"><div class=\"vc_column-inner\"><div class=\"wpb_wrapper\"><div class=\"vc_row wpb_row vc_inner vc_row-fluid center-element vc_custom_1729671253912 vc_column-gap-10 vc_row-o-content-middle vc_row-flex\" style=\"background-repeat: repeat\"><div class=\"wpb_column vc_column_container vc_col-sm-2\/5\"><div class=\"vc_column-inner\"><div class=\"wpb_wrapper\"><div class=\"vc_empty_space\"   style=\"height: 30px\"><span class=\"vc_empty_space_inner\"><\/span><\/div>\n\t<div  class=\"wpb_single_image wpb_content_element vc_align_center\">\n\t\t\n\t\t<figure class=\"wpb_wrapper vc_figure\">\n\t\t\t<div class=\"vc_single_image-wrapper   vc_box_border_grey\"><img decoding=\"async\" class=\"vc_single_image-img lazyload\" data-src=\"https:\/\/levanacademy.vn\/wp-content\/uploads\/2024\/10\/4-3-scaled-523x730.jpg\" width=\"523\" height=\"730\" alt=\"4\" title=\"4\" src=\"data:image\/svg+xml;base64,PHN2ZyB3aWR0aD0iMSIgaGVpZ2h0PSIxIiB4bWxucz0iaHR0cDovL3d3dy53My5vcmcvMjAwMC9zdmciPjwvc3ZnPg==\" style=\"--smush-placeholder-width: 523px; --smush-placeholder-aspect-ratio: 523\/730;\" \/><\/div>\n\t\t<\/figure>\n\t<\/div>\n<\/div><\/div><\/div><div class=\"wpb_column vc_column_container vc_col-sm-2\/5\"><div class=\"vc_column-inner\"><div class=\"wpb_wrapper\"><div class=\"vc_empty_space\"   style=\"height: 30px\"><span class=\"vc_empty_space_inner\"><\/span><\/div>\n\t<div  class=\"wpb_single_image wpb_content_element vc_align_center\">\n\t\t\n\t\t<figure class=\"wpb_wrapper vc_figure\">\n\t\t\t<div class=\"vc_single_image-wrapper   vc_box_border_grey\"><img decoding=\"async\" class=\"vc_single_image-img lazyload\" data-src=\"https:\/\/levanacademy.vn\/wp-content\/uploads\/2024\/10\/6-3-scaled-523x730.jpg\" width=\"523\" height=\"730\" alt=\"6\" title=\"6\" src=\"data:image\/svg+xml;base64,PHN2ZyB3aWR0aD0iMSIgaGVpZ2h0PSIxIiB4bWxucz0iaHR0cDovL3d3dy53My5vcmcvMjAwMC9zdmciPjwvc3ZnPg==\" style=\"--smush-placeholder-width: 523px; --smush-placeholder-aspect-ratio: 523\/730;\" \/><\/div>\n\t\t<\/figure>\n\t<\/div>\n<\/div><\/div><\/div><\/div><\/div><\/div><\/div><\/div><div class=\"vc_row wpb_row vc_row-fluid wpb_animate_when_almost_visible wpb_fadeIn fadeIn vc_custom_1725431363078 vc_row-o-content-middle vc_row-flex\" style=\"background-repeat: repeat\"><div class=\"wpb_column vc_column_container vc_col-sm-12\"><div class=\"vc_column-inner\"><div class=\"wpb_wrapper\">\n\t<div class=\"wpb_text_column wpb_content_element\" >\n\t\t<div class=\"wpb_wrapper\">\n\t\t\t<h2 class=\"heading-course\" style=\"text-align: center;\"><span style=\"font-size: 25px;\">Course Content<\/span><\/h2>\n\n\t\t<\/div>\n\t<\/div>\n<div class=\"vc_empty_space\"   style=\"height: 20px\"><span class=\"vc_empty_space_inner\"><\/span><\/div><\/div><\/div><\/div><div class=\"wpb_column vc_column_container vc_col-sm-6\"><div class=\"vc_column-inner\"><div class=\"wpb_wrapper\">\n\t<div class=\"wpb_text_column wpb_content_element  vc_custom_1729655798032\" >\n\t\t<div class=\"wpb_wrapper\">\n\t\t\t<p>Kh\u00f3a h\u1ecdc g\u1ed3m 10 module k\u1ebft h\u1ee3p l\u00fd thuy\u1ebft v\u00e0 th\u1ef1c h\u00e0nh, do L\u00ea V\u00e2n h\u01b0\u1edbng d\u1eabn. H\u1ecdc vi\u00ean s\u1ebd h\u1ecdc v\u1ec1 ki\u1ebfn th\u1ee9c Plasma, \u1ee9ng d\u1ee5ng trong y h\u1ecdc v\u00e0 th\u1ea9m m\u1ef9, Plasma Eyelid Lift, c\u00e1c c\u00f4ng c\u1ee5 c\u1ea7n thi\u1ebft, bi\u1ec7n ph\u00e1p an to\u00e0n v\u00e0 qu\u1ea3n l\u00fd bi\u1ebfn ch\u1ee9ng.<\/p>\n<p><span style=\"font-family: helvetica; display: flex; justify-content: center;\"><button class=\"mkdf-btn mkdf-btn-medium mkdf-btn-solid popup-chitiet-khoahoc-4\">Details<\/button><\/span><\/p>\n\n\t\t<\/div>\n\t<\/div>\n<\/div><\/div><\/div><div class=\"wpb_column vc_column_container vc_col-sm-6\"><div class=\"vc_column-inner\"><div class=\"wpb_wrapper\">\n\t<div  class=\"wpb_single_image wpb_content_element vc_align_left\">\n\t\t\n\t\t<figure class=\"wpb_wrapper vc_figure\">\n\t\t\t<div class=\"vc_single_image-wrapper   vc_box_border_grey\"><img decoding=\"async\" class=\"vc_single_image-img lazyload\" data-src=\"https:\/\/levanacademy.vn\/wp-content\/uploads\/2024\/10\/7-3-scaled-523x730.jpg\" width=\"523\" height=\"730\" alt=\"7\" title=\"7\" src=\"data:image\/svg+xml;base64,PHN2ZyB3aWR0aD0iMSIgaGVpZ2h0PSIxIiB4bWxucz0iaHR0cDovL3d3dy53My5vcmcvMjAwMC9zdmciPjwvc3ZnPg==\" style=\"--smush-placeholder-width: 523px; --smush-placeholder-aspect-ratio: 523\/730;\" \/><\/div>\n\t\t<\/figure>\n\t<\/div>\n<\/div><\/div><\/div><\/div><div class=\"vc_row wpb_row vc_row-fluid wpb_animate_when_almost_visible wpb_fadeIn fadeIn vc_row-o-content-middle vc_row-flex\" style=\"background-repeat: repeat\"><div class=\"wpb_column vc_column_container vc_col-sm-12\"><div class=\"vc_column-inner\"><div class=\"wpb_wrapper\">\n\t<div class=\"wpb_text_column wpb_content_element  vc_custom_1729656945801\" >\n\t\t<div class=\"wpb_wrapper\">\n\t\t\t<h2 class=\"heading-course\" style=\"text-align: center;\"><span style=\"font-family: helvetica; font-size: 25px; line-height: 1.5; word-spacing: 0.1em;\">Learning Method<\/span><\/h2>\n\n\t\t<\/div>\n\t<\/div>\n<\/div><\/div><\/div><div class=\"wpb_column vc_column_container vc_col-sm-12\"><div class=\"vc_column-inner\"><div class=\"wpb_wrapper\"><div class=\"vc_empty_space\"   style=\"height: 30px\"><span class=\"vc_empty_space_inner\"><\/span><\/div><div class=\"vc_row wpb_row vc_inner vc_row-fluid vc_row-o-content-middle vc_row-flex\" style=\"background-repeat: repeat\"><div class=\"wpb_column vc_column_container vc_col-sm-6\"><div class=\"vc_column-inner\"><div class=\"wpb_wrapper\"><div class=\"vc_empty_space\"   style=\"height: 30px\"><span class=\"vc_empty_space_inner\"><\/span><\/div>\n\t<div  class=\"wpb_single_image wpb_content_element vc_align_center\">\n\t\t\n\t\t<figure class=\"wpb_wrapper vc_figure\">\n\t\t\t<div class=\"vc_single_image-wrapper   vc_box_border_grey\"><img decoding=\"async\" class=\"vc_single_image-img lazyload\" data-src=\"https:\/\/levanacademy.vn\/wp-content\/uploads\/2024\/10\/2-3-scaled-523x730.jpg\" width=\"523\" height=\"730\" alt=\"2\" title=\"2\" src=\"data:image\/svg+xml;base64,PHN2ZyB3aWR0aD0iMSIgaGVpZ2h0PSIxIiB4bWxucz0iaHR0cDovL3d3dy53My5vcmcvMjAwMC9zdmciPjwvc3ZnPg==\" style=\"--smush-placeholder-width: 523px; --smush-placeholder-aspect-ratio: 523\/730;\" \/><\/div>\n\t\t<\/figure>\n\t<\/div>\n\n\t<div class=\"wpb_text_column wpb_content_element\" >\n\t\t<div class=\"wpb_wrapper\">\n\t\t\t<p style=\"text-align: center;\">Ng\u00e0y 1: H\u1ecdc l\u00e0m quen k\u0129 thu\u1eadt v\u00e0 th\u1ef1c h\u00e0nh tr\u00ean m\u00e1y v\u1edbi qu\u1ea3.<\/p>\n\n\t\t<\/div>\n\t<\/div>\n<\/div><\/div><\/div><div class=\"wpb_column vc_column_container vc_col-sm-6\"><div class=\"vc_column-inner\"><div class=\"wpb_wrapper\"><div class=\"vc_empty_space\"   style=\"height: 30px\"><span class=\"vc_empty_space_inner\"><\/span><\/div>\n\t<div  class=\"wpb_single_image wpb_content_element vc_align_center\">\n\t\t\n\t\t<figure class=\"wpb_wrapper vc_figure\">\n\t\t\t<div class=\"vc_single_image-wrapper   vc_box_border_grey\"><img decoding=\"async\" class=\"vc_single_image-img lazyload\" data-src=\"https:\/\/levanacademy.vn\/wp-content\/uploads\/2024\/10\/5-3-scaled-523x730.jpg\" width=\"523\" height=\"730\" alt=\"5\" title=\"5\" src=\"data:image\/svg+xml;base64,PHN2ZyB3aWR0aD0iMSIgaGVpZ2h0PSIxIiB4bWxucz0iaHR0cDovL3d3dy53My5vcmcvMjAwMC9zdmciPjwvc3ZnPg==\" style=\"--smush-placeholder-width: 523px; --smush-placeholder-aspect-ratio: 523\/730;\" \/><\/div>\n\t\t<\/figure>\n\t<\/div>\n\n\t<div class=\"wpb_text_column wpb_content_element\" >\n\t\t<div class=\"wpb_wrapper\">\n\t\t\t<p style=\"text-align: center;\">Ng\u00e0y 2: Th\u1ef1c h\u00e0nh v\u00e0 trao b\u1eb1ng ch\u1ee9ng nh\u1eadn.<\/p>\n\n\t\t<\/div>\n\t<\/div>\n<\/div><\/div><\/div><\/div><\/div><\/div><\/div><\/div><div class=\"vc_row wpb_row vc_row-fluid wpb_animate_when_almost_visible wpb_fadeIn fadeIn\" style=\"background-repeat: repeat\"><div class=\"wpb_column vc_column_container vc_col-sm-12\"><div class=\"vc_column-inner vc_custom_1723882318650\"><div class=\"wpb_wrapper\">\n\t<div class=\"wpb_text_column wpb_content_element  vc_custom_1730456044617\" >\n\t\t<div class=\"wpb_wrapper\">\n\t\t\t<h2 class=\"heading-course\" style=\"text-align: center;\"><span style=\"font-size: 25px; line-height: 1.5; word-spacing: 0.1em;\">Student Requirements<\/span><\/h2>\n<p>Students are required to dedicate 2-3 hours daily to practice and submit assignments. If a student fails to submit assignments for two weeks without prior notice, they will be removed from the course and must pay 50% of the tuition fee to rejoin.<\/p>\n\n\t\t<\/div>\n\t<\/div>\n<div class=\"vc_empty_space\"   style=\"height: 30px\"><span class=\"vc_empty_space_inner\"><\/span><\/div><\/div><\/div><\/div><\/div><div class=\"vc_row wpb_row vc_row-fluid wpb_animate_when_almost_visible wpb_fadeIn fadeIn\" style=\"background-repeat: repeat\"><div class=\"wpb_column vc_column_container vc_col-sm-12\"><div class=\"vc_column-inner vc_custom_1723882318650\"><div class=\"wpb_wrapper\">\n\t<div class=\"wpb_text_column wpb_content_element  vc_custom_1730456058633\" >\n\t\t<div class=\"wpb_wrapper\">\n\t\t\t<h2 class=\"heading-course\" style=\"text-align: center;\"><span style=\"font-size: 25px; line-height: 1.5; word-spacing: 0.1em;\">Commitment After Course Completion<\/span><\/h2>\n\n\t\t<\/div>\n\t<\/div>\n<div class=\"vc_empty_space\"   style=\"height: 30px\"><span class=\"vc_empty_space_inner\"><\/span><\/div><\/div><\/div><\/div><\/div><div class=\"vc_row wpb_row vc_row-fluid\" style=\"background-repeat: repeat\"><div class=\"wpb_column vc_column_container vc_col-sm-3\"><div class=\"vc_column-inner\"><div class=\"wpb_wrapper\"><div class=\"mkdf-iwt clearfix  mkdf-iwt-icon-top mkdf-iwt-icon-medium\">\n\t\n\t<div class=\"mkdf-iwt-images\">\n\t\t<div class=\"mkdf-iwt-background\" >\n\t\t\t\t\t\t\t\t\t\t\t\t\t<\/div>\n\t\t\n\t\t<div class=\"mkdf-iwt-icon\">\n\t\t\t\t\t\t\t\t\t\t\t\t    <span class=\"mkdf-icon-shortcode mkdf-normal   mkdf-icon-medium\"  >\n                    <i class=\"mkdf-icon-dripicons dripicon dripicons-clock mkdf-icon-element\" style=\"\" ><\/i>            <\/span>\n\t\t\t\t\t\t\t\t\t\t<\/div>\n\t<\/div>\n\t<div class=\"mkdf-iwt-content\" >\n\t\t\t\t\t\t<h4\t\t\tclass=\"mkdf-iwt-title\" >\n\t\t\t\t\t\t\t<span class=\"mkdf-iwt-title-text\">Continuous Support<\/span>\n\t\t\t\t\t\t<\/h4>\n\t\t\t\t\t<\/div>\n<\/div><div class=\"vc_empty_space\"   style=\"height: 30px\"><span class=\"vc_empty_space_inner\"><\/span><\/div><\/div><\/div><\/div><div class=\"wpb_column vc_column_container vc_col-sm-3\"><div class=\"vc_column-inner\"><div class=\"wpb_wrapper\"><div class=\"mkdf-iwt clearfix  mkdf-iwt-icon-top mkdf-iwt-icon-medium\">\n\t\n\t<div class=\"mkdf-iwt-images\">\n\t\t<div class=\"mkdf-iwt-background\" >\n\t\t\t\t\t\t\t\t\t\t\t\t\t<\/div>\n\t\t\n\t\t<div class=\"mkdf-iwt-icon\">\n\t\t\t\t\t\t\t\t\t\t\t\t    <span class=\"mkdf-icon-shortcode mkdf-normal   mkdf-icon-medium\"  >\n                    <i class=\"mkdf-icon-dripicons dripicon dripicons-upload mkdf-icon-element\" style=\"\" ><\/i>            <\/span>\n\t\t\t\t\t\t\t\t\t\t<\/div>\n\t<\/div>\n\t<div class=\"mkdf-iwt-content\" >\n\t\t\t\t\t\t<h4\t\t\tclass=\"mkdf-iwt-title\" >\n\t\t\t\t\t\t\t<span class=\"mkdf-iwt-title-text\">Knowledge Update<\/span>\n\t\t\t\t\t\t<\/h4>\n\t\t\t\t\t<\/div>\n<\/div><div class=\"vc_empty_space\"   style=\"height: 30px\"><span class=\"vc_empty_space_inner\"><\/span><\/div><\/div><\/div><\/div><div class=\"wpb_column vc_column_container vc_col-sm-3\"><div class=\"vc_column-inner\"><div class=\"wpb_wrapper\"><div class=\"mkdf-iwt clearfix  mkdf-iwt-icon-top mkdf-iwt-icon-medium\">\n\t\n\t<div class=\"mkdf-iwt-images\">\n\t\t<div class=\"mkdf-iwt-background\" >\n\t\t\t\t\t\t\t\t\t\t\t\t\t<\/div>\n\t\t\n\t\t<div class=\"mkdf-iwt-icon\">\n\t\t\t\t\t\t\t\t\t\t\t\t    <span class=\"mkdf-icon-shortcode mkdf-normal   mkdf-icon-medium\"  >\n                    <i class=\"mkdf-icon-dripicons dripicon dripicons-briefcase mkdf-icon-element\" style=\"\" ><\/i>            <\/span>\n\t\t\t\t\t\t\t\t\t\t<\/div>\n\t<\/div>\n\t<div class=\"mkdf-iwt-content\" >\n\t\t\t\t\t\t<h4\t\t\tclass=\"mkdf-iwt-title\" >\n\t\t\t\t\t\t\t<span class=\"mkdf-iwt-title-text\">Providing Career Opportunities<\/span>\n\t\t\t\t\t\t<\/h4>\n\t\t\t\t\t<\/div>\n<\/div><div class=\"vc_empty_space\"   style=\"height: 30px\"><span class=\"vc_empty_space_inner\"><\/span><\/div><\/div><\/div><\/div><div class=\"wpb_column vc_column_container vc_col-sm-3\"><div class=\"vc_column-inner\"><div class=\"wpb_wrapper\"><div class=\"mkdf-iwt clearfix  mkdf-iwt-icon-top mkdf-iwt-icon-medium\">\n\t\n\t<div class=\"mkdf-iwt-images\">\n\t\t<div class=\"mkdf-iwt-background\" >\n\t\t\t\t\t\t\t\t\t\t\t\t\t<\/div>\n\t\t\n\t\t<div class=\"mkdf-iwt-icon\">\n\t\t\t\t\t\t\t\t\t\t\t\t    <span class=\"mkdf-icon-shortcode mkdf-normal   mkdf-icon-medium\"  >\n                    <i class=\"mkdf-icon-dripicons dripicon dripicons-checkmark mkdf-icon-element\" style=\"\" ><\/i>            <\/span>\n\t\t\t\t\t\t\t\t\t\t<\/div>\n\t<\/div>\n\t<div class=\"mkdf-iwt-content\" >\n\t\t\t\t\t\t<h4\t\t\tclass=\"mkdf-iwt-title\" >\n\t\t\t\t\t\t\t<span class=\"mkdf-iwt-title-text\">Course Completion Certificate<\/span>\n\t\t\t\t\t\t<\/h4>\n\t\t\t\t\t<\/div>\n<\/div><div class=\"vc_empty_space\"   style=\"height: 30px\"><span class=\"vc_empty_space_inner\"><\/span><\/div><\/div><\/div><\/div><\/div>\n<\/div>","protected":false},"excerpt":{"rendered":"Kh\u00f3a H\u1ecdc Kh\u00f3a h\u1ecdc Plasma Eyelid Lift Kh\u00f3a h\u1ecdc Eyelid Plasma d\u1ea1y k\u1ef9 thu\u1eadt n\u00e2ng m\u00ed kh\u00f4ng ph\u1eabu thu\u1eadt, kh\u00f4ng s\u1eb9o, h\u01b0\u1edbng \u0111\u1ebfn v\u1ebb \u0111\u1eb9p t\u1ef1 nhi\u00ean c\u1ee7a t\u01b0\u01a1ng lai. H\u1ecdc vi\u00ean s\u1ebd n\u1eafm v\u1eefng c\u00f4ng ngh\u1ec7 Plasma ti\u00ean ti\u1ebfn [...]","protected":false},"author":1,"featured_media":0,"parent":0,"menu_order":0,"comment_status":"closed","ping_status":"closed","template":"","meta":{"footnotes":""},"class_list":["post-4110","page","type-page","status-publish","hentry"],"_links":{"self":[{"href":"https:\/\/levanacademy.vn\/en\/wp-json\/wp\/v2\/pages\/4110","targetHints":{"allow":["GET"]}}],"collection":[{"href":"https:\/\/levanacademy.vn\/en\/wp-json\/wp\/v2\/pages"}],"about":[{"href":"https:\/\/levanacademy.vn\/en\/wp-json\/wp\/v2\/types\/page"}],"author":[{"embeddable":true,"href":"https:\/\/levanacademy.vn\/en\/wp-json\/wp\/v2\/users\/1"}],"replies":[{"embeddable":true,"href":"https:\/\/levanacademy.vn\/en\/wp-json\/wp\/v2\/comments?post=4110"}],"version-history":[{"count":21,"href":"https:\/\/levanacademy.vn\/en\/wp-json\/wp\/v2\/pages\/4110\/revisions"}],"predecessor-version":[{"id":4811,"href":"https:\/\/levanacademy.vn\/en\/wp-json\/wp\/v2\/pages\/4110\/revisions\/4811"}],"wp:attachment":[{"href":"https:\/\/levanacademy.vn\/en\/wp-json\/wp\/v2\/media?parent=4110"}],"curies":[{"name":"wp","href":"https:\/\/api.w.org\/{rel}","templated":true}]}}