{"id":4118,"date":"2024-09-04T13:51:17","date_gmt":"2024-09-04T06:51:17","guid":{"rendered":"https:\/\/levanacademy.com\/?page_id=4118"},"modified":"2024-10-23T15:24:54","modified_gmt":"2024-10-23T08:24:54","slug":"khoa-hoc-eyelip-cold-plasma","status":"publish","type":"page","link":"https:\/\/levanacademy.vn\/en\/khoa-hoc-eyelip-cold-plasma\/","title":{"rendered":"Combo Kh\u00f3a h\u1ecdc Eyelip+Cold Plasma"},"content":{"rendered":"<div class=\"wpb-content-wrapper\"><div class=\"vc_row wpb_row vc_row-fluid wpb_animate_when_almost_visible wpb_fadeInLeft fadeInLeft vc_custom_1729326635443 vc_row-o-content-middle vc_row-flex\" style=\"background-repeat: repeat\"><div class=\"wpb_column vc_column_container vc_col-sm-6\"><div class=\"vc_column-inner\"><div class=\"wpb_wrapper\">\n\t<div  class=\"wpb_single_image wpb_content_element vc_align_left\">\n\t\t\n\t\t<figure class=\"wpb_wrapper vc_figure\">\n\t\t\t<div class=\"vc_single_image-wrapper   vc_box_border_grey\"><img decoding=\"async\" class=\"vc_single_image-img lazyload\" data-src=\"https:\/\/levanacademy.vn\/wp-content\/uploads\/2024\/10\/anh-bia-8-scaled-523x730.jpg\" width=\"523\" height=\"730\" alt=\"\u1ea3nh b\u00eca\" title=\"\u1ea3nh b\u00eca\" src=\"data:image\/svg+xml;base64,PHN2ZyB3aWR0aD0iMSIgaGVpZ2h0PSIxIiB4bWxucz0iaHR0cDovL3d3dy53My5vcmcvMjAwMC9zdmciPjwvc3ZnPg==\" style=\"--smush-placeholder-width: 523px; --smush-placeholder-aspect-ratio: 523\/730;\" \/><\/div>\n\t\t<\/figure>\n\t<\/div>\n<\/div><\/div><\/div><div class=\"wpb_column vc_column_container vc_col-sm-6\"><div class=\"vc_column-inner\"><div class=\"wpb_wrapper\">\n\t<div class=\"wpb_text_column wpb_content_element  vc_custom_1729657673257\" >\n\t\t<div class=\"wpb_wrapper\">\n\t\t\t<p>Courses<\/p>\n<h2 class=\"heading-course\" style=\"; text-align: center;\"><span style=\"font-size: 25px; line-height: 1.5; word-spacing: 0.1em;\">Combo Eyelip + Cold Plasma<\/span><\/h2>\n<p>Combo kh\u00f3a h\u1ecdc n\u00e0y l\u00e0 s\u1ef1 k\u1ebft h\u1ee3p ho\u00e0n h\u1ea3o gi\u1eefa hai c\u00f4ng ngh\u1ec7 ti\u00ean ti\u1ebfn trong th\u1ea9m m\u1ef9 kh\u00f4ng x\u00e2m l\u1ea5n: Cold Plasma v\u00e0 Plasma Eyelid Lift. C\u1ea3 hai kh\u00f3a h\u1ecdc \u0111\u1ec1u \u0111\u01b0\u1ee3c thi\u1ebft k\u1ebf \u0111\u1ec3 cung c\u1ea5p cho b\u1ea1n ki\u1ebfn th\u1ee9c chuy\u00ean s\u00e2u v\u1ec1 Plasma v\u00e0 c\u00e1ch \u1ee9ng d\u1ee5ng ch\u00fang v\u00e0o c\u00e1c ph\u01b0\u01a1ng ph\u00e1p l\u00e0m \u0111\u1eb9p an to\u00e0n v\u00e0 hi\u1ec7u qu\u1ea3, \u0111\u1eb7c bi\u1ec7t trong vi\u1ec7c n\u00e2ng c\u01a1, tr\u1ebb h\u00f3a da, v\u00e0 ch\u1ec9nh s\u1eeda v\u00f9ng m\u00ed m\u1eaft m\u00e0 kh\u00f4ng c\u1ea7n ph\u1eabu thu\u1eadt.<br \/>\n<span style=\"font-family: helvetica; display: flex; justify-content: center;\"><button class=\"mkdf-btn mkdf-btn-medium mkdf-btn-solid popup-datlich-khoahoc\">Details<\/button><\/span><\/p>\n\n\t\t<\/div>\n\t<\/div>\n<\/div><\/div><\/div><\/div><div class=\"vc_row wpb_row vc_row-fluid wpb_animate_when_almost_visible wpb_fadeInRight fadeInRight\" style=\"background-repeat: repeat\"><div class=\"wpb_column vc_column_container vc_col-sm-12\"><div class=\"vc_column-inner vc_custom_1723882318650\"><div class=\"wpb_wrapper\"><div class=\"vc_empty_space\"   style=\"height: 32px\"><span class=\"vc_empty_space_inner\"><\/span><\/div>\n\t<div class=\"wpb_text_column wpb_content_element  vc_custom_1729657683358\" >\n\t\t<div class=\"wpb_wrapper\">\n\t\t\t<h2 class=\"heading-course\" style=\"text-align: center;\"><span style=\"font-family: helvetica; font-size: 25px; line-height: 1.5; word-spacing: 0.1em;\">Course Goals<\/span><\/h2>\n<p>Cung c\u1ea5p cho h\u1ecdc vi\u00ean ki\u1ebfn th\u1ee9c to\u00e0n di\u1ec7n v\u1ec1 c\u1ea5u tr\u00fac v\u00e0 t\u00ednh ch\u1ea5t c\u1ee7a Cold Plasma, c\u00f9ng v\u1edbi c\u00e1ch \u1ee9ng d\u1ee5ng c\u1ee5 th\u1ec3 trong l\u0129nh v\u1ef1c th\u1ea9m m\u1ef9 kh\u00f4ng x\u00e2m l\u1ea5n. Kh\u00f3a h\u1ecdc t\u1eadp trung v\u00e0o vi\u1ec7c gi\u00fap h\u1ecdc vi\u00ean hi\u1ec3u r\u00f5 c\u00e1ch s\u1eed d\u1ee5ng Plasma l\u1ea1nh \u0111\u1ec3 th\u1ef1c hi\u1ec7n c\u00e1c quy tr\u00ecnh n\u00e2ng m\u00ed m\u1eaft, tr\u1ebb h\u00f3a l\u00e0n da, \u0111i\u1ec1u tr\u1ecb s\u1eb9o v\u00e0 c\u00e1c v\u1ea5n \u0111\u1ec1 s\u1eafc t\u1ed1 da, \u0111\u1ed3ng th\u1eddi ph\u00e1t tri\u1ec3n k\u1ef9 n\u0103ng th\u1ef1c h\u00e0nh \u0111\u1ec3 \u00e1p d\u1ee5ng nh\u1eefng k\u1ef9 thu\u1eadt n\u00e0y m\u1ed9t c\u00e1ch ch\u00ednh x\u00e1c v\u00e0 hi\u1ec7u qu\u1ea3.<br \/>\n<span style=\"font-family: helvetica;\"><button class=\"mkdf-btn mkdf-btn-medium mkdf-btn-solid popup-chitiet-khoahoc-testt\">Details<\/button><\/span><\/p>\n\n\t\t<\/div>\n\t<\/div>\n<\/div><\/div><\/div><\/div><div class=\"vc_row wpb_row vc_row-fluid wpb_animate_when_almost_visible wpb_fadeInLeft fadeInLeft vc_custom_1729326656395 vc_row-o-content-middle vc_row-flex\" style=\"background-repeat: repeat\"><div class=\"wpb_column vc_column_container vc_col-sm-12\"><div class=\"vc_column-inner\"><div class=\"wpb_wrapper\">\n\t<div class=\"wpb_text_column wpb_content_element\" >\n\t\t<div class=\"wpb_wrapper\">\n\t\t\t<h2 class=\"heading-course\" style=\"text-align: center;\"><span style=\"font-family: helvetica; font-size: 25px; line-height: 1.5; word-spacing: 0.1em;\">Course Content<\/span><\/h2>\n\n\t\t<\/div>\n\t<\/div>\n<\/div><\/div><\/div><div class=\"wpb_column vc_column_container vc_col-sm-6\"><div class=\"vc_column-inner\"><div class=\"wpb_wrapper\">\n\t<div class=\"wpb_text_column wpb_content_element  vc_custom_1729323088764\" >\n\t\t<div class=\"wpb_wrapper\">\n\t\t\t<p>Kh\u00f3a h\u1ecdc cung c\u1ea5p ki\u1ebfn th\u1ee9c v\u1ec1 Cold Plasma, t\u1eeb t\u00ednh ch\u1ea5t, c\u1ea5u tr\u00fac \u0111\u1ebfn \u1ee9ng d\u1ee5ng trong y h\u1ecdc v\u00e0 th\u1ea9m m\u1ef9 nh\u01b0 n\u00e2ng m\u00ed, tr\u1ebb h\u00f3a da, \u0111i\u1ec1u tr\u1ecb s\u1eb9o v\u00e0 s\u1eafc t\u1ed1. H\u1ecdc vi\u00ean s\u1ebd th\u1ef1c h\u00e0nh k\u1ef9 thu\u1eadt s\u1eed d\u1ee5ng Plasma v\u00e0 ph\u00e1t tri\u1ec3n k\u1ef9 n\u0103ng th\u00f4ng qua vi\u1ec7c th\u1ef1c hi\u1ec7n tr\u00ean m\u00f4 h\u00ecnh v\u00e0 m\u1eabu th\u1ef1c t\u1ebf.<\/p>\n<p><span style=\"font-family: helvetica;\"><button class=\"mkdf-btn mkdf-btn-medium mkdf-btn-solid popup-chitiet-khoahoc-5\">Details<\/button><\/span><\/p>\n\n\t\t<\/div>\n\t<\/div>\n<\/div><\/div><\/div><div class=\"wpb_column vc_column_container vc_col-sm-6\"><div class=\"vc_column-inner\"><div class=\"wpb_wrapper\">\n\t<div  class=\"wpb_single_image wpb_content_element vc_align_left\">\n\t\t\n\t\t<figure class=\"wpb_wrapper vc_figure\">\n\t\t\t<div class=\"vc_single_image-wrapper   vc_box_border_grey\"><img decoding=\"async\" class=\"vc_single_image-img lazyload\" data-src=\"https:\/\/levanacademy.vn\/wp-content\/uploads\/2024\/10\/2-5-scaled-523x730.jpg\" width=\"523\" height=\"730\" alt=\"2\" title=\"2\" src=\"data:image\/svg+xml;base64,PHN2ZyB3aWR0aD0iMSIgaGVpZ2h0PSIxIiB4bWxucz0iaHR0cDovL3d3dy53My5vcmcvMjAwMC9zdmciPjwvc3ZnPg==\" style=\"--smush-placeholder-width: 523px; --smush-placeholder-aspect-ratio: 523\/730;\" \/><\/div>\n\t\t<\/figure>\n\t<\/div>\n<\/div><\/div><\/div><\/div><div class=\"vc_row wpb_row vc_row-fluid wpb_animate_when_almost_visible wpb_fadeInRight fadeInRight vc_row-o-content-middle vc_row-flex\" style=\"background-repeat: repeat\"><div class=\"wpb_column vc_column_container vc_col-sm-12\"><div class=\"vc_column-inner\"><div class=\"wpb_wrapper\">\n\t<div class=\"wpb_text_column wpb_content_element  vc_custom_1729657699817\" >\n\t\t<div class=\"wpb_wrapper\">\n\t\t\t<h2 class=\"heading-course\" style=\"text-align: center;\"><span style=\"font-family: helvetica; font-size: 25px; line-height: 1.5; word-spacing: 0.1em;\">Learning Method<\/span><\/h2>\n\n\t\t<\/div>\n\t<\/div>\n<\/div><\/div><\/div><div class=\"wpb_column vc_column_container vc_col-sm-12\"><div class=\"vc_column-inner\"><div class=\"wpb_wrapper\"><div class=\"vc_empty_space\"   style=\"height: 30px\"><span class=\"vc_empty_space_inner\"><\/span><\/div><div class=\"vc_row wpb_row vc_inner vc_row-fluid center-element vc_row-o-content-top vc_row-flex\" style=\"background-repeat: repeat\"><div class=\"wpb_column vc_column_container vc_col-sm-6\"><div class=\"vc_column-inner\"><div class=\"wpb_wrapper\"><div class=\"vc_empty_space\"   style=\"height: 30px\"><span class=\"vc_empty_space_inner\"><\/span><\/div>\n\t<div  class=\"wpb_single_image wpb_content_element vc_align_center\">\n\t\t\n\t\t<figure class=\"wpb_wrapper vc_figure\">\n\t\t\t<div class=\"vc_single_image-wrapper   vc_box_border_grey\"><img decoding=\"async\" class=\"vc_single_image-img lazyload\" data-src=\"https:\/\/levanacademy.vn\/wp-content\/uploads\/2024\/10\/1-5-scaled-523x730.jpg\" width=\"523\" height=\"730\" alt=\"1\" title=\"1\" src=\"data:image\/svg+xml;base64,PHN2ZyB3aWR0aD0iMSIgaGVpZ2h0PSIxIiB4bWxucz0iaHR0cDovL3d3dy53My5vcmcvMjAwMC9zdmciPjwvc3ZnPg==\" style=\"--smush-placeholder-width: 523px; --smush-placeholder-aspect-ratio: 523\/730;\" \/><\/div>\n\t\t<\/figure>\n\t<\/div>\n\n\t<div class=\"wpb_text_column wpb_content_element\" >\n\t\t<div class=\"wpb_wrapper\">\n\t\t\t<p style=\"text-align: center;\">Ng\u00e0y 1: H\u1ecdc l\u00e0m quen k\u0129 thu\u1eadt v\u00e0 th\u1ef1c h\u00e0nh.<\/p>\n\n\t\t<\/div>\n\t<\/div>\n<\/div><\/div><\/div><div class=\"wpb_column vc_column_container vc_col-sm-6\"><div class=\"vc_column-inner\"><div class=\"wpb_wrapper\"><div class=\"vc_empty_space\"   style=\"height: 30px\"><span class=\"vc_empty_space_inner\"><\/span><\/div>\n\t<div  class=\"wpb_single_image wpb_content_element vc_align_center\">\n\t\t\n\t\t<figure class=\"wpb_wrapper vc_figure\">\n\t\t\t<div class=\"vc_single_image-wrapper   vc_box_border_grey\"><img decoding=\"async\" class=\"vc_single_image-img lazyload\" data-src=\"https:\/\/levanacademy.vn\/wp-content\/uploads\/2024\/10\/3-5-scaled-523x730.jpg\" width=\"523\" height=\"730\" alt=\"3\" title=\"3\" src=\"data:image\/svg+xml;base64,PHN2ZyB3aWR0aD0iMSIgaGVpZ2h0PSIxIiB4bWxucz0iaHR0cDovL3d3dy53My5vcmcvMjAwMC9zdmciPjwvc3ZnPg==\" style=\"--smush-placeholder-width: 523px; --smush-placeholder-aspect-ratio: 523\/730;\" \/><\/div>\n\t\t<\/figure>\n\t<\/div>\n\n\t<div class=\"wpb_text_column wpb_content_element\" >\n\t\t<div class=\"wpb_wrapper\">\n\t\t\t<p style=\"text-align: center;\">Ng\u00e0y 2: Th\u1ef1c h\u00e0nh v\u00e0 trao b\u1eb1ng ch\u1ee9ng nh\u1eadn.<\/p>\n\n\t\t<\/div>\n\t<\/div>\n<\/div><\/div><\/div><\/div><\/div><\/div><\/div><\/div><div class=\"vc_row wpb_row vc_row-fluid wpb_animate_when_almost_visible wpb_fadeIn fadeIn\" style=\"background-repeat: repeat\"><div class=\"wpb_column vc_column_container vc_col-sm-12\"><div class=\"vc_column-inner vc_custom_1723882318650\"><div class=\"wpb_wrapper\">\n\t<div class=\"wpb_text_column wpb_content_element  vc_custom_1729657710516\" >\n\t\t<div class=\"wpb_wrapper\">\n\t\t\t<h2 class=\"heading-course\" style=\"text-align: center;\"><span style=\"font-family: helvetica; font-size: 25px; line-height: 1.5; word-spacing: 0.1em;\">Student Requirements<\/span><\/h2>\n<p>Students are required to dedicate 2-3 hours daily to practice and submit assignments. If a student fails to submit assignments for two weeks without prior notice, they will be removed from the course and must pay 50% of the tuition fee to rejoin.<\/p>\n\n\t\t<\/div>\n\t<\/div>\n<div class=\"vc_empty_space\"   style=\"height: 30px\"><span class=\"vc_empty_space_inner\"><\/span><\/div><\/div><\/div><\/div><\/div><div class=\"vc_row wpb_row vc_row-fluid wpb_animate_when_almost_visible wpb_fadeIn fadeIn\" style=\"background-repeat: repeat\"><div class=\"wpb_column vc_column_container vc_col-sm-12\"><div class=\"vc_column-inner vc_custom_1723882318650\"><div class=\"wpb_wrapper\">\n\t<div class=\"wpb_text_column wpb_content_element  vc_custom_1729657762761\" >\n\t\t<div class=\"wpb_wrapper\">\n\t\t\t<h2 class=\"heading-course\" style=\"text-align: center;\"><span style=\"font-size: 25px; line-height: 1.5; word-spacing: 0.1em;\">Commitment After Course Completion<\/span><\/h2>\n\n\t\t<\/div>\n\t<\/div>\n<div class=\"vc_empty_space\"   style=\"height: 30px\"><span class=\"vc_empty_space_inner\"><\/span><\/div><\/div><\/div><\/div><\/div><div class=\"vc_row wpb_row vc_row-fluid\" style=\"background-repeat: repeat\"><div class=\"wpb_column vc_column_container vc_col-sm-3\"><div class=\"vc_column-inner\"><div class=\"wpb_wrapper\"><div class=\"mkdf-iwt clearfix  mkdf-iwt-icon-top mkdf-iwt-icon-medium\">\n\t\n\t<div class=\"mkdf-iwt-images\">\n\t\t<div class=\"mkdf-iwt-background\" >\n\t\t\t\t\t\t\t\t\t\t\t\t\t<\/div>\n\t\t\n\t\t<div class=\"mkdf-iwt-icon\">\n\t\t\t\t\t\t\t\t\t\t\t\t    <span class=\"mkdf-icon-shortcode mkdf-normal   mkdf-icon-medium\"  >\n                    <i class=\"mkdf-icon-dripicons dripicon dripicons-clock mkdf-icon-element\" style=\"\" ><\/i>            <\/span>\n\t\t\t\t\t\t\t\t\t\t<\/div>\n\t<\/div>\n\t<div class=\"mkdf-iwt-content\" >\n\t\t\t\t\t\t<h4\t\t\tclass=\"mkdf-iwt-title\" >\n\t\t\t\t\t\t\t<span class=\"mkdf-iwt-title-text\">Continuous Support<\/span>\n\t\t\t\t\t\t<\/h4>\n\t\t\t\t\t<\/div>\n<\/div><div class=\"vc_empty_space\"   style=\"height: 30px\"><span class=\"vc_empty_space_inner\"><\/span><\/div><\/div><\/div><\/div><div class=\"wpb_column vc_column_container vc_col-sm-3\"><div class=\"vc_column-inner\"><div class=\"wpb_wrapper\"><div class=\"mkdf-iwt clearfix  mkdf-iwt-icon-top mkdf-iwt-icon-medium\">\n\t\n\t<div class=\"mkdf-iwt-images\">\n\t\t<div class=\"mkdf-iwt-background\" >\n\t\t\t\t\t\t\t\t\t\t\t\t\t<\/div>\n\t\t\n\t\t<div class=\"mkdf-iwt-icon\">\n\t\t\t\t\t\t\t\t\t\t\t\t    <span class=\"mkdf-icon-shortcode mkdf-normal   mkdf-icon-medium\"  >\n                    <i class=\"mkdf-icon-dripicons dripicon dripicons-upload mkdf-icon-element\" style=\"\" ><\/i>            <\/span>\n\t\t\t\t\t\t\t\t\t\t<\/div>\n\t<\/div>\n\t<div class=\"mkdf-iwt-content\" >\n\t\t\t\t\t\t<h4\t\t\tclass=\"mkdf-iwt-title\" >\n\t\t\t\t\t\t\t<span class=\"mkdf-iwt-title-text\">Knowledge Update<\/span>\n\t\t\t\t\t\t<\/h4>\n\t\t\t\t\t<\/div>\n<\/div><div class=\"vc_empty_space\"   style=\"height: 30px\"><span class=\"vc_empty_space_inner\"><\/span><\/div><\/div><\/div><\/div><div class=\"wpb_column vc_column_container vc_col-sm-3\"><div class=\"vc_column-inner\"><div class=\"wpb_wrapper\"><div class=\"mkdf-iwt clearfix  mkdf-iwt-icon-top mkdf-iwt-icon-medium\">\n\t\n\t<div class=\"mkdf-iwt-images\">\n\t\t<div class=\"mkdf-iwt-background\" >\n\t\t\t\t\t\t\t\t\t\t\t\t\t<\/div>\n\t\t\n\t\t<div class=\"mkdf-iwt-icon\">\n\t\t\t\t\t\t\t\t\t\t\t\t    <span class=\"mkdf-icon-shortcode mkdf-normal   mkdf-icon-medium\"  >\n                    <i class=\"mkdf-icon-dripicons dripicon dripicons-briefcase mkdf-icon-element\" style=\"\" ><\/i>            <\/span>\n\t\t\t\t\t\t\t\t\t\t<\/div>\n\t<\/div>\n\t<div class=\"mkdf-iwt-content\" >\n\t\t\t\t\t\t<h4\t\t\tclass=\"mkdf-iwt-title\" >\n\t\t\t\t\t\t\t<span class=\"mkdf-iwt-title-text\">Providing Career Opportunities<\/span>\n\t\t\t\t\t\t<\/h4>\n\t\t\t\t\t<\/div>\n<\/div><div class=\"vc_empty_space\"   style=\"height: 30px\"><span class=\"vc_empty_space_inner\"><\/span><\/div><\/div><\/div><\/div><div class=\"wpb_column vc_column_container vc_col-sm-3\"><div class=\"vc_column-inner\"><div class=\"wpb_wrapper\"><div class=\"mkdf-iwt clearfix  mkdf-iwt-icon-top mkdf-iwt-icon-medium\">\n\t\n\t<div class=\"mkdf-iwt-images\">\n\t\t<div class=\"mkdf-iwt-background\" >\n\t\t\t\t\t\t\t\t\t\t\t\t\t<\/div>\n\t\t\n\t\t<div class=\"mkdf-iwt-icon\">\n\t\t\t\t\t\t\t\t\t\t\t\t    <span class=\"mkdf-icon-shortcode mkdf-normal   mkdf-icon-medium\"  >\n                    <i class=\"mkdf-icon-dripicons dripicon dripicons-checkmark mkdf-icon-element\" style=\"\" ><\/i>            <\/span>\n\t\t\t\t\t\t\t\t\t\t<\/div>\n\t<\/div>\n\t<div class=\"mkdf-iwt-content\" >\n\t\t\t\t\t\t<h4\t\t\tclass=\"mkdf-iwt-title\" >\n\t\t\t\t\t\t\t<span class=\"mkdf-iwt-title-text\">Course Completion Certificate<\/span>\n\t\t\t\t\t\t<\/h4>\n\t\t\t\t\t<\/div>\n<\/div><div class=\"vc_empty_space\"   style=\"height: 30px\"><span class=\"vc_empty_space_inner\"><\/span><\/div><\/div><\/div><\/div><\/div>\n<\/div>","protected":false},"excerpt":{"rendered":"Kh\u00f3a H\u1ecdc Combo Eyelip + Cold Plasma Combo kh\u00f3a h\u1ecdc n\u00e0y l\u00e0 s\u1ef1 k\u1ebft h\u1ee3p ho\u00e0n h\u1ea3o gi\u1eefa hai c\u00f4ng ngh\u1ec7 ti\u00ean ti\u1ebfn trong th\u1ea9m m\u1ef9 kh\u00f4ng x\u00e2m l\u1ea5n: Cold Plasma v\u00e0 Plasma Eyelid Lift. C\u1ea3 hai kh\u00f3a h\u1ecdc \u0111\u1ec1u [...]","protected":false},"author":1,"featured_media":0,"parent":0,"menu_order":0,"comment_status":"closed","ping_status":"closed","template":"","meta":{"footnotes":""},"class_list":["post-4118","page","type-page","status-publish","hentry"],"_links":{"self":[{"href":"https:\/\/levanacademy.vn\/en\/wp-json\/wp\/v2\/pages\/4118","targetHints":{"allow":["GET"]}}],"collection":[{"href":"https:\/\/levanacademy.vn\/en\/wp-json\/wp\/v2\/pages"}],"about":[{"href":"https:\/\/levanacademy.vn\/en\/wp-json\/wp\/v2\/types\/page"}],"author":[{"embeddable":true,"href":"https:\/\/levanacademy.vn\/en\/wp-json\/wp\/v2\/users\/1"}],"replies":[{"embeddable":true,"href":"https:\/\/levanacademy.vn\/en\/wp-json\/wp\/v2\/comments?post=4118"}],"version-history":[{"count":13,"href":"https:\/\/levanacademy.vn\/en\/wp-json\/wp\/v2\/pages\/4118\/revisions"}],"predecessor-version":[{"id":4694,"href":"https:\/\/levanacademy.vn\/en\/wp-json\/wp\/v2\/pages\/4118\/revisions\/4694"}],"wp:attachment":[{"href":"https:\/\/levanacademy.vn\/en\/wp-json\/wp\/v2\/media?parent=4118"}],"curies":[{"name":"wp","href":"https:\/\/api.w.org\/{rel}","templated":true}]}}