{"id":4125,"date":"2024-09-04T14:31:01","date_gmt":"2024-09-04T07:31:01","guid":{"rendered":"https:\/\/levanacademy.com\/?page_id=4125"},"modified":"2024-09-04T14:40:09","modified_gmt":"2024-09-04T07:40:09","slug":"khoa-hoc-plasma-eyelid-lift","status":"publish","type":"page","link":"https:\/\/levanacademy.vn\/en\/khoa-hoc-plasma-eyelid-lift\/","title":{"rendered":"Kh\u00f3a h\u1ecdc Plasma Eyelid Lift-Online"},"content":{"rendered":"<div class=\"wpb-content-wrapper\"><div class=\"vc_row wpb_row vc_row-fluid wpb_animate_when_almost_visible wpb_fadeIn fadeIn vc_custom_1725431241483 vc_row-o-content-middle vc_row-flex\" style=\"background-repeat: repeat\"><div class=\"wpb_column vc_column_container vc_col-sm-6\"><div class=\"vc_column-inner\"><div class=\"wpb_wrapper\">\n\t<div  class=\"wpb_single_image wpb_content_element vc_align_left\">\n\t\t\n\t\t<figure class=\"wpb_wrapper vc_figure\">\n\t\t\t<div class=\"vc_single_image-wrapper   vc_box_border_grey\"><\/div>\n\t\t<\/figure>\n\t<\/div>\n<\/div><\/div><\/div><div class=\"wpb_column vc_column_container vc_col-sm-6\"><div class=\"vc_column-inner\"><div class=\"wpb_wrapper\">\n\t<div class=\"wpb_text_column wpb_content_element  vc_custom_1725434602775\" >\n\t\t<div class=\"wpb_wrapper\">\n\t\t\t<p>TREATMENT<\/p>\n<h2 class=\"heading-course\" style=\"font-size: 60px;\">Kh\u00f3a h\u1ecdc Plasma Eyelid Lift<\/h2>\n<p>\u0110\u00e2y l\u00e0 Kh\u00f3a h\u1ecdc tr\u1ef1c tuy\u1ebfn ti\u00ean ti\u1ebfn v\u1ec1 c\u00f4ng ngh\u1ec7 n\u00e2ng m\u00ed m\u1eaft kh\u00f4ng ph\u1eabu thu\u1eadt t\u1ea1i Le Van Academy. Kh\u00f3a h\u1ecdc n\u00e0y \u0111\u01b0\u1ee3c thi\u1ebft k\u1ebf \u0111\u1eb7c bi\u1ec7t \u0111\u1ec3 ph\u00f9 h\u1ee3p v\u1edbi t\u1ea5t c\u1ea3 m\u1ecdi ng\u01b0\u1eddi, d\u00f9 b\u1ea1n \u1edf b\u1ea5t k\u1ef3 n\u01a1i \u0111\u00e2u. B\u1ea1n s\u1ebd c\u00f3 th\u1ec3 truy c\u1eadp v\u00e0 h\u1ecdc t\u1eadp linh ho\u1ea1t th\u00f4ng qua n\u1ec1n t\u1ea3ng tr\u1ef1c tuy\u1ebfn Google, v\u1edbi th\u1eddi gian h\u1ecdc kh\u00f4ng c\u1ed1 \u0111\u1ecbnh, gi\u00fap b\u1ea1n d\u1ec5 d\u00e0ng qu\u1ea3n l\u00fd th\u1eddi gian h\u1ecdc t\u1eadp c\u1ee7a m\u00ecnh m\u00e0 kh\u00f4ng g\u1eb7p tr\u1edf ng\u1ea1i v\u1ec1 kho\u1ea3ng c\u00e1ch \u0111\u1ecba l\u00fd. V\u1edbi s\u1ef1 t\u1eadn t\u00e2m v\u00e0 chuy\u00ean m\u00f4n cao, L\u00ea V\u00e2n s\u1ebd \u0111\u1ed3ng h\u00e0nh c\u00f9ng b\u1ea1n trong su\u1ed1t qu\u00e1 tr\u00ecnh h\u1ecdc t\u1eadp, gi\u00fap b\u1ea1n t\u1ef1 tin v\u00e0 th\u00e0nh th\u1ea1o trong vi\u1ec7c \u00e1p d\u1ee5ng c\u00f4ng ngh\u1ec7 Plasma v\u00e0o c\u00f4ng vi\u1ec7c c\u1ee7a m\u00ecnh.<\/p>\n\n\t\t<\/div>\n\t<\/div>\n<\/div><\/div><\/div><\/div><div class=\"vc_row wpb_row vc_row-fluid wpb_animate_when_almost_visible wpb_fadeIn fadeIn\" style=\"background-repeat: repeat\"><div class=\"wpb_column vc_column_container vc_col-sm-12\"><div class=\"vc_column-inner vc_custom_1723882318650\"><div class=\"wpb_wrapper\"><div class=\"vc_empty_space\"   style=\"height: 32px\"><span class=\"vc_empty_space_inner\"><\/span><\/div>\n\t<div class=\"wpb_text_column wpb_content_element  vc_custom_1725434622746\" >\n\t\t<div class=\"wpb_wrapper\">\n\t\t\t<h2 class=\"heading-course\" style=\"font-size: 60px;\"><span style=\"font-family: helvetica;\">Course Goals<\/span><\/h2>\n<p>Gi\u00fap h\u1ecdc vi\u00ean hi\u1ec3u s\u00e2u v\u1ec1 c\u1ea5u tr\u00fac, t\u00ednh ch\u1ea5t v\u00e0 \u1ee9ng d\u1ee5ng c\u1ee7a Plasma, \u0111\u1eb7c bi\u1ec7t trong th\u1ea9m m\u1ef9 n\u00e2ng m\u00ed m\u1eaft. H\u1ecdc vi\u00ean s\u1ebd ph\u00e1t tri\u1ec3n k\u1ef9 n\u0103ng th\u1ef1c h\u00e0nh \u0111\u1ec3 \u00e1p d\u1ee5ng ki\u1ebfn th\u1ee9c v\u00e0o th\u1ef1c t\u1ebf.<\/p>\n\n\t\t<\/div>\n\t<\/div>\n<\/div><\/div><\/div><\/div><div class=\"vc_row wpb_row vc_row-fluid wpb_animate_when_almost_visible wpb_fadeInLeft fadeInLeft vc_row-o-content-middle vc_row-flex\" style=\"background-repeat: repeat\"><div class=\"wpb_column vc_column_container vc_col-sm-12\"><div class=\"vc_column-inner\"><div class=\"wpb_wrapper\">\n\t<div  class=\"wpb_single_image wpb_content_element vc_align_left\">\n\t\t\n\t\t<figure class=\"wpb_wrapper vc_figure\">\n\t\t\t<div class=\"vc_single_image-wrapper   vc_box_border_grey\"><img decoding=\"async\" width=\"150\" height=\"70\" data-src=\"https:\/\/levanacademy.vn\/wp-content\/uploads\/2024\/08\/bia.jpg\" class=\"vc_single_image-img attachment-thumbnail lazyload\" alt=\"\" title=\"bia\" src=\"data:image\/svg+xml;base64,PHN2ZyB3aWR0aD0iMSIgaGVpZ2h0PSIxIiB4bWxucz0iaHR0cDovL3d3dy53My5vcmcvMjAwMC9zdmciPjwvc3ZnPg==\" style=\"--smush-placeholder-width: 150px; --smush-placeholder-aspect-ratio: 150\/70;\" \/><\/div>\n\t\t<\/figure>\n\t<\/div>\n<\/div><\/div><\/div><div class=\"wpb_column vc_column_container vc_col-sm-12\"><div class=\"vc_column-inner\"><div class=\"wpb_wrapper\"><div class=\"vc_row wpb_row vc_inner vc_row-fluid center-element vc_custom_1724145613915 vc_column-gap-10 vc_row-o-content-middle vc_row-flex\" style=\"background-repeat: repeat\"><div class=\"course-khoahoc wpb_column vc_column_container vc_col-sm-2\/5\"><div class=\"vc_column-inner\"><div class=\"wpb_wrapper\">\n\t<div  class=\"wpb_single_image wpb_content_element vc_align_center\">\n\t\t\n\t\t<figure class=\"wpb_wrapper vc_figure\">\n\t\t\t<div class=\"vc_single_image-wrapper   vc_box_border_grey\"><img decoding=\"async\" class=\"vc_single_image-img\" src=\"\" width=\"\" height=\"\" alt=\"a\" title=\"shop-gallery-img19-new\" loading=\"lazy\" \/><\/div>\n\t\t<\/figure>\n\t<\/div>\n<\/div><\/div><\/div><div class=\"course-khoahoc wpb_column vc_column_container vc_col-sm-2\/5\"><div class=\"vc_column-inner\"><div class=\"wpb_wrapper\">\n\t<div  class=\"wpb_single_image wpb_content_element vc_align_center\">\n\t\t\n\t\t<figure class=\"wpb_wrapper vc_figure\">\n\t\t\t<div class=\"vc_single_image-wrapper   vc_box_border_grey\"><img decoding=\"async\" class=\"vc_single_image-img\" src=\"\" width=\"\" height=\"\" alt=\"a\" title=\"shop-img4-new\" loading=\"lazy\" \/><\/div>\n\t\t<\/figure>\n\t<\/div>\n<\/div><\/div><\/div><div class=\"course-khoahoc wpb_column vc_column_container vc_col-sm-2\/5\"><div class=\"vc_column-inner\"><div class=\"wpb_wrapper\">\n\t<div  class=\"wpb_single_image wpb_content_element vc_align_center\">\n\t\t\n\t\t<figure class=\"wpb_wrapper vc_figure\">\n\t\t\t<div class=\"vc_single_image-wrapper   vc_box_border_grey\"><\/div>\n\t\t<\/figure>\n\t<\/div>\n<\/div><\/div><\/div><div class=\"course-khoahoc wpb_column vc_column_container vc_col-sm-2\/5\"><div class=\"vc_column-inner\"><div class=\"wpb_wrapper\">\n\t<div  class=\"wpb_single_image wpb_content_element vc_align_center\">\n\t\t\n\t\t<figure class=\"wpb_wrapper vc_figure\">\n\t\t\t<div class=\"vc_single_image-wrapper   vc_box_border_grey\"><\/div>\n\t\t<\/figure>\n\t<\/div>\n<\/div><\/div><\/div><\/div><\/div><\/div><\/div><\/div><div class=\"vc_row wpb_row vc_row-fluid wpb_animate_when_almost_visible wpb_fadeIn fadeIn vc_custom_1725431363078 vc_row-o-content-middle vc_row-flex\" style=\"background-repeat: repeat\"><div class=\"wpb_column vc_column_container vc_col-sm-6\"><div class=\"vc_column-inner\"><div class=\"wpb_wrapper\">\n\t<div class=\"wpb_text_column wpb_content_element  vc_custom_1725434738477\" >\n\t\t<div class=\"wpb_wrapper\">\n\t\t\t<h2 class=\"heading-course\" style=\"font-size: 60px;\"><span style=\"font-family: helvetica;\">Course Content<\/span><\/h2>\n<p>Kh\u00f3a h\u1ecdc g\u1ed3m 10 module, h\u01b0\u1edbng d\u1eabn b\u1edfi L\u00ea V\u00e2n, gi\u00fap h\u1ecdc vi\u00ean n\u1eafm v\u1eefng ki\u1ebfn th\u1ee9c v\u1ec1 Plasma, \u1ee9ng d\u1ee5ng trong y h\u1ecdc v\u00e0 th\u1ea9m m\u1ef9, Plasma Eyelid Lift, c\u00e1ch s\u1eed d\u1ee5ng thi\u1ebft b\u1ecb, bi\u1ec7n ph\u00e1p an to\u00e0n v\u00e0 qu\u1ea3n l\u00fd bi\u1ebfn ch\u1ee9ng.<\/p>\n<p><span style=\"font-family: helvetica;\"><button class=\"mkdf-btn mkdf-btn-medium mkdf-btn-solid popup-chitiet-khoahoc-6\">Details<\/button><\/span><\/p>\n\n\t\t<\/div>\n\t<\/div>\n<\/div><\/div><\/div><div class=\"wpb_column vc_column_container vc_col-sm-6\"><div class=\"vc_column-inner\"><div class=\"wpb_wrapper\">\n\t<div  class=\"wpb_single_image wpb_content_element vc_align_left\">\n\t\t\n\t\t<figure class=\"wpb_wrapper vc_figure\">\n\t\t\t<div class=\"vc_single_image-wrapper   vc_box_border_grey\"><\/div>\n\t\t<\/figure>\n\t<\/div>\n<\/div><\/div><\/div><\/div><div class=\"vc_row wpb_row vc_row-fluid wpb_animate_when_almost_visible wpb_fadeIn fadeIn vc_row-o-content-middle vc_row-flex\" style=\"background-repeat: repeat\"><div class=\"wpb_column vc_column_container vc_col-sm-9\"><div class=\"vc_column-inner\"><div class=\"wpb_wrapper\">\n\t<div class=\"wpb_text_column wpb_content_element  vc_custom_1725434924339\" >\n\t\t<div class=\"wpb_wrapper\">\n\t\t\t<h2 class=\"heading-course\" style=\"font-size: 60px;\"><span style=\"font-family: helvetica;\">Learning Method<br \/>\n<\/span><\/h2>\n<p>H\u1ecdc vi\u00ean s\u1ebd c\u00f3 6 th\u00e1ng \u0111\u1ec3 h\u1ecdc v\u00e0 th\u1ef1c h\u00e0nh, v\u1edbi th\u1eddi gian ti\u1ebfp c\u1eadn t\u00e0i li\u1ec7u v\u00e0 video h\u1ecdc t\u1eadp linh ho\u1ea1t. H\u1ecdc th\u00f4ng qua video 4K v\u00e0 t\u00e0i li\u1ec7u PDF \u0111\u1ed9c quy\u1ec1n. Nh\u1eadn ph\u1ea3n h\u1ed3i c\u00e1 nh\u00e2n v\u00e0 h\u1ed7 tr\u1ee3 li\u00ean t\u1ee5c t\u1eeb Master L\u00ea V\u00e2n trong su\u1ed1t qu\u00e1 tr\u00ecnh h\u1ecdc.<\/p>\n\n\t\t<\/div>\n\t<\/div>\n<\/div><\/div><\/div><div class=\"wpb_column vc_column_container vc_col-sm-3 vc_hidden-sm vc_hidden-xs\"><div class=\"vc_column-inner\"><div class=\"wpb_wrapper\">\n\t<div  class=\"wpb_single_image wpb_content_element vc_align_left\">\n\t\t\n\t\t<figure class=\"wpb_wrapper vc_figure\">\n\t\t\t<div class=\"vc_single_image-wrapper   vc_box_border_grey\"><img decoding=\"async\" class=\"vc_single_image-img lazyload\" data-src=\"https:\/\/levanacademy.vn\/wp-content\/uploads\/2024\/08\/cropped-hong-100x100.png\" width=\"100\" height=\"100\" alt=\"Logo pink\" title=\"Logo pink\" src=\"data:image\/svg+xml;base64,PHN2ZyB3aWR0aD0iMSIgaGVpZ2h0PSIxIiB4bWxucz0iaHR0cDovL3d3dy53My5vcmcvMjAwMC9zdmciPjwvc3ZnPg==\" style=\"--smush-placeholder-width: 100px; --smush-placeholder-aspect-ratio: 100\/100;\" \/><\/div>\n\t\t<\/figure>\n\t<\/div>\n<\/div><\/div><\/div><div class=\"wpb_column vc_column_container vc_col-sm-12\"><div class=\"vc_column-inner\"><div class=\"wpb_wrapper\"><div class=\"vc_empty_space\"   style=\"height: 30px\"><span class=\"vc_empty_space_inner\"><\/span><\/div><div class=\"vc_row wpb_row vc_inner vc_row-fluid center-element vc_row-o-content-top vc_row-flex\" style=\"background-repeat: repeat\"><div class=\"course-khoahoc wpb_column vc_column_container vc_col-sm-6\"><div class=\"vc_column-inner\"><div class=\"wpb_wrapper\">\n\t<div  class=\"wpb_single_image wpb_content_element vc_align_center\">\n\t\t\n\t\t<figure class=\"wpb_wrapper vc_figure\">\n\t\t\t<div class=\"vc_single_image-wrapper   vc_box_border_grey\"><\/div>\n\t\t<\/figure>\n\t<\/div>\n\n\t<div class=\"wpb_text_column wpb_content_element\" >\n\t\t<div class=\"wpb_wrapper\">\n\t\t\t<p style=\"text-align: center;\">T\u00e0i li\u1ec7u PDF \u0111\u1ed9c quy\u1ec1n.(h\u00ecnh \u1ea3nh v\u1ec1 t\u00e0i li\u1ec7u)<\/p>\n\n\t\t<\/div>\n\t<\/div>\n<\/div><\/div><\/div><div class=\"course-khoahoc wpb_column vc_column_container vc_col-sm-6\"><div class=\"vc_column-inner\"><div class=\"wpb_wrapper\">\n\t<div  class=\"wpb_single_image wpb_content_element vc_align_center\">\n\t\t\n\t\t<figure class=\"wpb_wrapper vc_figure\">\n\t\t\t<div class=\"vc_single_image-wrapper   vc_box_border_grey\"><img decoding=\"async\" class=\"vc_single_image-img\" src=\"\" width=\"\" height=\"\" alt=\"a\" title=\"shop-gallery-img7-new\" loading=\"lazy\" \/><\/div>\n\t\t<\/figure>\n\t<\/div>\n\n\t<div class=\"wpb_text_column wpb_content_element\" >\n\t\t<div class=\"wpb_wrapper\">\n\t\t\t<p style=\"text-align: center;\">H\u1ecdc th\u00f4ng qua video 4K<\/p>\n\n\t\t<\/div>\n\t<\/div>\n<\/div><\/div><\/div><\/div><\/div><\/div><\/div><\/div><div class=\"vc_row wpb_row vc_row-fluid wpb_animate_when_almost_visible wpb_fadeIn fadeIn\" style=\"background-repeat: repeat\"><div class=\"wpb_column vc_column_container vc_col-sm-12\"><div class=\"vc_column-inner vc_custom_1723882318650\"><div class=\"wpb_wrapper\">\n\t<div class=\"wpb_text_column wpb_content_element  vc_custom_1725423035080\" >\n\t\t<div class=\"wpb_wrapper\">\n\t\t\t<h2 class=\"heading-course\" style=\"font-size: 60px;\"><span style=\"font-family: helvetica;\">Student Requirements<\/span><\/h2>\n<p>Students are required to dedicate 2-3 hours daily to practice and submit assignments. If a student fails to submit assignments for two weeks without prior notice, they will be removed from the course and must pay 50% of the tuition fee to rejoin.<\/p>\n\n\t\t<\/div>\n\t<\/div>\n<div class=\"vc_empty_space\"   style=\"height: 30px\"><span class=\"vc_empty_space_inner\"><\/span><\/div><\/div><\/div><\/div><\/div><div class=\"vc_row wpb_row vc_row-fluid wpb_animate_when_almost_visible wpb_fadeIn fadeIn\" style=\"background-repeat: repeat\"><div class=\"wpb_column vc_column_container vc_col-sm-12\"><div class=\"vc_column-inner vc_custom_1723882318650\"><div class=\"wpb_wrapper\">\n\t<div class=\"wpb_text_column wpb_content_element  vc_custom_1725423522881\" >\n\t\t<div class=\"wpb_wrapper\">\n\t\t\t<h2 class=\"heading-course\" style=\"font-size: 60px; text-align: center;\">Commitment After Course Completion<\/h2>\n\n\t\t<\/div>\n\t<\/div>\n<div class=\"vc_empty_space\"   style=\"height: 30px\"><span class=\"vc_empty_space_inner\"><\/span><\/div><\/div><\/div><\/div><\/div><div class=\"vc_row wpb_row vc_row-fluid\" style=\"background-repeat: repeat\"><div class=\"wpb_column vc_column_container vc_col-sm-3\"><div class=\"vc_column-inner\"><div class=\"wpb_wrapper\"><div class=\"mkdf-iwt clearfix  mkdf-iwt-icon-top mkdf-iwt-icon-medium\">\n\t\n\t<div class=\"mkdf-iwt-images\">\n\t\t<div class=\"mkdf-iwt-background\" >\n\t\t\t\t\t\t\t\t\t\t\t\t\t<\/div>\n\t\t\n\t\t<div class=\"mkdf-iwt-icon\">\n\t\t\t\t\t\t\t\t\t\t\t\t    <span class=\"mkdf-icon-shortcode mkdf-normal   mkdf-icon-medium\"  >\n                    <i class=\"mkdf-icon-dripicons dripicon dripicons-clock mkdf-icon-element\" style=\"\" ><\/i>            <\/span>\n\t\t\t\t\t\t\t\t\t\t<\/div>\n\t<\/div>\n\t<div class=\"mkdf-iwt-content\" >\n\t\t\t\t\t\t<h4\t\t\tclass=\"mkdf-iwt-title\" >\n\t\t\t\t\t\t\t<span class=\"mkdf-iwt-title-text\">Continuous Support<\/span>\n\t\t\t\t\t\t<\/h4>\n\t\t\t\t\t<\/div>\n<\/div><div class=\"vc_empty_space\"   style=\"height: 30px\"><span class=\"vc_empty_space_inner\"><\/span><\/div><\/div><\/div><\/div><div class=\"wpb_column vc_column_container vc_col-sm-3\"><div class=\"vc_column-inner\"><div class=\"wpb_wrapper\"><div class=\"mkdf-iwt clearfix  mkdf-iwt-icon-top mkdf-iwt-icon-medium\">\n\t\n\t<div class=\"mkdf-iwt-images\">\n\t\t<div class=\"mkdf-iwt-background\" >\n\t\t\t\t\t\t\t\t\t\t\t\t\t<\/div>\n\t\t\n\t\t<div class=\"mkdf-iwt-icon\">\n\t\t\t\t\t\t\t\t\t\t\t\t    <span class=\"mkdf-icon-shortcode mkdf-normal   mkdf-icon-medium\"  >\n                    <i class=\"mkdf-icon-dripicons dripicon dripicons-upload mkdf-icon-element\" style=\"\" ><\/i>            <\/span>\n\t\t\t\t\t\t\t\t\t\t<\/div>\n\t<\/div>\n\t<div class=\"mkdf-iwt-content\" >\n\t\t\t\t\t\t<h4\t\t\tclass=\"mkdf-iwt-title\" >\n\t\t\t\t\t\t\t<span class=\"mkdf-iwt-title-text\">Knowledge Update<\/span>\n\t\t\t\t\t\t<\/h4>\n\t\t\t\t\t<\/div>\n<\/div><div class=\"vc_empty_space\"   style=\"height: 30px\"><span class=\"vc_empty_space_inner\"><\/span><\/div><\/div><\/div><\/div><div class=\"wpb_column vc_column_container vc_col-sm-3\"><div class=\"vc_column-inner\"><div class=\"wpb_wrapper\"><div class=\"mkdf-iwt clearfix  mkdf-iwt-icon-top mkdf-iwt-icon-medium\">\n\t\n\t<div class=\"mkdf-iwt-images\">\n\t\t<div class=\"mkdf-iwt-background\" >\n\t\t\t\t\t\t\t\t\t\t\t\t\t<\/div>\n\t\t\n\t\t<div class=\"mkdf-iwt-icon\">\n\t\t\t\t\t\t\t\t\t\t\t\t    <span class=\"mkdf-icon-shortcode mkdf-normal   mkdf-icon-medium\"  >\n                    <i class=\"mkdf-icon-dripicons dripicon dripicons-briefcase mkdf-icon-element\" style=\"\" ><\/i>            <\/span>\n\t\t\t\t\t\t\t\t\t\t<\/div>\n\t<\/div>\n\t<div class=\"mkdf-iwt-content\" >\n\t\t\t\t\t\t<h4\t\t\tclass=\"mkdf-iwt-title\" >\n\t\t\t\t\t\t\t<span class=\"mkdf-iwt-title-text\">Providing Career Opportunities<\/span>\n\t\t\t\t\t\t<\/h4>\n\t\t\t\t\t<\/div>\n<\/div><div class=\"vc_empty_space\"   style=\"height: 30px\"><span class=\"vc_empty_space_inner\"><\/span><\/div><\/div><\/div><\/div><div class=\"wpb_column vc_column_container vc_col-sm-3\"><div class=\"vc_column-inner\"><div class=\"wpb_wrapper\"><div class=\"mkdf-iwt clearfix  mkdf-iwt-icon-top mkdf-iwt-icon-medium\">\n\t\n\t<div class=\"mkdf-iwt-images\">\n\t\t<div class=\"mkdf-iwt-background\" >\n\t\t\t\t\t\t\t\t\t\t\t\t\t<\/div>\n\t\t\n\t\t<div class=\"mkdf-iwt-icon\">\n\t\t\t\t\t\t\t\t\t\t\t\t    <span class=\"mkdf-icon-shortcode mkdf-normal   mkdf-icon-medium\"  >\n                    <i class=\"mkdf-icon-dripicons dripicon dripicons-checkmark mkdf-icon-element\" style=\"\" ><\/i>            <\/span>\n\t\t\t\t\t\t\t\t\t\t<\/div>\n\t<\/div>\n\t<div class=\"mkdf-iwt-content\" >\n\t\t\t\t\t\t<h4\t\t\tclass=\"mkdf-iwt-title\" >\n\t\t\t\t\t\t\t<span class=\"mkdf-iwt-title-text\">Course Completion Certificate<\/span>\n\t\t\t\t\t\t<\/h4>\n\t\t\t\t\t<\/div>\n<\/div><div class=\"vc_empty_space\"   style=\"height: 30px\"><span class=\"vc_empty_space_inner\"><\/span><\/div><\/div><\/div><\/div><\/div>\n<\/div>","protected":false},"excerpt":{"rendered":"TREATMENT Kh\u00f3a h\u1ecdc Plasma Eyelid Lift \u0110\u00e2y l\u00e0 Kh\u00f3a h\u1ecdc tr\u1ef1c tuy\u1ebfn ti\u00ean ti\u1ebfn v\u1ec1 c\u00f4ng ngh\u1ec7 n\u00e2ng m\u00ed m\u1eaft kh\u00f4ng ph\u1eabu thu\u1eadt t\u1ea1i Le Van Academy. Kh\u00f3a h\u1ecdc n\u00e0y \u0111\u01b0\u1ee3c thi\u1ebft k\u1ebf \u0111\u1eb7c bi\u1ec7t \u0111\u1ec3 ph\u00f9 h\u1ee3p v\u1edbi t\u1ea5t [...]","protected":false},"author":1,"featured_media":0,"parent":0,"menu_order":0,"comment_status":"closed","ping_status":"closed","template":"","meta":{"footnotes":""},"class_list":["post-4125","page","type-page","status-publish","hentry"],"_links":{"self":[{"href":"https:\/\/levanacademy.vn\/en\/wp-json\/wp\/v2\/pages\/4125","targetHints":{"allow":["GET"]}}],"collection":[{"href":"https:\/\/levanacademy.vn\/en\/wp-json\/wp\/v2\/pages"}],"about":[{"href":"https:\/\/levanacademy.vn\/en\/wp-json\/wp\/v2\/types\/page"}],"author":[{"embeddable":true,"href":"https:\/\/levanacademy.vn\/en\/wp-json\/wp\/v2\/users\/1"}],"replies":[{"embeddable":true,"href":"https:\/\/levanacademy.vn\/en\/wp-json\/wp\/v2\/comments?post=4125"}],"version-history":[{"count":2,"href":"https:\/\/levanacademy.vn\/en\/wp-json\/wp\/v2\/pages\/4125\/revisions"}],"predecessor-version":[{"id":4129,"href":"https:\/\/levanacademy.vn\/en\/wp-json\/wp\/v2\/pages\/4125\/revisions\/4129"}],"wp:attachment":[{"href":"https:\/\/levanacademy.vn\/en\/wp-json\/wp\/v2\/media?parent=4125"}],"curies":[{"name":"wp","href":"https:\/\/api.w.org\/{rel}","templated":true}]}}