{"id":688,"date":"2019-08-09T13:34:03","date_gmt":"2019-08-09T13:34:03","guid":{"rendered":"https:\/\/biagiotti.qodeinteractive.com\/?page_id=688"},"modified":"2024-09-25T13:48:31","modified_gmt":"2024-09-25T06:48:31","slug":"doi-ngu-chung-toi","status":"publish","type":"page","link":"https:\/\/levanacademy.vn\/en\/doi-ngu-chung-toi\/","title":{"rendered":"\u0110\u1ed9i ng\u0169 ch\u00fang t\u00f4i"},"content":{"rendered":"<div class=\"wpb-content-wrapper\"><div class=\"vc_row wpb_row vc_row-fluid\" style=\"background-repeat: repeat\"><div class=\"wpb_column vc_column_container vc_col-sm-12\"><div class=\"vc_column-inner\"><div class=\"wpb_wrapper\"><div class=\"mkdf-team-holder mkdf-team-left\">\n\t<div class=\"mkdf-team-inner\">\n\t\t\t\t\t<div class=\"mkdf-team-image\">\n                <img fetchpriority=\"high\" decoding=\"async\" width=\"1707\" height=\"2560\" src=\"https:\/\/levanacademy.vn\/wp-content\/uploads\/2024\/09\/TLPMU2024-1291-scaled.jpg\" class=\"attachment-full size-full\" alt=\"\" srcset=\"https:\/\/levanacademy.vn\/wp-content\/uploads\/2024\/09\/TLPMU2024-1291-scaled.jpg 1707w, https:\/\/levanacademy.vn\/wp-content\/uploads\/2024\/09\/TLPMU2024-1291-200x300.jpg 200w, https:\/\/levanacademy.vn\/wp-content\/uploads\/2024\/09\/TLPMU2024-1291-683x1024.jpg 683w, https:\/\/levanacademy.vn\/wp-content\/uploads\/2024\/09\/TLPMU2024-1291-768x1152.jpg 768w, https:\/\/levanacademy.vn\/wp-content\/uploads\/2024\/09\/TLPMU2024-1291-1024x1536.jpg 1024w, https:\/\/levanacademy.vn\/wp-content\/uploads\/2024\/09\/TLPMU2024-1291-1365x2048.jpg 1365w, https:\/\/levanacademy.vn\/wp-content\/uploads\/2024\/09\/TLPMU2024-1291-600x900.jpg 600w\" sizes=\"(max-width: 1707px) 100vw, 1707px\" \/>\t\t\t\t\t\t\t<\/div>\n\t\t\t\t<div class=\"mkdf-team-info\">\n\t\t\t\t\t\t\t\t\t\t<h5 class=\"mkdf-team-position\" >Chuy\u00ean Gia Phun X\u0103m Th\u1ea9m M\u1ef9<\/h5>\n\t\t\t\t\t\t\t\t\t\t<p class=\"mkdf-team-text\" >M\u1ed7i chuy\u00ean gia \u0111\u1ec1u c\u00f3 kinh nghi\u1ec7m l\u00e2u n\u0103m v\u00e0 \u0111\u01b0\u1ee3c c\u1eadp nh\u1eadt li\u00ean t\u1ee5c c\u00e1c c\u00f4ng ngh\u1ec7, xu h\u01b0\u1edbng m\u1edbi nh\u1ea5t trong ng\u00e0nh. V\u1edbi \u0111\u00f4i tay kh\u00e9o l\u00e9o v\u00e0 con m\u1eaft ngh\u1ec7 thu\u1eadt, ch\u00fang t\u00f4i cam k\u1ebft mang \u0111\u1ebfn cho kh\u00e1ch h\u00e0ng nh\u1eefng d\u00e1ng ch\u00e2n m\u00e0y, \u0111\u00f4i m\u00f4i, ho\u00e0n h\u1ea3o, t\u1ef1 nhi\u00ean, ph\u00f9 h\u1ee3p nh\u1ea5t v\u1edbi khu\u00f4n m\u1eb7t c\u1ee7a b\u1ea3n th\u00e2n.<\/p>\n\t\t\t\t\t\t\t\t<\/div>\n\t<\/div>\n<\/div><\/div><\/div><\/div><\/div><div class=\"vc_row wpb_row vc_row-fluid\" style=\"background-repeat: repeat\"><div class=\"wpb_column vc_column_container vc_col-sm-12\"><div class=\"vc_column-inner\"><div class=\"wpb_wrapper\"><div class=\"mkdf-team-holder mkdf-team-right\">\n\t<div class=\"mkdf-team-inner\">\n\t\t\t\t\t<div class=\"mkdf-team-image\">\n                <img decoding=\"async\" width=\"2560\" height=\"1706\" data-src=\"https:\/\/levanacademy.vn\/wp-content\/uploads\/2024\/09\/IMG_4120-scaled.jpg\" class=\"attachment-full size-full lazyload\" alt=\"\" data-srcset=\"https:\/\/levanacademy.vn\/wp-content\/uploads\/2024\/09\/IMG_4120-scaled.jpg 2560w, https:\/\/levanacademy.vn\/wp-content\/uploads\/2024\/09\/IMG_4120-300x200.jpg 300w, https:\/\/levanacademy.vn\/wp-content\/uploads\/2024\/09\/IMG_4120-1024x682.jpg 1024w, https:\/\/levanacademy.vn\/wp-content\/uploads\/2024\/09\/IMG_4120-768x512.jpg 768w, https:\/\/levanacademy.vn\/wp-content\/uploads\/2024\/09\/IMG_4120-1536x1024.jpg 1536w, https:\/\/levanacademy.vn\/wp-content\/uploads\/2024\/09\/IMG_4120-600x400.jpg 600w\" data-sizes=\"(max-width: 2560px) 100vw, 2560px\" src=\"data:image\/svg+xml;base64,PHN2ZyB3aWR0aD0iMSIgaGVpZ2h0PSIxIiB4bWxucz0iaHR0cDovL3d3dy53My5vcmcvMjAwMC9zdmciPjwvc3ZnPg==\" style=\"--smush-placeholder-width: 2560px; --smush-placeholder-aspect-ratio: 2560\/1706;\" \/>\t\t\t\t\t\t\t<\/div>\n\t\t\t\t<div class=\"mkdf-team-info\">\n\t\t\t\t\t\t\t\t\t\t<h5 class=\"mkdf-team-position\" >B\u00e1c S\u0129 Da Li\u1ec5u V\u00e0 T\u01b0 V\u1ea5n Vi\u00ean:<\/h5>\n\t\t\t\t\t\t\t\t\t\t<p class=\"mkdf-team-text\" >Levanacademy c\u00f3 \u0111\u1ed9i ng\u0169 b\u00e1c s\u0129 da li\u1ec5u t\u1eadn t\u00e2m, gi\u00e0u kinh nghi\u1ec7m trong l\u0129nh v\u1ef1c ch\u0103m s\u00f3c v\u00e0 \u0111i\u1ec1u tr\u1ecb da tr\u01b0\u1edbc, trong v\u00e0 sau qu\u00e1 tr\u00ecnh phun x\u0103m. B\u00ean c\u1ea1nh \u0111\u00f3 l\u00e0 c\u00e1c t\u01b0 v\u1ea5n vi\u00ean s\u1ebd h\u1ed7 tr\u1ee3 kh\u00e1ch h\u00e0ng t\u1eeb kh\u00e2u l\u1ef1a ch\u1ecdn d\u1ecbch v\u1ee5, \u0111\u1ea3m b\u1ea3o m\u1ed7i quy\u1ebft \u0111\u1ecbnh l\u00e0m \u0111\u1eb9p c\u1ee7a b\u1ea1n \u0111\u1ec1u d\u1ef1a tr\u00ean s\u1ef1 hi\u1ec3u bi\u1ebft v\u00e0 t\u01b0 v\u1ea5n t\u1eadn t\u00ecnh.<\/p>\n\t\t\t\t\t\t\t\t\t\t<div class=\"mkdf-team-social-holder\">\n\t\t\t\t\t\t\t\t\t\t\t<span class=\"mkdf-team-icon\">    <span class=\"mkdf-icon-shortcode mkdf-normal\">\n                    <a class=\"\" href=\"https:\/\/www.facebook.com\/QodeInteractive\/\" target=\"_blank\">\n                    <i class=\"mkdf-icon-ion-icon ion-social-facebook mkdf-icon-element\"><\/i>                    <\/a>\n            <\/span>\n<\/span>\n\t\t\t\t\t\t\t\t\t\t\t<span class=\"mkdf-team-icon\">    <span class=\"mkdf-icon-shortcode mkdf-normal\">\n                    <a class=\"\" href=\"https:\/\/twitter.com\/QodeInteractive\" target=\"_blank\">\n                    <i class=\"mkdf-icon-ion-icon ion-social-twitter mkdf-icon-element\"><\/i>                    <\/a>\n            <\/span>\n<\/span>\n\t\t\t\t\t\t\t\t\t\t\t<span class=\"mkdf-team-icon\">    <span class=\"mkdf-icon-shortcode mkdf-normal\">\n                    <a class=\"\" href=\"https:\/\/www.instagram.com\/qodeinteractive\/\" target=\"_blank\">\n                    <i class=\"mkdf-icon-ion-icon ion-social-instagram mkdf-icon-element\"><\/i>                    <\/a>\n            <\/span>\n<\/span>\n\t\t\t\t\t\t\t\t\t\t\t<span class=\"mkdf-team-icon\">    <span class=\"mkdf-icon-shortcode mkdf-normal\">\n                    <a class=\"\" href=\"https:\/\/www.pinterest.com\/qodeinteractive\/\" target=\"_blank\">\n                    <i class=\"mkdf-icon-ion-icon ion-social-pinterest mkdf-icon-element\"><\/i>                    <\/a>\n            <\/span>\n<\/span>\n\t\t\t\t\t\t\t\t\t<\/div>\n\t\t\t\t\t<\/div>\n\t<\/div>\n<\/div><\/div><\/div><\/div><\/div><div class=\"vc_row wpb_row vc_row-fluid\" style=\"background-repeat: repeat\"><div class=\"wpb_column vc_column_container vc_col-sm-12\"><div class=\"vc_column-inner\"><div class=\"wpb_wrapper\"><div class=\"mkdf-team-holder mkdf-team-left\">\n\t<div class=\"mkdf-team-inner\">\n\t\t\t\t\t<div class=\"mkdf-team-image\">\n                <img decoding=\"async\" width=\"2560\" height=\"1706\" data-src=\"https:\/\/levanacademy.vn\/wp-content\/uploads\/2024\/09\/IMG_4045-scaled.jpg\" class=\"attachment-full size-full lazyload\" alt=\"\" data-srcset=\"https:\/\/levanacademy.vn\/wp-content\/uploads\/2024\/09\/IMG_4045-scaled.jpg 2560w, https:\/\/levanacademy.vn\/wp-content\/uploads\/2024\/09\/IMG_4045-300x200.jpg 300w, https:\/\/levanacademy.vn\/wp-content\/uploads\/2024\/09\/IMG_4045-1024x682.jpg 1024w, https:\/\/levanacademy.vn\/wp-content\/uploads\/2024\/09\/IMG_4045-768x512.jpg 768w, https:\/\/levanacademy.vn\/wp-content\/uploads\/2024\/09\/IMG_4045-1536x1024.jpg 1536w, https:\/\/levanacademy.vn\/wp-content\/uploads\/2024\/09\/IMG_4045-600x400.jpg 600w\" data-sizes=\"(max-width: 2560px) 100vw, 2560px\" src=\"data:image\/svg+xml;base64,PHN2ZyB3aWR0aD0iMSIgaGVpZ2h0PSIxIiB4bWxucz0iaHR0cDovL3d3dy53My5vcmcvMjAwMC9zdmciPjwvc3ZnPg==\" style=\"--smush-placeholder-width: 2560px; --smush-placeholder-aspect-ratio: 2560\/1706;\" \/>\t\t\t\t\t\t\t<\/div>\n\t\t\t\t<div class=\"mkdf-team-info\">\n\t\t\t\t\t\t\t\t\t\t<h5 class=\"mkdf-team-position\" >Chuy\u00ean Vi\u00ean Ch\u0103m S\u00f3c Kh\u00e1ch H\u00e0ng<\/h5>\n\t\t\t\t\t\t\t\t\t\t<p class=\"mkdf-team-text\" >\u0110\u1ed9i ng\u0169 ch\u0103m s\u00f3c kh\u00e1ch h\u00e0ng c\u1ee7a ch\u00fang t\u00f4i lu\u00f4n s\u1eb5n s\u00e0ng ph\u1ee5c v\u1ee5 v\u1edbi th\u00e1i \u0111\u1ed9 chuy\u00ean nghi\u1ec7p, nhi\u1ec7t t\u00ecnh, v\u00e0 chu \u0111\u00e1o. T\u1eeb khi b\u1ea1n b\u01b0\u1edbc v\u00e0o \u0111\u1ebfn khi ho\u00e0n th\u00e0nh d\u1ecbch v\u1ee5, ch\u00fang t\u00f4i \u0111\u1ea3m b\u1ea3o b\u1ea1n s\u1ebd c\u00f3 tr\u1ea3i nghi\u1ec7m tho\u1ea3i m\u00e1i, h\u00e0i l\u00f2ng nh\u1ea5t.<\/p>\n\t\t\t\t\t\t\t\t\t\t<div class=\"mkdf-team-social-holder\">\n\t\t\t\t\t\t\t\t\t\t\t<span class=\"mkdf-team-icon\">    <span class=\"mkdf-icon-shortcode mkdf-normal\">\n                    <a class=\"\" href=\"https:\/\/www.facebook.com\/QodeInteractive\/\" target=\"_blank\">\n                    <i class=\"mkdf-icon-ion-icon ion-social-facebook mkdf-icon-element\"><\/i>                    <\/a>\n            <\/span>\n<\/span>\n\t\t\t\t\t\t\t\t\t\t\t<span class=\"mkdf-team-icon\">    <span class=\"mkdf-icon-shortcode mkdf-normal\">\n                    <a class=\"\" href=\"https:\/\/twitter.com\/QodeInteractive\" target=\"_blank\">\n                    <i class=\"mkdf-icon-ion-icon ion-social-twitter mkdf-icon-element\"><\/i>                    <\/a>\n            <\/span>\n<\/span>\n\t\t\t\t\t\t\t\t\t\t\t<span class=\"mkdf-team-icon\">    <span class=\"mkdf-icon-shortcode mkdf-normal\">\n                    <a class=\"\" href=\"https:\/\/www.instagram.com\/qodeinteractive\/\" target=\"_blank\">\n                    <i class=\"mkdf-icon-ion-icon ion-social-instagram mkdf-icon-element\"><\/i>                    <\/a>\n            <\/span>\n<\/span>\n\t\t\t\t\t\t\t\t\t\t\t<span class=\"mkdf-team-icon\">    <span class=\"mkdf-icon-shortcode mkdf-normal\">\n                    <a class=\"\" href=\"https:\/\/www.pinterest.com\/qodeinteractive\/\" target=\"_blank\">\n                    <i class=\"mkdf-icon-ion-icon ion-social-pinterest mkdf-icon-element\"><\/i>                    <\/a>\n            <\/span>\n<\/span>\n\t\t\t\t\t\t\t\t\t<\/div>\n\t\t\t\t\t<\/div>\n\t<\/div>\n<\/div><\/div><\/div><\/div><\/div>\n<\/div>","protected":false},"excerpt":{"rendered":"Chuy\u00ean Gia Phun X\u0103m Th\u1ea9m M\u1ef9 M\u1ed7i chuy\u00ean gia \u0111\u1ec1u c\u00f3 kinh nghi\u1ec7m l\u00e2u n\u0103m v\u00e0 \u0111\u01b0\u1ee3c c\u1eadp nh\u1eadt li\u00ean t\u1ee5c c\u00e1c c\u00f4ng ngh\u1ec7, xu h\u01b0\u1edbng m\u1edbi nh\u1ea5t trong ng\u00e0nh. V\u1edbi \u0111\u00f4i tay kh\u00e9o l\u00e9o v\u00e0 con m\u1eaft ngh\u1ec7 thu\u1eadt, [...]","protected":false},"author":1,"featured_media":0,"parent":0,"menu_order":0,"comment_status":"closed","ping_status":"closed","template":"","meta":{"footnotes":""},"class_list":["post-688","page","type-page","status-publish","hentry"],"_links":{"self":[{"href":"https:\/\/levanacademy.vn\/en\/wp-json\/wp\/v2\/pages\/688","targetHints":{"allow":["GET"]}}],"collection":[{"href":"https:\/\/levanacademy.vn\/en\/wp-json\/wp\/v2\/pages"}],"about":[{"href":"https:\/\/levanacademy.vn\/en\/wp-json\/wp\/v2\/types\/page"}],"author":[{"embeddable":true,"href":"https:\/\/levanacademy.vn\/en\/wp-json\/wp\/v2\/users\/1"}],"replies":[{"embeddable":true,"href":"https:\/\/levanacademy.vn\/en\/wp-json\/wp\/v2\/comments?post=688"}],"version-history":[{"count":5,"href":"https:\/\/levanacademy.vn\/en\/wp-json\/wp\/v2\/pages\/688\/revisions"}],"predecessor-version":[{"id":4461,"href":"https:\/\/levanacademy.vn\/en\/wp-json\/wp\/v2\/pages\/688\/revisions\/4461"}],"wp:attachment":[{"href":"https:\/\/levanacademy.vn\/en\/wp-json\/wp\/v2\/media?parent=688"}],"curies":[{"name":"wp","href":"https:\/\/api.w.org\/{rel}","templated":true}]}}