{"id":806,"date":"2019-08-12T11:10:55","date_gmt":"2019-08-12T11:10:55","guid":{"rendered":"https:\/\/biagiotti.qodeinteractive.com\/?page_id=806"},"modified":"2024-09-25T11:20:45","modified_gmt":"2024-09-25T04:20:45","slug":"faq-page","status":"publish","type":"page","link":"https:\/\/levanacademy.vn\/en\/faq-page\/","title":{"rendered":"FAQ Page"},"content":{"rendered":"<div class=\"wpb-content-wrapper\"><div class=\"vc_row wpb_row vc_row-fluid\" style=\"background-repeat: repeat\"><div class=\"wpb_column vc_column_container vc_col-sm-12\"><div class=\"vc_column-inner\"><div class=\"wpb_wrapper\">\n\t<div class=\"wpb_text_column wpb_content_element\" >\n\t\t<div class=\"wpb_wrapper\">\n\t\t\t<h3><span style=\"font-size: 25px;\">1. T\u1ea1i Sao N\u00ean Ch\u1ecdn C\u00f4ng Ngh\u1ec7 Hyper Realistic?<\/span><\/h3>\n\n\t\t<\/div>\n\t<\/div>\n\n\t<div class=\"wpb_text_column wpb_content_element\" >\n\t\t<div class=\"wpb_wrapper\">\n\t\t\t<p>C\u00f4ng ngh\u1ec7 Hyper Realistic t\u1ea1o l\u00f4ng m\u00e0y si\u00eau t\u1ef1 nhi\u00ean v\u1edbi s\u1ee3i m\u1ea3nh, m\u1ec1m m\u1ea1i, kh\u00f4ng \u0111au v\u00e0 kh\u00f4ng s\u01b0ng. Th\u1eddi gian th\u1ef1c hi\u1ec7n nhanh ch\u00f3ng, ch\u1ec9 b\u1eb1ng 1\/3 so v\u1edbi c\u00f4ng ngh\u1ec7 c\u0169. M\u1ef1c phun b\u1ec1n m\u00e0u t\u1eeb 1-3 n\u0103m, t\u1ef1 \u0111\u00e0o th\u1ea3i t\u1ef1 nhi\u00ean m\u00e0 kh\u00f4ng c\u1ea7n can thi\u1ec7p x\u00f3a. Ph\u00f9 h\u1ee3p v\u1edbi m\u1ecdi d\u00e1ng m\u1eb7t, mang l\u1ea1i v\u1ebb \u0111\u1eb9p h\u00e0i h\u00f2a v\u00e0 kh\u00f4ng c\u1ea7n ki\u00eang khem sau li\u1ec7u tr\u00ecnh.<\/p>\n\n\t\t<\/div>\n\t<\/div>\n<div class=\"vc_empty_space\"   style=\"height: 38px\"><span class=\"vc_empty_space_inner\"><\/span><\/div><\/div><\/div><\/div><\/div><div class=\"vc_row wpb_row vc_row-fluid\" style=\"background-repeat: repeat\"><div class=\"wpb_column vc_column_container vc_col-sm-12\"><div class=\"vc_column-inner\"><div class=\"wpb_wrapper\">\n\t<div class=\"wpb_text_column wpb_content_element\" >\n\t\t<div class=\"wpb_wrapper\">\n\t\t\t<h3><span style=\"font-size: 25px;\">2. T\u1ea1i Sao Thi\u1ebft K\u1ebf L\u00f4ng M\u00e0y Theo Nh\u00e2n T\u01b0\u1edbng V\u00e0 Th\u1ea7n S\u1ed1 H\u1ecdc C\u00f3 Th\u1ec3 Mang L\u1ea1i C\u00e2n B\u1eb1ng V\u00e0 May M\u1eafn?<\/span><\/h3>\n\n\t\t<\/div>\n\t<\/div>\n\n\t<div class=\"wpb_text_column wpb_content_element\" >\n\t\t<div class=\"wpb_wrapper\">\n\t\t\t<p>Vi\u1ec7c thi\u1ebft k\u1ebf l\u00f4ng m\u00e0y d\u1ef1a tr\u00ean th\u1ea7n s\u1ed1 h\u1ecdc v\u00e0 nh\u00e2n t\u01b0\u1edbng gi\u00fap t\u1ea1o ra d\u00e1ng l\u00f4ng m\u00e0y ph\u00f9 h\u1ee3p v\u1edbi khu\u00f4n m\u1eb7t, \u0111\u1ed3ng th\u1eddi c\u00e2n b\u1eb1ng n\u0103ng l\u01b0\u1ee3ng c\u00e1 nh\u00e2n theo y\u1ebfu t\u1ed1 t\u00e2m linh. M\u1ed7i chi ti\u1ebft trong d\u00e1ng l\u00f4ng m\u00e0y \u0111\u01b0\u1ee3c \u0111i\u1ec1u ch\u1ec9nh \u0111\u1ec3 h\u00e0i h\u00f2a v\u1edbi t\u00ednh c\u00e1ch, s\u1ed1 m\u1ec7nh v\u00e0 n\u0103ng l\u01b0\u1ee3ng to\u00e1t ra c\u1ee7a b\u1ea1n, t\u1eeb \u0111\u00f3 mang l\u1ea1i s\u1ef1 c\u00e2n b\u1eb1ng, c\u1ea3i thi\u1ec7n t\u00e0i v\u1eadn v\u00e0 thu h\u00fat may m\u1eafn, gi\u00fap b\u1ea1n h\u01b0\u1edbng t\u1edbi nh\u1eefng \u0111i\u1ec1u t\u00edch c\u1ef1c trong cu\u1ed9c s\u1ed1ng.<\/p>\n\n\t\t<\/div>\n\t<\/div>\n<div class=\"vc_empty_space\"   style=\"height: 38px\"><span class=\"vc_empty_space_inner\"><\/span><\/div><\/div><\/div><\/div><\/div><div class=\"vc_row wpb_row vc_row-fluid\" style=\"background-repeat: repeat\"><div class=\"wpb_column vc_column_container vc_col-sm-12\"><div class=\"vc_column-inner\"><div class=\"wpb_wrapper\">\n\t<div class=\"wpb_text_column wpb_content_element\" >\n\t\t<div class=\"wpb_wrapper\">\n\t\t\t<h3><span style=\"font-size: 25px;\">3. Phun M\u00f4i C\u00f3 \u0110au Kh\u00f4ng V\u00e0 H\u1ed3i Ph\u1ee5c Nhanh Nh\u01b0 Th\u1ebf N\u00e0o?<\/span><\/h3>\n\n\t\t<\/div>\n\t<\/div>\n\n\t<div class=\"wpb_text_column wpb_content_element\" >\n\t\t<div class=\"wpb_wrapper\">\n\t\t\t<p>V\u1edbi c\u00f4ng ngh\u1ec7 phun m\u00f4i hi\u1ec7n \u0111\u1ea1i t\u1ea1i Levanacademy s\u1ebd kh\u00f4ng g\u00e2y \u0111au \u0111\u1edbn nh\u1edd k\u1ef9 thu\u1eadt tinh t\u1ebf v\u00e0 s\u1eed d\u1ee5ng \u0111\u1ea7u kim si\u00eau m\u1ea3nh, kh\u00f4ng g\u00e2y t\u1ed5n th\u01b0\u01a1ng cho da m\u00f4i. Qu\u00e1 tr\u00ecnh h\u1ed3i ph\u1ee5c di\u1ec5n ra nhanh ch\u00f3ng, th\u01b0\u1eddng ch\u1ec9 m\u1ea5t t\u1eeb 3-5 ng\u00e0y \u0111\u1ec3 m\u00f4i bong \u0111\u1eb9p v\u00e0 l\u00ean m\u00e0u t\u1ef1 nhi\u00ean, kh\u00f4ng c\u1ea7n ki\u00eang c\u1eef nhi\u1ec1u sau khi th\u1ef1c hi\u1ec7n.<\/p>\n\n\t\t<\/div>\n\t<\/div>\n<div class=\"vc_empty_space\"   style=\"height: 38px\"><span class=\"vc_empty_space_inner\"><\/span><\/div><\/div><\/div><\/div><\/div><div class=\"vc_row wpb_row vc_row-fluid\" style=\"background-repeat: repeat\"><div class=\"wpb_column vc_column_container vc_col-sm-12\"><div class=\"vc_column-inner\"><div class=\"wpb_wrapper\">\n\t<div class=\"wpb_text_column wpb_content_element\" >\n\t\t<div class=\"wpb_wrapper\">\n\t\t\t<h3><span style=\"font-size: 25px;\">4. \u0110\u01b0\u1eddng M\u00ed M\u1eaft Sau Khi Phun Li\u1ec7u C\u00f3 B\u1ecb \u0110\u1eadm Qu\u00e1 Kh\u00f4ng?<\/span><\/h3>\n\n\t\t<\/div>\n\t<\/div>\n\n\t<div class=\"wpb_text_column wpb_content_element\" >\n\t\t<div class=\"wpb_wrapper\">\n\t\t\t<p>\u0110\u01b0\u1eddng m\u00ed m\u1eaft sau khi phun gi\u1eef \u0111\u01b0\u1ee3c s\u1ef1 t\u1ef1 nhi\u00ean nh\u1eb9 nh\u00e0ng nh\u1edd k\u1ef9 thu\u1eadt tinh t\u1ebf v\u00e0 hi\u1ec7u \u1ee9ng &#8220;Flawless&#8221;. \u0110\u01b0\u1eddng m\u00ed kh\u00f4ng qu\u00e1 \u0111\u1eadm, t\u1ea1o c\u1ea3m gi\u00e1c nh\u01b0 kh\u00f4ng trang \u0111i\u1ec3m nh\u01b0ng v\u1eabn l\u00e0m n\u1ed5i b\u1eadt \u0111\u00f4i m\u1eaft, gi\u00fap m\u1eaft tr\u00f4ng to v\u00e0 s\u1eafc n\u00e9t h\u01a1n m\u00e0 v\u1eabn gi\u1eef v\u1ebb t\u1ef1 nhi\u00ean.<\/p>\n\n\t\t<\/div>\n\t<\/div>\n<div class=\"vc_empty_space\"   style=\"height: 38px\"><span class=\"vc_empty_space_inner\"><\/span><\/div><\/div><\/div><\/div><\/div><div class=\"vc_row wpb_row vc_row-fluid\" style=\"background-repeat: repeat\"><div class=\"wpb_column vc_column_container vc_col-sm-12\"><div class=\"vc_column-inner\"><div class=\"wpb_wrapper\">\n\t<div class=\"wpb_text_column wpb_content_element\" >\n\t\t<div class=\"wpb_wrapper\">\n\t\t\t<h3><span style=\"font-size: 25px;\">5. C\u00f4ng Ngh\u1ec7 Healing Plasma C\u00f3 Th\u1ef1c S\u1ef1 K\u00edch Th\u00edch T\u00f3c M\u1edbi M\u1ecdc L\u1ea1i?<\/span><\/h3>\n\n\t\t<\/div>\n\t<\/div>\n\n\t<div class=\"wpb_text_column wpb_content_element\" >\n\t\t<div class=\"wpb_wrapper\">\n\t\t\t<p>C\u00f4ng ngh\u1ec7 Healing Plasma th\u1ef1c s\u1ef1 k\u00edch th\u00edch t\u00f3c m\u1edbi m\u1ecdc l\u1ea1i b\u1eb1ng c\u00e1ch s\u1eed d\u1ee5ng plasma l\u1ea1nh \u0111\u1ec3 k\u00edch ho\u1ea1t c\u00e1c nang t\u00f3c, t\u0103ng c\u01b0\u1eddng tu\u1ea7n ho\u00e0n m\u00e1u v\u00e0 cung c\u1ea5p d\u01b0\u1ee1ng ch\u1ea5t cho da \u0111\u1ea7u. N\u00f3 gi\u00fap t\u00e1i t\u1ea1o nang t\u00f3c y\u1ebfu ho\u1eb7c b\u1ecb t\u1ed5n th\u01b0\u01a1ng, t\u1eeb \u0111\u00f3 t\u00f3c m\u1edbi m\u1ecdc l\u00ean kh\u1ecfe m\u1ea1nh v\u00e0 d\u00e0y h\u01a1n, \u0111\u1eb7c bi\u1ec7t hi\u1ec7u qu\u1ea3 v\u1edbi nh\u1eefng ng\u01b0\u1eddi g\u1eb7p t\u00ecnh tr\u1ea1ng t\u00f3c th\u01b0a ho\u1eb7c h\u00f3i \u0111\u1ea7u.<\/p>\n\n\t\t<\/div>\n\t<\/div>\n<div class=\"vc_empty_space\"   style=\"height: 38px\"><span class=\"vc_empty_space_inner\"><\/span><\/div><\/div><\/div><\/div><\/div>\n<\/div>","protected":false},"excerpt":{"rendered":"1. T\u1ea1i Sao N\u00ean Ch\u1ecdn C\u00f4ng Ngh\u1ec7 Hyper Realistic? C\u00f4ng ngh\u1ec7 Hyper Realistic t\u1ea1o l\u00f4ng m\u00e0y si\u00eau t\u1ef1 nhi\u00ean v\u1edbi s\u1ee3i m\u1ea3nh, m\u1ec1m m\u1ea1i, kh\u00f4ng \u0111au v\u00e0 kh\u00f4ng s\u01b0ng. Th\u1eddi gian th\u1ef1c hi\u1ec7n nhanh ch\u00f3ng, ch\u1ec9 b\u1eb1ng 1\/3 so v\u1edbi [...]","protected":false},"author":1,"featured_media":0,"parent":0,"menu_order":0,"comment_status":"closed","ping_status":"closed","template":"","meta":{"footnotes":""},"class_list":["post-806","page","type-page","status-publish","hentry"],"_links":{"self":[{"href":"https:\/\/levanacademy.vn\/en\/wp-json\/wp\/v2\/pages\/806","targetHints":{"allow":["GET"]}}],"collection":[{"href":"https:\/\/levanacademy.vn\/en\/wp-json\/wp\/v2\/pages"}],"about":[{"href":"https:\/\/levanacademy.vn\/en\/wp-json\/wp\/v2\/types\/page"}],"author":[{"embeddable":true,"href":"https:\/\/levanacademy.vn\/en\/wp-json\/wp\/v2\/users\/1"}],"replies":[{"embeddable":true,"href":"https:\/\/levanacademy.vn\/en\/wp-json\/wp\/v2\/comments?post=806"}],"version-history":[{"count":3,"href":"https:\/\/levanacademy.vn\/en\/wp-json\/wp\/v2\/pages\/806\/revisions"}],"predecessor-version":[{"id":4449,"href":"https:\/\/levanacademy.vn\/en\/wp-json\/wp\/v2\/pages\/806\/revisions\/4449"}],"wp:attachment":[{"href":"https:\/\/levanacademy.vn\/en\/wp-json\/wp\/v2\/media?parent=806"}],"curies":[{"name":"wp","href":"https:\/\/api.w.org\/{rel}","templated":true}]}}