{"id":4005,"date":"2024-08-22T13:45:05","date_gmt":"2024-08-22T06:45:05","guid":{"rendered":"https:\/\/levanacademy.com\/?post_type=product&#038;p=4005"},"modified":"2024-10-31T16:41:05","modified_gmt":"2024-10-31T09:41:05","slug":"hoa-may-tam-thuy-realistics","status":"publish","type":"product","link":"https:\/\/levanacademy.vn\/en\/product\/hoa-may-tam-thuy-realistics\/","title":{"rendered":"Realistic Feng Shui Eyebrow Design"},"content":{"rendered":"<p>Quy tr\u00ecnh th\u1ef1c hi\u1ec7n chi ti\u1ebft:<br \/>\nB\u01b0\u1edbc 1: Nh\u1eadn th\u00f4ng tin kh\u00e1ch h\u00e0ng:<\/p>\n<p style=\"padding-left: 40px;\">Nh\u1eadn th\u00f4ng tin \u0111\u1eb7t l\u1ecbch t\u1eeb c\u00e1c kh\u00e1ch h\u00e0ng, sau \u0111\u00f3 s\u1ebd thu nh\u1eadn th\u00f4ng tin v\u1ec1 ng\u00e0y sinh v\u00e0 h\u1ecd t\u00ean, c\u00e1c th\u00f4ng tin c\u00e1 nh\u00e2n li\u00ean quan \u0111\u1ec3 ph\u00e2n t\u00edch th\u1ea7n s\u1ed1 h\u1ecdc c\u1ee7a kh\u00e1ch h\u00e0ng.<\/p>\n<p style=\"padding-left: 40px;\">(Trong \u0111\u00f3 kh\u00e1ch h\u00e0ng s\u1ebd \u0111\u01b0\u1ee3c:<\/p>\n<p style=\"padding-left: 40px;\">Ph\u00e2n t\u00edch v\u00e0 d\u1ef1 b\u00e1o cu\u1ed9c \u0111\u1eddi, c\u00f4ng dang s\u1ef1 nghi\u1ec7p, t\u00e0i ch\u00ednh, t\u00ecnh duy\u00ean &amp; h\u00f4n nh\u00e2n, c\u00e1c m\u1ed1i quan h\u1ec7.<\/p>\n<p style=\"padding-left: 40px;\">Ph\u00e2n t\u00edch \u0111i\u1ec3m m\u1ea1nh, \u0111i\u1ec3m y\u1ebfu, c\u00e1c kh\u00f3 kh\u0103n v\u00e0 th\u1eed th\u00e1ch trong cu\u1ed9c \u0111\u1eddi.<\/p>\n<p style=\"padding-left: 40px;\">S\u1ed1 \u01b0u th\u1ebf, y\u1ebfu th\u1ebf, s\u1ed1 khuy\u1ebft v\u00e0 nh\u1eefng c\u1ea3nh b\u00e1o.<\/p>\n<p style=\"padding-left: 40px;\">\u0110\u1ecbnh h\u01b0\u1edbng ngh\u1ec1 nghi\u1ec7p v\u00e0 l\u0129nh v\u1ef1c ph\u00f9 h\u1ee3p -C\u00e1c nh\u1eadn \u0111\u1ecbnh \u0111\u1eb7c bi\u1ec7t v\u1ec1 l\u00e1 s\u1ed1. T\u1eeb \u0111\u00f3, gi\u00fap kh\u00e1ch h\u00e0ng th\u00eam y\u00eau, th\u00eam hi\u1ec3u b\u1ea3n th\u00e2n h\u01a1n, s\u1ed1ng an nhi\u00ean v\u00e0 c\u00f3 \u0111\u1ecbnh h\u01b0\u1edbng h\u01a1n, nh\u1eadn di\u1ec7n \u0111\u01b0\u1ee3c t\u00e0i n\u0103ng v\u00e0 ti\u1ec1m n\u0103ng c\u1ee7a b\u1ea3n th\u00e2n.<\/p>\n<p>B\u01b0\u1edbc 2: \u0110o t\u1ef7 l\u1ec7 v\u00e0ng tr\u00ean khu\u00f4n m\u1eb7t:<\/p>\n<p style=\"padding-left: 40px;\">S\u1eed d\u1ee5ng c\u00e1c c\u00f4ng c\u1ee5 \u0111o chuy\u00ean nghi\u1ec7p \u0111\u1ec3 x\u00e1c \u0111\u1ecbnh t\u1ef7 l\u1ec7 v\u00e0ng, ph\u00e2n t\u00edch \u0111\u1ed9 cao th\u1ea5p c\u1ee7a l\u00f4ng m\u00e0y, \u0111\u1ea3m b\u1ea3o l\u00f4ng m\u00e0y c\u00e2n \u0111\u1ed1i v\u1edbi khu\u00f4n m\u1eb7t.<\/p>\n<p>B\u01b0\u1edbc 3: K\u1ebft h\u1ee3p th\u1ea7n s\u1ed1 h\u1ecdc:<\/p>\n<p style=\"padding-left: 40px;\">D\u1ef1a tr\u00ean k\u1ebft qu\u1ea3 th\u1ea7n s\u1ed1 h\u1ecdc, l\u1ef1a ch\u1ecdn phong c\u00e1ch l\u00f4ng m\u00e0y ph\u00f9 h\u1ee3p, mang l\u1ea1i may m\u1eafn v\u00e0 s\u1ef1 h\u00e0i h\u00f2a.<\/p>\n<p>B\u01b0\u1edbc 4: Ph\u00e2n t\u00edch t\u01b0\u1edbng h\u1ecdc:<\/p>\n<p style=\"padding-left: 40px;\">Xem x\u00e9t c\u00e1c y\u1ebfu t\u1ed1 t\u01b0\u1edbng h\u1ecdc, ch\u1ecdn d\u00e1ng l\u00f4ng m\u00e0y ph\u00f9 h\u1ee3p (v\u00ed d\u1ee5: d\u00e1ng ch\u1eef nh\u1ea5t,&#8230;) \u0111\u1ec3 t\u00f4n l\u00ean th\u1ea7n th\u00e1i.<\/p>\n<p>B\u01b0\u1edbc 5: Th\u1ef1c hi\u1ec7n:<\/p>\n<p style=\"padding-left: 40px;\">Quy tr\u00ecnh di\u1ec5n ra trong 60 ph\u00fat, t\u1ea1o d\u00e1ng l\u00f4ng m\u00e0y ho\u00e0n h\u1ea3o.<\/p>\n<p>B\u01b0\u1edbc 6: Ho\u00e0n th\u00e0nh:<\/p>\n<p style=\"padding-left: 40px;\">Kh\u00e1ch h\u00e0ng s\u1ebd nh\u1eadn \u0111\u01b0\u1ee3c d\u00e1ng l\u00f4ng m\u00e0y t\u1ef1 nhi\u00ean, h\u00e0i h\u00f2a, ph\u00f9 h\u1ee3p nh\u1ea5t v\u1edbi b\u1ea3n th\u00e2n.<\/p>","protected":false},"excerpt":{"rendered":"<p>V\u1edbi s\u1ef1 \u0111\u1ed9c \u0111\u00e1o trong t\u1eebng thi\u1ebft k\u1ebf, ri\u00eang bi\u1ec7t cho m\u1ed7i khu\u00f4n m\u1eb7t v\u00e0 t\u00ednh c\u00e1ch, quy tr\u00ecnh n\u00e0y \u0111\u1ea3m b\u1ea3o an to\u00e0n, kh\u00f4ng s\u1eed d\u1ee5ng g\u00e2y t\u00ea v\u00e0 tr\u00e1nh \u0111\u01b0\u1ee3c c\u00e1c v\u1ea5n \u0111\u1ec1 nh\u01b0 t\u00ea b\u00ec hay c\u1ee9ng da sau phun x\u0103m. Th\u1eddi gian th\u1ef1c hi\u1ec7n nhanh ch\u00f3ng, c\u00e1c ch\u1ecb em s\u1ebd kh\u00f4ng ph\u1ea3i t\u1ed1n qu\u00e1 nhi\u1ec1u th\u1eddi gian \u0111\u1ec3 \u0111i l\u00e0m \u0111\u1eb9p. \u0110\u1eb7c bi\u1ec7t, sau m\u1ed9t th\u1eddi gian d\u00e0i t\u1eebng s\u1ee3i l\u00f4ng m\u00e0y s\u1ebd phai \u0111i, d\u00e1ng l\u00f4ng m\u00e0y v\u1eabn gi\u1eef \u0111\u01b0\u1ee3c s\u1ef1 ph\u00f9 h\u1ee3p v\u1edbi khu\u00f4n m\u1eb7t, sau \u0111\u00f3 s\u1ebd phai h\u1ebft m\u00e0 kh\u00f4ng c\u1ea7n s\u1eed d\u1ee5ng laser.<\/p>\n<h2><span style=\"font-size: 20px;\">\u0110\u1eb7t l\u1ecbch ngay \u0111\u1ec3 s\u1edf h\u1eefu cho m\u00ecnh m\u1ed9t d\u00e1ng l\u00f4ng m\u00e0y th\u00e0nh c\u00f4ng v\u00e0 h\u1ee3p phong th\u1ee7y nh\u00e9 !<\/span><\/h2>","protected":false},"featured_media":4738,"comment_status":"open","ping_status":"closed","template":"","meta":[],"product_cat":[70],"product_tag":[],"class_list":{"0":"post-4005","1":"product","2":"type-product","3":"status-publish","4":"has-post-thumbnail","6":"product_cat-dich-vu","8":"first","9":"instock","10":"virtual","11":"sold-individually","12":"taxable","13":"product-type-simple"},"_links":{"self":[{"href":"https:\/\/levanacademy.vn\/en\/wp-json\/wp\/v2\/product\/4005","targetHints":{"allow":["GET"]}}],"collection":[{"href":"https:\/\/levanacademy.vn\/en\/wp-json\/wp\/v2\/product"}],"about":[{"href":"https:\/\/levanacademy.vn\/en\/wp-json\/wp\/v2\/types\/product"}],"replies":[{"embeddable":true,"href":"https:\/\/levanacademy.vn\/en\/wp-json\/wp\/v2\/comments?post=4005"}],"wp:featuredmedia":[{"embeddable":true,"href":"https:\/\/levanacademy.vn\/en\/wp-json\/wp\/v2\/media\/4738"}],"wp:attachment":[{"href":"https:\/\/levanacademy.vn\/en\/wp-json\/wp\/v2\/media?parent=4005"}],"wp:term":[{"taxonomy":"product_cat","embeddable":true,"href":"https:\/\/levanacademy.vn\/en\/wp-json\/wp\/v2\/product_cat?post=4005"},{"taxonomy":"product_tag","embeddable":true,"href":"https:\/\/levanacademy.vn\/en\/wp-json\/wp\/v2\/product_tag?post=4005"}],"curies":[{"name":"wp","href":"https:\/\/api.w.org\/{rel}","templated":true}]}}