{"id":4037,"date":"2024-08-23T13:35:05","date_gmt":"2024-08-23T06:35:05","guid":{"rendered":"https:\/\/levanacademy.com\/?post_type=product&#038;p=4037"},"modified":"2024-10-31T16:38:16","modified_gmt":"2024-10-31T09:38:16","slug":"hoa-may-hyper-realistic","status":"publish","type":"product","link":"https:\/\/levanacademy.vn\/en\/product\/hoa-may-hyper-realistic\/","title":{"rendered":"Hyper Realistic Eyebrow Design"},"content":{"rendered":"<h2 style=\"font-size: 24px;\">Quy tr\u00ecnh bao g\u1ed3m:<\/h2>\n<p>B\u01b0\u1edbc 1: Ph\u00e2n T\u00edch Ng\u0169 Quan: Ch\u00fang t\u00f4i s\u1ebd ti\u1ebfn h\u00e0nh ph\u00e2n t\u00edch c\u1ea5u tr\u00fac khu\u00f4n m\u1eb7t \u0111\u1ec3 t\u00ecm ra d\u00e1ng l\u00f4ng m\u00e0y l\u00fd t\u01b0\u1edfng.<\/p>\n<p>B\u01b0\u1edbc 2: Thi\u1ebft K\u1ebf L\u00f4ng M\u00e0y C\u00e1 Nh\u00e2n H\u00f3a: T\u1ea1o h\u00ecnh l\u00f4ng m\u00e0y gi\u00fap t\u00f4n l\u00ean v\u1ebb \u0111\u1eb9p v\u1ed1n c\u00f3 v\u00e0 kh\u1eafc ph\u1ee5c c\u00e1c khuy\u1ebft \u0111i\u1ec3m c\u1ee7a b\u1ea3n th\u00e2n.<\/p>\n<p>B\u01b0\u1edbc 3: Th\u1ef1c Hi\u1ec7n Nhanh Ch\u00f3ng: Quy tr\u00ecnh t\u1ea1o ra c\u1eb7p l\u00f4ng m\u00e0y nh\u01b0 \u00fd ch\u1ec9 trong 30 ph\u00fat.<\/p>\n<p>B\u01b0\u1edbc 4: Ho\u00e0n Thi\u1ec7n: \u0110\u00f3n nh\u1eadn d\u00e1ng l\u00f4ng m\u00e0y m\u1edbi \u0111\u1ea7y s\u1ee9c s\u1ed1ng v\u00e0 t\u01b0\u01a1i t\u1eafn.<\/p>\n<h2 style=\"font-size: 24px;\"><\/h2>","protected":false},"excerpt":{"rendered":"<p>Tr\u1ea3i nghi\u1ec7m s\u1ef1 tr\u1ebb trung v\u00e0 th\u1ea7n kh\u00ed t\u01b0\u01a1i m\u1edbi v\u1edbi \u0111\u00f4i l\u00f4ng m\u00e0y ho\u00e0n h\u1ea3o, h\u00e0i h\u00f2a c\u00f9ng ng\u0169 quan tr\u00ean khu\u00f4n m\u1eb7t.<\/p>\n<h2 style=\"font-size: 24px;\"><span style=\"font-size: 20px;\">\u0110\u1eb7t l\u1ecbch ngay h\u00f4m nay \u0111\u1ec3 c\u00f3 \u0111\u01b0\u1ee3c m\u1ed9t n\u00e9t \u0111\u1eb9p lu\u00f4n t\u1ecfa s\u00e1ng!<\/span><\/h2>\n<p>&nbsp;<\/p>","protected":false},"featured_media":4737,"comment_status":"open","ping_status":"closed","template":"","meta":[],"product_cat":[70],"product_tag":[],"class_list":{"0":"post-4037","1":"product","2":"type-product","3":"status-publish","4":"has-post-thumbnail","6":"product_cat-dich-vu","8":"first","9":"instock","10":"virtual","11":"sold-individually","12":"taxable","13":"product-type-simple"},"_links":{"self":[{"href":"https:\/\/levanacademy.vn\/en\/wp-json\/wp\/v2\/product\/4037","targetHints":{"allow":["GET"]}}],"collection":[{"href":"https:\/\/levanacademy.vn\/en\/wp-json\/wp\/v2\/product"}],"about":[{"href":"https:\/\/levanacademy.vn\/en\/wp-json\/wp\/v2\/types\/product"}],"replies":[{"embeddable":true,"href":"https:\/\/levanacademy.vn\/en\/wp-json\/wp\/v2\/comments?post=4037"}],"wp:featuredmedia":[{"embeddable":true,"href":"https:\/\/levanacademy.vn\/en\/wp-json\/wp\/v2\/media\/4737"}],"wp:attachment":[{"href":"https:\/\/levanacademy.vn\/en\/wp-json\/wp\/v2\/media?parent=4037"}],"wp:term":[{"taxonomy":"product_cat","embeddable":true,"href":"https:\/\/levanacademy.vn\/en\/wp-json\/wp\/v2\/product_cat?post=4037"},{"taxonomy":"product_tag","embeddable":true,"href":"https:\/\/levanacademy.vn\/en\/wp-json\/wp\/v2\/product_tag?post=4037"}],"curies":[{"name":"wp","href":"https:\/\/api.w.org\/{rel}","templated":true}]}}