{"id":4048,"date":"2024-08-23T17:14:29","date_gmt":"2024-08-23T10:14:29","guid":{"rendered":"https:\/\/levanacademy.com\/?post_type=product&#038;p=4048"},"modified":"2024-11-01T15:21:08","modified_gmt":"2024-11-01T08:21:08","slug":"phun-moi-crystal-lips","status":"publish","type":"product","link":"https:\/\/levanacademy.vn\/en\/product\/phun-moi-crystal-lips\/","title":{"rendered":"Crystal Lips Lip Blush"},"content":{"rendered":"<p>Quy tr\u00ecnh th\u1ef1c hi\u1ec7n chi ti\u1ebft:<\/p>\n<p>B\u01b0\u1edbc 1: Ph\u00e2n T\u00edch M\u00f4i: Ki\u1ec3m tra t\u00ecnh tr\u1ea1ng da m\u00f4i, m\u00e0u s\u1eafc v\u00e0 d\u00e1ng m\u00f4i \u0111\u1ec3 \u0111\u01b0a ra gi\u1ea3i ph\u00e1p t\u1ed1t nh\u1ea5t.<\/p>\n<p>B\u01b0\u1edbc 2: L\u00ean Ph\u00e1c \u0110\u1ed3: V\u1ebd ph\u00e1c th\u1ea3o \u0111\u01b0\u1eddng vi\u1ec1n m\u00f4i m\u1edbi \u0111\u1ec3 \u0111\u1ea3m b\u1ea3o \u0111\u01b0\u1eddng vi\u1ec1n m\u00f4i m\u1edbi ph\u00f9 h\u1ee3p v\u1edbi khu\u00f4n m\u1eb7t v\u00e0 t\u1ef7 l\u1ec7 m\u00f4i tr\u00ean, m\u00f4i d\u01b0\u1edbi.<\/p>\n<p>B\u01b0\u1edbc 3: \u1ee6 T\u00ea: Gi\u1ea3m c\u1ea3m gi\u00e1c kh\u00f3 ch\u1ecbu trong 30 ph\u00fat.<\/p>\n<p>B\u01b0\u1edbc 4: Th\u1ef1c Hi\u1ec7n: Phun m\u00f4i chuy\u00ean nghi\u1ec7p, nhanh ch\u00f3ng ch\u1ec9 trong 60 ph\u00fat.<\/p>","protected":false},"excerpt":{"rendered":"<p>K\u1ef9 thu\u1eadt \u0111\u1ed9c quy\u1ec1n th\u1ea9m th\u1ea5u s\u00e2u, t\u1ea1o m\u00e0u s\u1eafc t\u1ef1 nhi\u00ean v\u00e0 t\u00e1i t\u1ea1o m\u00f4i to\u00e0n di\u1ec7n.C\u00f4ng ngh\u1ec7 hi\u1ec7n \u0111\u1ea1i gi\u00fap phun m\u00e0u si\u00eau m\u1ecbn, gi\u1eef m\u00e0u b\u1ec1n l\u00e2u v\u00e0 \u0111\u1ec1u m\u00e0u. Ph\u01b0\u01a1ng ph\u00e1p \u0111\u1ed9c quy\u1ec1n k\u1ebft h\u1ee3p tinh ch\u1ea5t ph\u1ee5c h\u1ed3i m\u00e0u s\u1eafc \u0111\u1ed9t ph\u00e1, \u0111\u1ea3m b\u1ea3o s\u1ef1 tr\u1ebb trung v\u00e0 t\u01b0\u01a1i t\u1eafn cho \u0111\u00f4i m\u00f4i. K\u1ef9 thu\u1eadt phun t\u1ec9 m\u1ec9, t\u1ea1o hi\u1ec7u \u1ee9ng chuy\u1ec3n m\u00e0u m\u1ec1m m\u1ea1i v\u00e0 t\u1ef1 nhi\u00ean. Ph\u01b0\u01a1ng ph\u00e1p t\u00e1i t\u1ea1o m\u00f4i ti\u00ean ti\u1ebfn, gi\u00fap m\u00f4i c\u0103ng m\u1ecbn v\u00e0 r\u1ea1ng r\u1ee1 ngay sau l\u00e0m. C\u00f4ng ngh\u1ec7 k\u1ebft h\u1ee3p d\u01b0\u1ee1ng \u1ea9m v\u00e0 m\u00e0u s\u1eafc tinh t\u1ebf, gi\u00fap m\u00f4i lu\u00f4n t\u01b0\u01a1i t\u1eafn v\u00e0 c\u0103ng m\u1ecdng.<\/p>\n<h2><span style=\"font-size: 25px;\">Nhanh tay \u0111\u1eb7t l\u1ecbch \u0111\u1ec3 c\u00f3 \u0111\u00f4i m\u00f4i quy\u1ebfn r\u0169 ngay h\u00f4m nay!<\/span><\/h2>","protected":false},"featured_media":4743,"comment_status":"open","ping_status":"closed","template":"","meta":[],"product_cat":[70],"product_tag":[],"class_list":{"0":"post-4048","1":"product","2":"type-product","3":"status-publish","4":"has-post-thumbnail","6":"product_cat-dich-vu","8":"first","9":"instock","10":"virtual","11":"sold-individually","12":"taxable","13":"product-type-simple"},"_links":{"self":[{"href":"https:\/\/levanacademy.vn\/en\/wp-json\/wp\/v2\/product\/4048","targetHints":{"allow":["GET"]}}],"collection":[{"href":"https:\/\/levanacademy.vn\/en\/wp-json\/wp\/v2\/product"}],"about":[{"href":"https:\/\/levanacademy.vn\/en\/wp-json\/wp\/v2\/types\/product"}],"replies":[{"embeddable":true,"href":"https:\/\/levanacademy.vn\/en\/wp-json\/wp\/v2\/comments?post=4048"}],"wp:featuredmedia":[{"embeddable":true,"href":"https:\/\/levanacademy.vn\/en\/wp-json\/wp\/v2\/media\/4743"}],"wp:attachment":[{"href":"https:\/\/levanacademy.vn\/en\/wp-json\/wp\/v2\/media?parent=4048"}],"wp:term":[{"taxonomy":"product_cat","embeddable":true,"href":"https:\/\/levanacademy.vn\/en\/wp-json\/wp\/v2\/product_cat?post=4048"},{"taxonomy":"product_tag","embeddable":true,"href":"https:\/\/levanacademy.vn\/en\/wp-json\/wp\/v2\/product_tag?post=4048"}],"curies":[{"name":"wp","href":"https:\/\/api.w.org\/{rel}","templated":true}]}}