{"id":4049,"date":"2024-08-23T17:19:07","date_gmt":"2024-08-23T10:19:07","guid":{"rendered":"https:\/\/levanacademy.com\/?post_type=product&#038;p=4049"},"modified":"2024-11-01T15:22:21","modified_gmt":"2024-11-01T08:22:21","slug":"phun-mi-mat-flawless","status":"publish","type":"product","link":"https:\/\/levanacademy.vn\/en\/product\/phun-mi-mat-flawless\/","title":{"rendered":"Flawless Eyeliner Tattoo"},"content":{"rendered":"<p>Quy tr\u00ecnh th\u1ef1c hi\u1ec7n bao g\u1ed3m:<\/p>\n<p>B\u01b0\u1edbc 1: Ph\u00e2n T\u00edch M\u00ed M\u1eaft: Chuy\u00ean gia t\u1ea1i Levanacademy s\u1ebd ph\u00e2n t\u00edch \u0111\u01b0\u1eddng m\u00ed m\u1eaft hi\u1ec7n t\u1ea1i, t\u01b0 v\u1ea5n d\u00e1ng m\u00ed ph\u00f9 h\u1ee3p v\u1edbi g\u01b0\u01a1ng m\u1eb7t, t\u00ednh c\u00e1ch v\u00e0 c\u00f4ng vi\u1ec7c c\u1ee7a b\u1ea1n. \u0110i\u1ec1u n\u00e0y \u0111\u1ea3m b\u1ea3o r\u1eb1ng m\u00ed m\u1eaft kh\u00f4ng ch\u1ec9 \u0111\u1eb9p m\u00e0 c\u00f2n ph\u00f9 h\u1ee3p v\u1edbi phong c\u00e1ch c\u00e1 nh\u00e2n c\u1ee7a b\u1ea1n.<\/p>\n<p>B\u01b0\u1edbc 2: L\u00ean Ph\u00e1c \u0110\u1ed3: S\u1eed d\u1ee5ng b\u00fat chuy\u00ean d\u1ee5ng \u0111\u1ec3 v\u1ebd \u0111\u01b0\u1eddng vi\u1ec1n m\u00ed m\u1eaft theo d\u00e1ng mong mu\u1ed1n. \u0110\u1ea3m b\u1ea3o \u0111\u01b0\u1eddng vi\u1ec1n m\u00ed m\u1eaft ph\u00f9 h\u1ee3p v\u1edbi h\u00ecnh d\u00e1ng m\u1eaft v\u00e0 t\u1ed5ng th\u1ec3 khu\u00f4n m\u1eb7t c\u1ee7a kh\u00e1ch h\u00e0ng.<\/p>\n<p>B\u01b0\u1edbc 3: \u1ee6 T\u00ea: Quy tr\u00ecnh \u1ee7 t\u00ea k\u00e9o d\u00e0i 30 ph\u00fat gi\u00fap b\u1ea1n c\u1ea3m th\u1ea5y tho\u1ea3i m\u00e1i v\u00e0 kh\u00f4ng \u0111au trong su\u1ed1t qu\u00e1 tr\u00ecnh th\u1ef1c hi\u1ec7n.<\/p>\n<p>B\u01b0\u1edbc 4: Th\u1ef1c Hi\u1ec7n: Th\u1ef1c hi\u1ec7n phun m\u00ed trong 60 ph\u00fat v\u1edbi tr\u00ecnh \u0111\u1ed9 k\u1ef9 thu\u1eadt cao v\u00e0 ch\u00ednh x\u00e1c, \u0111\u1ea3m b\u1ea3o \u0111\u01b0\u1eddng m\u00ed t\u1ef1 nhi\u00ean v\u00e0 s\u1eafc s\u1ea3o, gi\u00fap \u0111\u00f4i m\u1eaft b\u1ea1n tr\u1edf n\u00ean n\u1ed5i b\u1eadt h\u01a1n.<\/p>","protected":false},"excerpt":{"rendered":"<p>Phun M\u00ed M\u1eaft Flawless ph\u00f9 h\u1ee3p cho nh\u1eefng kh\u00e1ch h\u00e0ng mu\u1ed1n c\u1ea3i thi\u1ec7n v\u1ebb \u0111\u1eb9p t\u1ef1 nhi\u00ean c\u1ee7a \u0111\u00f4i m\u1eaft m\u00e0 kh\u00f4ng c\u1ea7n trang \u0111i\u1ec3m h\u1eb1ng ng\u00e0y, v\u1edbi \u0111\u01b0\u1eddng m\u00ed m\u1eaft m\u1ec1m m\u1ea1i, tinh t\u1ebf v\u00e0 kh\u00f4ng c\u1ea7n ph\u1ea3i lo l\u1eafng v\u1ec1 vi\u1ec7c m\u1ea5t th\u1eddi gian trang \u0111i\u1ec3m m\u1ed7i s\u00e1ng.<\/p>\n<h2><span style=\"font-size: 25px;\">\u0110\u1eb7t l\u1ecbch ngay h\u00f4m nay \u0111\u1ec3 c\u00f3 m\u1ed9t \u0111\u00f4i m\u1eaft \u0111\u1ea7y cu\u1ed1n h\u00fat v\u00e0 t\u1ef1 tin!<\/span><\/h2>","protected":false},"featured_media":4742,"comment_status":"open","ping_status":"closed","template":"","meta":[],"product_cat":[70],"product_tag":[],"class_list":{"0":"post-4049","1":"product","2":"type-product","3":"status-publish","4":"has-post-thumbnail","6":"product_cat-dich-vu","8":"first","9":"instock","10":"virtual","11":"sold-individually","12":"taxable","13":"product-type-simple"},"_links":{"self":[{"href":"https:\/\/levanacademy.vn\/en\/wp-json\/wp\/v2\/product\/4049","targetHints":{"allow":["GET"]}}],"collection":[{"href":"https:\/\/levanacademy.vn\/en\/wp-json\/wp\/v2\/product"}],"about":[{"href":"https:\/\/levanacademy.vn\/en\/wp-json\/wp\/v2\/types\/product"}],"replies":[{"embeddable":true,"href":"https:\/\/levanacademy.vn\/en\/wp-json\/wp\/v2\/comments?post=4049"}],"wp:featuredmedia":[{"embeddable":true,"href":"https:\/\/levanacademy.vn\/en\/wp-json\/wp\/v2\/media\/4742"}],"wp:attachment":[{"href":"https:\/\/levanacademy.vn\/en\/wp-json\/wp\/v2\/media?parent=4049"}],"wp:term":[{"taxonomy":"product_cat","embeddable":true,"href":"https:\/\/levanacademy.vn\/en\/wp-json\/wp\/v2\/product_cat?post=4049"},{"taxonomy":"product_tag","embeddable":true,"href":"https:\/\/levanacademy.vn\/en\/wp-json\/wp\/v2\/product_tag?post=4049"}],"curies":[{"name":"wp","href":"https:\/\/api.w.org\/{rel}","templated":true}]}}