{"id":4054,"date":"2024-08-23T17:23:32","date_gmt":"2024-08-23T10:23:32","guid":{"rendered":"https:\/\/levanacademy.com\/?post_type=product&#038;p=4054"},"modified":"2024-10-31T16:35:07","modified_gmt":"2024-10-31T09:35:07","slug":"dinh-hinh-healing-plasma","status":"publish","type":"product","link":"https:\/\/levanacademy.vn\/en\/product\/dinh-hinh-healing-plasma\/","title":{"rendered":"Healing Plasma Contouring"},"content":{"rendered":"<p>Quy tr\u00ecnh th\u1ef1c hi\u1ec7n gi\u00fap b\u1ea1n s\u1edf h\u1eefu v\u1ea7ng tr\u00e1n h\u00e0i h\u00f2a, t\u1ef1 nhi\u00ean:<\/p>\n<p>B\u01b0\u1edbc 1: Ph\u00e2n T\u00edch &amp; T\u01b0 V\u1ea5n: \u0110\u1ea7u ti\u00ean, Levanacademy s\u1ebd ki\u1ec3m tra k\u1ef9 t\u00ecnh tr\u1ea1ng h\u00f3i c\u1ee7a b\u1ea1n v\u00e0 t\u01b0 v\u1ea5n gi\u1ea3i ph\u00e1p ph\u00f9 h\u1ee3p nh\u1ea5t v\u1edbi khu\u00f4n m\u1eb7t. M\u1ee5c ti\u00eau l\u00e0 t\u1ea1o ra m\u1ed9t v\u1ea7ng tr\u00e1n c\u00e2n \u0111\u1ed1i v\u00e0 ph\u00f9 h\u1ee3p v\u1edbi t\u01b0\u1edbng m\u1ea1o.<\/p>\n<p>B\u01b0\u1edbc 2: \u0110\u1ecbnh H\u00ecnh V\u1ea7ng Tr\u00e1n: D\u1ef1a tr\u00ean ph\u00e2n t\u00edch ban \u0111\u1ea7u, c\u00e1c chuy\u00ean gia t\u1ea1i Levanacademy s\u1ebd v\u1ebd v\u00e0 \u0111\u1ecbnh h\u00ecnh l\u1ea1i v\u1ea7ng tr\u00e1n c\u1ee7a b\u1ea1n, \u0111\u1ea3m b\u1ea3o s\u1ef1 h\u00e0i h\u00f2a v\u1edbi to\u00e0n b\u1ed9 g\u01b0\u01a1ng m\u1eb7t. \u0110\u00e2y l\u00e0 b\u01b0\u1edbc quan tr\u1ecdng \u0111\u1ec3 t\u1ea1o ra k\u1ebft qu\u1ea3 t\u1ef1 nhi\u00ean nh\u1ea5t.<\/p>\n<p>B\u01b0\u1edbc 3: Th\u1ef1c Hi\u1ec7n: Sau khi \u0111\u1ecbnh h\u00ecnh, ch\u00fang t\u00f4i s\u1ebd s\u1eed d\u1ee5ng c\u00f4ng ngh\u1ec7 Cold Plasma ti\u00ean ti\u1ebfn. C\u00f4ng ngh\u1ec7 n\u00e0y gi\u00fap k\u00edch th\u00edch t\u1ebf b\u00e0o da v\u00e0 c\u1ea3i thi\u1ec7n t\u00ecnh tr\u1ea1ng h\u00f3i m\u1ed9t c\u00e1ch hi\u1ec7u qu\u1ea3 m\u00e0 kh\u00f4ng g\u00e2y t\u1ed5n th\u01b0\u01a1ng hay c\u1ea7n th\u1eddi gian ph\u1ee5c h\u1ed3i l\u00e2u.<\/p>","protected":false},"excerpt":{"rendered":"<p>B\u1ea1n \u0111ang t\u1ef1 ti v\u00ec m\u00e1i t\u00f3c th\u01b0a th\u1edbt hay v\u1ea7ng tr\u00e1n kh\u00f4ng c\u00e2n \u0111\u1ed1i? D\u1ecbch v\u1ee5 Che H\u00f3i v\u00e0 \u0110\u1ecbnh H\u00ecnh V\u1ea7ng Tr\u00e1n K\u1ebft H\u1ee3p Cold Plasma s\u1ebd l\u00e0 l\u1ef1a ch\u1ecdn ho\u00e0n h\u1ea3o gi\u00fap b\u1ea1n l\u1ea5y l\u1ea1i s\u1ef1 t\u1ef1 tin v\u00e0 v\u1ebb \u0111\u1eb9p t\u1ef1 nhi\u00ean. V\u1edbi c\u00f4ng ngh\u1ec7 ti\u00ean ti\u1ebfn Cold Plasma, Levanacademy mang \u0111\u1ebfn gi\u1ea3i ph\u00e1p an to\u00e0n, kh\u00f4ng x\u00e2m l\u1ea5n, gi\u00fap c\u1ea3i thi\u1ec7n v\u00f9ng da \u0111\u1ea7u, k\u00edch th\u00edch m\u1ecdc t\u00f3c v\u00e0 t\u00e1i t\u1ea1o l\u1ea1i v\u1ebb \u0111\u1eb9p c\u00e2n \u0111\u1ed1i cho khu\u00f4n m\u1eb7t c\u1ee7a b\u1ea1n.<\/p>\n<h2><span style=\"font-size: 25px;\">H\u00e3y \u0111\u1eb7t l\u1ecbch ngay h\u00f4m nay \u0111\u1ec3 l\u1ea5y l\u1ea1i s\u1ef1 t\u1ef1 tin v\u00e0 th\u1ea7n th\u00e1i v\u1ed1n c\u00f3 c\u1ee7a b\u1ea3n th\u00e2n!<\/span><\/h2>","protected":false},"featured_media":4730,"comment_status":"open","ping_status":"closed","template":"","meta":[],"product_cat":[71,70],"product_tag":[],"class_list":{"0":"post-4054","1":"product","2":"type-product","3":"status-publish","4":"has-post-thumbnail","6":"product_cat-cold-plasma","7":"product_cat-dich-vu","9":"first","10":"instock","11":"sold-individually","12":"taxable","13":"shipping-taxable","14":"product-type-simple"},"_links":{"self":[{"href":"https:\/\/levanacademy.vn\/en\/wp-json\/wp\/v2\/product\/4054","targetHints":{"allow":["GET"]}}],"collection":[{"href":"https:\/\/levanacademy.vn\/en\/wp-json\/wp\/v2\/product"}],"about":[{"href":"https:\/\/levanacademy.vn\/en\/wp-json\/wp\/v2\/types\/product"}],"replies":[{"embeddable":true,"href":"https:\/\/levanacademy.vn\/en\/wp-json\/wp\/v2\/comments?post=4054"}],"wp:featuredmedia":[{"embeddable":true,"href":"https:\/\/levanacademy.vn\/en\/wp-json\/wp\/v2\/media\/4730"}],"wp:attachment":[{"href":"https:\/\/levanacademy.vn\/en\/wp-json\/wp\/v2\/media?parent=4054"}],"wp:term":[{"taxonomy":"product_cat","embeddable":true,"href":"https:\/\/levanacademy.vn\/en\/wp-json\/wp\/v2\/product_cat?post=4054"},{"taxonomy":"product_tag","embeddable":true,"href":"https:\/\/levanacademy.vn\/en\/wp-json\/wp\/v2\/product_tag?post=4054"}],"curies":[{"name":"wp","href":"https:\/\/api.w.org\/{rel}","templated":true}]}}