{"id":4056,"date":"2024-08-23T17:34:08","date_gmt":"2024-08-23T10:34:08","guid":{"rendered":"https:\/\/levanacademy.com\/?post_type=product&#038;p=4056"},"modified":"2024-11-01T15:16:48","modified_gmt":"2024-11-01T08:16:48","slug":"tre-hoa-healing-cold-plasma","status":"publish","type":"product","link":"https:\/\/levanacademy.vn\/en\/product\/tre-hoa-healing-cold-plasma\/","title":{"rendered":"Healing Cold Plasma Rejuvenation"},"content":{"rendered":"<p>Quy tr\u00ecnh chi ti\u1ebft g\u1ed3m:<\/p>\n<p>B\u01b0\u1edbc 1: Ph\u00e2n T\u00edch &amp; T\u01b0 V\u1ea5n: Chuy\u00ean gia t\u1ea1i Levanacademy s\u1ebd xem x\u00e9t t\u00ecnh tr\u1ea1ng m\u00ed m\u1eaft hi\u1ec7n t\u1ea1i v\u00e0 t\u01b0 v\u1ea5n v\u1ec1 d\u00e1ng m\u00ed ph\u00f9 h\u1ee3p nh\u1ea5t v\u1edbi khu\u00f4n m\u1eb7t c\u1ee7a b\u1ea1n.<\/p>\n<p>B\u01b0\u1edbc 2: V\u1ebd D\u00e1ng M\u00ed M\u1edbi: \u0110\u1ec3 b\u1ea1n d\u1ec5 d\u00e0ng h\u00ecnh dung k\u1ebft qu\u1ea3, ch\u00fang t\u00f4i s\u1ebd v\u1ebd m\u00f4 ph\u1ecfng d\u00e1ng m\u00ed m\u1edbi ngay tr\u00ean khu\u00f4n m\u1eb7t b\u1ea1n. \u0110i\u1ec1u n\u00e0y gi\u00fap \u0111\u1ea3m b\u1ea3o s\u1ef1 h\u00e0i l\u00f2ng tr\u01b0\u1edbc khi th\u1ef1c hi\u1ec7n.<\/p>\n<p>B\u01b0\u1edbc 3: \u1ee6 T\u00ea: \u0110\u1ec3 \u0111\u1ea3m b\u1ea3o kh\u00e1ch h\u00e0ng c\u00f3 \u0111\u01b0\u1ee3c s\u1ef1 tho\u1ea3i m\u00e1i trong su\u1ed1t qu\u00e1 tr\u00ecnh, ch\u00fang t\u00f4i s\u1ebd \u1ee7 t\u00ea trong 60 ph\u00fat. \u0110i\u1ec1u n\u00e0y gi\u00fap gi\u1ea3m thi\u1ec3u c\u1ea3m gi\u00e1c kh\u00f3 ch\u1ecbu v\u00e0 \u0111\u1ea3m b\u1ea3o b\u1ea1n kh\u00f4ng \u0111au \u0111\u1edbn trong qu\u00e1 tr\u00ecnh th\u1ef1c hi\u1ec7n.<\/p>\n<p>B\u01b0\u1edbc 4: Th\u1ef1c Hi\u1ec7n: V\u1edbi c\u00f4ng ngh\u1ec7 Cold Plasma, qu\u00e1 tr\u00ecnh \u0111\u1ecbnh h\u00ecnh n\u1ebfp m\u00ed di\u1ec5n ra nhanh ch\u00f3ng ch\u1ec9 trong 10 ph\u00fat. C\u00f4ng ngh\u1ec7 n\u00e0y gi\u00fap k\u00edch th\u00edch t\u1ebf b\u00e0o da, l\u00e0m s\u0103n ch\u1eafc v\u00e0 t\u1ea1o d\u00e1ng m\u00ed t\u1ef1 nhi\u00ean m\u00e0 kh\u00f4ng c\u1ea7n ph\u1eabu thu\u1eadt.<\/p>\n<p>B\u01b0\u1edbc 5: Ho\u00e0n Th\u00e0nh: Sau khi ho\u00e0n t\u1ea5t, b\u1ea1n s\u1ebd nh\u1eadn \u0111\u01b0\u1ee3c \u0111\u00f4i m\u1eaft s\u00e1ng ng\u1eddi v\u1edbi n\u1ebfp m\u00ed \u0111\u1eb9p t\u1ef1 nhi\u00ean. \u0110i\u1ec3m \u0111\u1eb7c bi\u1ec7t c\u1ee7a c\u00f4ng ngh\u1ec7 Cold Plasma l\u00e0 kh\u00f4ng \u0111\u1ec3 l\u1ea1i s\u1eb9o, kh\u00f4ng l\u00e0m m\u00ed m\u1eaft kh\u00f4ng \u0111\u1ec1u, v\u00e0 b\u1ea1n kh\u00f4ng c\u1ea7n th\u1eddi gian ngh\u1ec9 d\u01b0\u1ee1ng. C\u00f3 th\u1ec3 ti\u1ebfp t\u1ee5c c\u00e1c ho\u1ea1t \u0111\u1ed9ng th\u01b0\u1eddng ng\u00e0y ngay sau khi th\u1ef1c hi\u1ec7n.<\/p>","protected":false},"excerpt":{"rendered":"<p>C\u00f4ng ngh\u1ec7 Cold Plasma: S\u1eed d\u1ee5ng t\u1ea7n s\u1ed1 \u00e1nh s\u00e1ng dao \u0111\u1ed9ng t\u1eeb kho\u1ea3ng 40 kHz \u0111\u1ebfn 100 kHz \u0111\u1ec3 t\u1ea1o ra plasma \u1edf nhi\u1ec7t \u0111\u1ed9 th\u1ea5p, d\u01b0\u1edbi 35\u00b0C t\u00e1c \u0111\u1ed9ng v\u00e0o l\u1edbp bi\u1ec3u b\u00ec l\u00e3o h\u00f3a c\u1ee7a da gi\u00fap t\u00e1i t\u1ea1o l\u00e0n da m\u1ed9t c\u00e1ch hi\u1ec7u qu\u1ea3 m\u00e0 kh\u00f4ng g\u00e2y t\u1ed5n th\u01b0\u01a1ng, k\u00edch \u1ee9ng hay \u0111au \u0111\u1edbn cho kh\u00e1ch h\u00e0ng.<\/p>\n<h2><span style=\"font-size: 25px;\">\u0110\u1eb7t l\u1ecbch ngay h\u00f4m nay \u0111\u1ec3 tr\u1ea3i nghi\u1ec7m d\u1ecbch v\u1ee5 an to\u00e0n, hi\u1ec7u qu\u1ea3 !<\/span><\/h2>","protected":false},"featured_media":4791,"comment_status":"open","ping_status":"closed","template":"","meta":[],"product_cat":[71],"product_tag":[],"class_list":{"0":"post-4056","1":"product","2":"type-product","3":"status-publish","4":"has-post-thumbnail","6":"product_cat-cold-plasma","8":"first","9":"instock","10":"sold-individually","11":"taxable","12":"shipping-taxable","13":"product-type-simple"},"_links":{"self":[{"href":"https:\/\/levanacademy.vn\/en\/wp-json\/wp\/v2\/product\/4056","targetHints":{"allow":["GET"]}}],"collection":[{"href":"https:\/\/levanacademy.vn\/en\/wp-json\/wp\/v2\/product"}],"about":[{"href":"https:\/\/levanacademy.vn\/en\/wp-json\/wp\/v2\/types\/product"}],"replies":[{"embeddable":true,"href":"https:\/\/levanacademy.vn\/en\/wp-json\/wp\/v2\/comments?post=4056"}],"wp:featuredmedia":[{"embeddable":true,"href":"https:\/\/levanacademy.vn\/en\/wp-json\/wp\/v2\/media\/4791"}],"wp:attachment":[{"href":"https:\/\/levanacademy.vn\/en\/wp-json\/wp\/v2\/media?parent=4056"}],"wp:term":[{"taxonomy":"product_cat","embeddable":true,"href":"https:\/\/levanacademy.vn\/en\/wp-json\/wp\/v2\/product_cat?post=4056"},{"taxonomy":"product_tag","embeddable":true,"href":"https:\/\/levanacademy.vn\/en\/wp-json\/wp\/v2\/product_tag?post=4056"}],"curies":[{"name":"wp","href":"https:\/\/api.w.org\/{rel}","templated":true}]}}