{"id":4066,"date":"2024-08-26T10:52:29","date_gmt":"2024-08-26T03:52:29","guid":{"rendered":"https:\/\/levanacademy.com\/?post_type=product&#038;p=4066"},"modified":"2024-10-31T17:45:40","modified_gmt":"2024-10-31T10:45:40","slug":"xoa-long-may-xoa-mau-moi","status":"publish","type":"product","link":"https:\/\/levanacademy.vn\/en\/product\/xoa-long-may-xoa-mau-moi\/","title":{"rendered":"Healing Cold Plasma Eyebrow and Lip Removal"},"content":{"rendered":"<p>Quy Tr\u00ecnh Th\u1ef1c Hi\u1ec7n Chi Ti\u1ebft:<\/p>\n<p>B\u01b0\u1edbc 1: Ph\u00e2n T\u00edch &amp; T\u01b0 V\u1ea5n: \u0110\u1ea7u ti\u00ean, chuy\u00ean gia t\u1ea1i Levanacademy s\u1ebd ph\u00e2n t\u00edch t\u00ecnh tr\u1ea1ng l\u00f4ng m\u00e0y ho\u1eb7c m\u00f4i hi\u1ec7n t\u1ea1i c\u1ee7a b\u1ea1n. D\u1ef1a tr\u00ean m\u00e0u s\u1eafc v\u00e0 \u0111\u1ed9 s\u00e2u c\u1ee7a s\u1eafc t\u1ed1, s\u1ebd t\u01b0 v\u1ea5n ph\u01b0\u01a1ng ph\u00e1p ph\u00f9 h\u1ee3p nh\u1ea5t. \u0110i\u1ec1u n\u00e0y gi\u00fap \u0111\u1ea3m b\u1ea3o r\u1eb1ng b\u1ea1n hi\u1ec3u r\u00f5 qu\u00e1 tr\u00ecnh v\u00e0 k\u1ebft qu\u1ea3 mong \u0111\u1ee3i.<\/p>\n<p>B\u01b0\u1edbc 2: \u1ee6 T\u00ea: \u0110\u1ec3 \u0111\u1ea3m b\u1ea3o b\u1ea1n kh\u00f4ng c\u1ea3m th\u1ea5y \u0111au \u0111\u1edbn hay kh\u00f3 ch\u1ecbu trong su\u1ed1t qu\u00e1 tr\u00ecnh x\u00f3a, ch\u00fang t\u00f4i s\u1ebd \u1ee7 t\u00ea trong 50 ph\u00fat. \u0110\u00e2y l\u00e0 b\u01b0\u1edbc quan tr\u1ecdng \u0111\u1ec3 qu\u00e1 tr\u00ecnh th\u1ef1c hi\u1ec7n di\u1ec5n ra nh\u1eb9 nh\u00e0ng v\u00e0 tho\u1ea3i m\u00e1i.<\/p>\n<p>B\u01b0\u1edbc 3: Th\u1ef1c Hi\u1ec7n: V\u1edbi c\u00f4ng ngh\u1ec7 Cold Plasma m\u1edbi nh\u1ea5t, qu\u00e1 tr\u00ecnh x\u00f3a m\u00e0u di\u1ec5n ra ch\u1ec9 trong 3 ph\u00fat. D\u00f9 th\u1eddi gian th\u1ef1c hi\u1ec7n ng\u1eafn, nh\u01b0ng k\u1ebft qu\u1ea3 r\u1ea5t hi\u1ec7u qu\u1ea3, gi\u00fap l\u1ea5y s\u1ea1ch s\u1eafc t\u1ed1 s\u00e2u d\u01b0\u1edbi da m\u1ed9t c\u00e1ch tri\u1ec7t \u0111\u1ec3 m\u00e0 kh\u00f4ng g\u00e2y t\u1ed5n th\u01b0\u01a1ng.<\/p>\n<p>B\u01b0\u1edbc 4: Ho\u00e0n Th\u00e0nh: Sau khi qu\u00e1 tr\u00ecnh x\u00f3a ho\u00e0n t\u1ea5t, l\u00e0n da c\u1ee7a b\u1ea1n s\u1ebd \u0111\u01b0\u1ee3c t\u00e1i t\u1ea1o, m\u1ec1m m\u1ea1i v\u00e0 c\u0103ng b\u00f3ng h\u01a1n nh\u1edd qu\u00e1 tr\u00ecnh t\u0103ng sinh collagen t\u1ef1 nhi\u00ean.<\/p>","protected":false},"excerpt":{"rendered":"<p>L\u00e0 gi\u1ea3i ph\u00e1p hi\u1ec7n \u0111\u1ea1i, kh\u00f4ng x\u00e2m l\u1ea5n v\u00e0 an to\u00e0n trong vi\u1ec7c lo\u1ea1i b\u1ecf h\u00ecnh x\u0103m ho\u1eb7c m\u1ef1c phun x\u0103m kh\u00f4ng mong mu\u1ed1n C\u00f4ng ngh\u1ec7 Healing Cold Plasma ti\u00ean ti\u1ebfn: S\u1eed d\u1ee5ng plasma l\u1ea1nh, ph\u01b0\u01a1ng ph\u00e1p n\u00e0y gi\u00fap ph\u00e1 v\u1ee1 c\u00e1c s\u1eafc t\u1ed1 m\u1ef1c x\u0103m m\u00e0 kh\u00f4ng g\u00e2y t\u1ed5n th\u01b0\u01a1ng l\u1edbp da b\u00ean d\u01b0\u1edbi, \u0111\u1ea3m b\u1ea3o an to\u00e0n v\u00e0 hi\u1ec7u qu\u1ea3 cao.<\/p>\n<h2><span style=\"font-size: 25px;\">\u0110\u1eb7t l\u1ecbch ngay h\u00f4m nay \u0111\u1ec3 x\u00f3a l\u00f4ng m\u00e0y v\u00e0 m\u00e0u m\u00f4i m\u1ed9t c\u00e1ch an to\u00e0n, hi\u1ec7u qu\u1ea3!<\/span><\/h2>","protected":false},"featured_media":4748,"comment_status":"open","ping_status":"closed","template":"","meta":[],"product_cat":[71],"product_tag":[],"class_list":{"0":"post-4066","1":"product","2":"type-product","3":"status-publish","4":"has-post-thumbnail","6":"product_cat-cold-plasma","8":"first","9":"instock","10":"virtual","11":"sold-individually","12":"taxable","13":"product-type-simple"},"_links":{"self":[{"href":"https:\/\/levanacademy.vn\/en\/wp-json\/wp\/v2\/product\/4066","targetHints":{"allow":["GET"]}}],"collection":[{"href":"https:\/\/levanacademy.vn\/en\/wp-json\/wp\/v2\/product"}],"about":[{"href":"https:\/\/levanacademy.vn\/en\/wp-json\/wp\/v2\/types\/product"}],"replies":[{"embeddable":true,"href":"https:\/\/levanacademy.vn\/en\/wp-json\/wp\/v2\/comments?post=4066"}],"wp:featuredmedia":[{"embeddable":true,"href":"https:\/\/levanacademy.vn\/en\/wp-json\/wp\/v2\/media\/4748"}],"wp:attachment":[{"href":"https:\/\/levanacademy.vn\/en\/wp-json\/wp\/v2\/media?parent=4066"}],"wp:term":[{"taxonomy":"product_cat","embeddable":true,"href":"https:\/\/levanacademy.vn\/en\/wp-json\/wp\/v2\/product_cat?post=4066"},{"taxonomy":"product_tag","embeddable":true,"href":"https:\/\/levanacademy.vn\/en\/wp-json\/wp\/v2\/product_tag?post=4066"}],"curies":[{"name":"wp","href":"https:\/\/api.w.org\/{rel}","templated":true}]}}