{"id":4726,"date":"2024-10-31T14:59:37","date_gmt":"2024-10-31T07:59:37","guid":{"rendered":"https:\/\/levanacademy.com\/?post_type=product&#038;p=4726"},"modified":"2024-11-01T15:27:23","modified_gmt":"2024-11-01T08:27:23","slug":"tri-nam-healing-cold-plasma","status":"publish","type":"product","link":"https:\/\/levanacademy.vn\/en\/product\/tri-nam-healing-cold-plasma\/","title":{"rendered":"Healing Cold Plasma Pigmentation Treatment"},"content":{"rendered":"<p>Quy Tr\u00ecnh Th\u1ef1c Hi\u1ec7n Chi Ti\u1ebft:<\/p>\n<p>B\u01b0\u1edbc 1: \u0110\u00e1nh gi\u00e1 da v\u00e0 t\u01b0 v\u1ea5n \u0111i\u1ec1u tr\u1ecb Kh\u00e1ch h\u00e0ng \u0111\u01b0\u1ee3c ki\u1ec3m tra t\u00ecnh tr\u1ea1ng n\u00e1m v\u00e0 \u0111\u01b0a ra l\u1ed9 tr\u00ecnh \u0111i\u1ec1u tr\u1ecb ph\u00f9 h\u1ee3p, \u0111\u1ed3ng th\u1eddi gi\u1ea3i th\u00edch c\u00e1ch plasma l\u1ea1nh ho\u1ea1t \u0111\u1ed9ng tr\u00ean da.<\/p>\n<p>B\u01b0\u1edbc 2: L\u00e0m s\u1ea1ch da v\u00e0 chu\u1ea9n b\u1ecb \u0111i\u1ec1u tr\u1ecb Da s\u1ebd \u0111\u01b0\u1ee3c l\u00e0m s\u1ea1ch k\u1ef9 l\u01b0\u1ee1ng tr\u01b0\u1edbc khi th\u1ef1c hi\u1ec7n li\u1ec7u tr\u00ecnh. B\u01b0\u1edbc n\u00e0y gi\u00fap lo\u1ea1i b\u1ecf d\u1ea7u th\u1eeba, b\u1ee5i b\u1ea9n v\u00e0 t\u1ea1o \u0111i\u1ec1u ki\u1ec7n t\u1ed1t nh\u1ea5t \u0111\u1ec3 plasma ho\u1ea1t \u0111\u1ed9ng hi\u1ec7u qu\u1ea3.<\/p>\n<p>B\u01b0\u1edbc 3: \u1ee8ng d\u1ee5ng plasma l\u1ea1nh C\u00f4ng ngh\u1ec7 plasma l\u1ea1nh \u0111\u01b0\u1ee3c \u00e1p d\u1ee5ng tr\u1ef1c ti\u1ebfp l\u00ean v\u00f9ng da b\u1ecb n\u00e1m. C\u00e1c ion v\u00e0 electron trong plasma s\u1ebd t\u00e1c \u0111\u1ed9ng s\u00e2u v\u00e0o da, gi\u00fap ph\u00e1 v\u1ee1 c\u00e1c s\u1eafc t\u1ed1 melanin g\u00e2y n\u00e1m m\u00e0 kh\u00f4ng l\u00e0m t\u1ed5n th\u01b0\u01a1ng m\u00f4 l\u00e0nh.<\/p>\n<p>B\u01b0\u1edbc 4: D\u01b0\u1ee1ng da sau \u0111i\u1ec1u tr\u1ecb Sau khi \u0111i\u1ec1u tr\u1ecb b\u1eb1ng plasma l\u1ea1nh, da s\u1ebd \u0111\u01b0\u1ee3c thoa c\u00e1c s\u1ea3n ph\u1ea9m d\u01b0\u1ee1ng \u1ea9m v\u00e0 l\u00e0m d\u1ecbu da \u0111\u1ec3 h\u1ed7 tr\u1ee3 qu\u00e1 tr\u00ecnh ph\u1ee5c h\u1ed3i.<\/p>","protected":false},"excerpt":{"rendered":"<p>Healing Cold Plasma l\u00e0 c\u00f4ng ngh\u1ec7 ti\u00ean ti\u1ebfn s\u1eed d\u1ee5ng plasma l\u1ea1nh, \u0111\u01b0\u1ee3c \u1ee9ng d\u1ee5ng r\u1ed9ng r\u00e3i trong th\u1ea9m m\u1ef9 \u0111\u1ec3 \u0111i\u1ec1u tr\u1ecb c\u00e1c v\u1ea5n \u0111\u1ec1 v\u1ec1 da nh\u01b0 n\u00e1m, s\u1eb9o, t\u00e0n nhang, v\u00e0 c\u00e1c d\u1ea5u hi\u1ec7u l\u00e3o h\u00f3a. Plasma l\u1ea1nh ho\u1ea1t \u0111\u1ed9ng b\u1eb1ng c\u00e1ch t\u1ea1o ra c\u00e1c ion v\u00e0 electron gi\u00e0u n\u0103ng l\u01b0\u1ee3ng, gi\u00fap t\u00e1i t\u1ea1o l\u00e0n da, l\u00e0m s\u00e1ng v\u00f9ng da t\u1ed1i m\u00e0u, v\u00e0 gi\u1ea3m thi\u1ec3u t\u00ecnh tr\u1ea1ng n\u00e1m m\u00e0 kh\u00f4ng g\u00e2y t\u1ed5n th\u01b0\u01a1ng cho da.<\/p>\n<h2><span style=\"font-size: 25px;\">\u0110\u1eb7t l\u1ecbch ngay h\u00f4m nay \u0111\u1ec3 x\u00f3a l\u00f4ng m\u00e0y v\u00e0 m\u00e0u m\u00f4i m\u1ed9t c\u00e1ch an to\u00e0n, hi\u1ec7u qu\u1ea3!<\/span><\/h2>","protected":false},"featured_media":4730,"comment_status":"open","ping_status":"closed","template":"","meta":[],"product_cat":[70],"product_tag":[],"class_list":{"0":"post-4726","1":"product","2":"type-product","3":"status-publish","4":"has-post-thumbnail","6":"product_cat-dich-vu","8":"first","9":"instock","10":"taxable","11":"shipping-taxable","12":"product-type-simple"},"_links":{"self":[{"href":"https:\/\/levanacademy.vn\/en\/wp-json\/wp\/v2\/product\/4726","targetHints":{"allow":["GET"]}}],"collection":[{"href":"https:\/\/levanacademy.vn\/en\/wp-json\/wp\/v2\/product"}],"about":[{"href":"https:\/\/levanacademy.vn\/en\/wp-json\/wp\/v2\/types\/product"}],"replies":[{"embeddable":true,"href":"https:\/\/levanacademy.vn\/en\/wp-json\/wp\/v2\/comments?post=4726"}],"wp:featuredmedia":[{"embeddable":true,"href":"https:\/\/levanacademy.vn\/en\/wp-json\/wp\/v2\/media\/4730"}],"wp:attachment":[{"href":"https:\/\/levanacademy.vn\/en\/wp-json\/wp\/v2\/media?parent=4726"}],"wp:term":[{"taxonomy":"product_cat","embeddable":true,"href":"https:\/\/levanacademy.vn\/en\/wp-json\/wp\/v2\/product_cat?post=4726"},{"taxonomy":"product_tag","embeddable":true,"href":"https:\/\/levanacademy.vn\/en\/wp-json\/wp\/v2\/product_tag?post=4726"}],"curies":[{"name":"wp","href":"https:\/\/api.w.org\/{rel}","templated":true}]}}