{"id":4744,"date":"2024-10-31T16:54:03","date_gmt":"2024-10-31T09:54:03","guid":{"rendered":"https:\/\/levanacademy.com\/?post_type=product&#038;p=4744"},"modified":"2024-11-01T14:28:56","modified_gmt":"2024-11-01T07:28:56","slug":"tri-hoi-hyper-hair","status":"publish","type":"product","link":"https:\/\/levanacademy.vn\/en\/product\/tri-hoi-hyper-hair\/","title":{"rendered":"Hyper Hair Baldness Treatment"},"content":{"rendered":"<p>Quy tr\u00ecnh th\u1ef1c hi\u1ec7n:<\/p>\n<p>B\u01b0\u1edbc 1: T\u01b0 v\u1ea5n v\u00e0 \u0111\u00e1nh gi\u00e1 t\u00ecnh tr\u1ea1ng h\u00f3i.<\/p>\n<p>B\u01b0\u1edbc 2: Thi\u1ebft k\u1ebf s\u1ee3i t\u00f3c nh\u00e2n t\u1ea1o ph\u00f9 h\u1ee3p v\u1edbi khu\u00f4n m\u1eb7t v\u00e0 ki\u1ec3u t\u00f3c c\u1ee7a kh\u00e1ch h\u00e0ng.<\/p>\n<p>B\u01b0\u1edbc 3: Th\u1ef1c hi\u1ec7n v\u1ebd t\u1ea1o s\u1ee3i tr\u00ean v\u00f9ng da h\u00f3i.<\/p>\n<p>B\u01b0\u1edbc 4: \u00c1p d\u1ee5ng li\u1ec7u ph\u00e1p plasma \u0111\u1ec3 k\u00edch th\u00edch nang t\u00f3c.<\/p>\n<p>B\u01b0\u1edbc 5: H\u01b0\u1edbng d\u1eabn ch\u0103m s\u00f3c sau li\u1ec7u tr\u00ecnh.<\/p>\n<p>B\u01b0\u1edbc 6. Th\u1eddi gian th\u1ef1c hi\u1ec7n: Li\u1ec7u tr\u00ecnh Fiber Hair th\u01b0\u1eddng k\u00e9o d\u00e0i t\u1eeb 1 \u0111\u1ebfn 2 gi\u1edd, t\u00f9y thu\u1ed9c v\u00e0o di\u1ec7n t\u00edch v\u00f9ng h\u00f3i c\u1ea7n \u0111i\u1ec1u tr\u1ecb.<\/p>","protected":false},"excerpt":{"rendered":"<p>Fiber Hair l\u00e0 ph\u01b0\u01a1ng ph\u00e1p ti\u00ean ti\u1ebfn k\u1ebft h\u1ee3p gi\u1eefa k\u1ef9 thu\u1eadt v\u1ebd t\u1ea1o s\u1ee3i t\u00f3c t\u1ef1 nhi\u00ean v\u00e0 c\u00f4ng ngh\u1ec7 plasma hi\u1ec7n \u0111\u1ea1i, gi\u00fap k\u00edch th\u00edch nang t\u00f3c v\u00e0 t\u0103ng sinh t\u00f3c m\u1edbi. \u0110\u00e2y l\u00e0 gi\u1ea3i ph\u00e1p hi\u1ec7u qu\u1ea3 d\u00e0nh cho nh\u1eefng ng\u01b0\u1eddi g\u1eb7p v\u1ea5n \u0111\u1ec1 v\u1ec1 h\u00f3i \u0111\u1ea7u, th\u01b0a t\u00f3c, ho\u1eb7c c\u00f3 c\u00e1c v\u00f9ng t\u00f3c c\u1ea7n \u0111\u01b0\u1ee3c ph\u1ee5c h\u1ed3i.<\/p>\n<h2><span style=\"font-size: 25px;\">Nhanh tay \u0111\u1eb7t l\u1ecbch ngay h\u00f4m nay!<\/span><\/h2>","protected":false},"featured_media":4745,"comment_status":"open","ping_status":"closed","template":"","meta":[],"product_cat":[70],"product_tag":[],"class_list":{"0":"post-4744","1":"product","2":"type-product","3":"status-publish","4":"has-post-thumbnail","6":"product_cat-dich-vu","8":"first","9":"instock","10":"taxable","11":"shipping-taxable","12":"product-type-simple"},"_links":{"self":[{"href":"https:\/\/levanacademy.vn\/en\/wp-json\/wp\/v2\/product\/4744","targetHints":{"allow":["GET"]}}],"collection":[{"href":"https:\/\/levanacademy.vn\/en\/wp-json\/wp\/v2\/product"}],"about":[{"href":"https:\/\/levanacademy.vn\/en\/wp-json\/wp\/v2\/types\/product"}],"replies":[{"embeddable":true,"href":"https:\/\/levanacademy.vn\/en\/wp-json\/wp\/v2\/comments?post=4744"}],"wp:featuredmedia":[{"embeddable":true,"href":"https:\/\/levanacademy.vn\/en\/wp-json\/wp\/v2\/media\/4745"}],"wp:attachment":[{"href":"https:\/\/levanacademy.vn\/en\/wp-json\/wp\/v2\/media?parent=4744"}],"wp:term":[{"taxonomy":"product_cat","embeddable":true,"href":"https:\/\/levanacademy.vn\/en\/wp-json\/wp\/v2\/product_cat?post=4744"},{"taxonomy":"product_tag","embeddable":true,"href":"https:\/\/levanacademy.vn\/en\/wp-json\/wp\/v2\/product_tag?post=4744"}],"curies":[{"name":"wp","href":"https:\/\/api.w.org\/{rel}","templated":true}]}}