{"id":4762,"date":"2024-10-31T17:41:03","date_gmt":"2024-10-31T10:41:03","guid":{"rendered":"https:\/\/levanacademy.com\/?post_type=product&#038;p=4762"},"modified":"2024-11-01T16:39:18","modified_gmt":"2024-11-01T09:39:18","slug":"dinh-hinh-eyelift-plasma","status":"publish","type":"product","link":"https:\/\/levanacademy.vn\/en\/product\/dinh-hinh-eyelift-plasma\/","title":{"rendered":"Eyelift Plasma Shaping"},"content":{"rendered":"<p>Quy tr\u00ecnh th\u1ef1c hi\u1ec7n gi\u00fap b\u1ea1n s\u1edf h\u1eefu n\u1ebfp m\u00ed m\u1eaft to, \u0111\u1ec1u, t\u1ef1 nhi\u00ean:<\/p>\n<p>B\u01b0\u1edbc 1: Ph\u00e2n T\u00edch &amp; T\u01b0 V\u1ea5n \u0110\u1ea7u ti\u00ean, t\u1ea1i Levanacademy, c\u00e1c chuy\u00ean gia s\u1ebd ki\u1ec3m tra k\u1ef9 t\u00ecnh tr\u1ea1ng m\u00ed m\u1eaft c\u1ee7a b\u1ea1n, ph\u00e2n t\u00edch \u0111\u1ed9 s\u00e2u, \u0111\u1ed9 \u0111\u1ec1u v\u00e0 h\u00ecnh d\u00e1ng n\u1ebfp m\u00ed hi\u1ec7n t\u1ea1i. D\u1ef1a tr\u00ean k\u1ebft qu\u1ea3 ph\u00e2n t\u00edch, chuy\u00ean gia s\u1ebd t\u01b0 v\u1ea5n gi\u1ea3i ph\u00e1p t\u1ed1i \u01b0u nh\u1ea5t \u0111\u1ec3 t\u1ea1o h\u00ecnh n\u1ebfp m\u00ed c\u00e2n \u0111\u1ed1i, ph\u00f9 h\u1ee3p v\u1edbi \u0111\u1eb7c \u0111i\u1ec3m khu\u00f4n m\u1eb7t v\u00e0 t\u01b0\u1edbng m\u1ea1o c\u1ee7a b\u1ea1n.<\/p>\n<p>B\u01b0\u1edbc 2: \u0110\u1ecbnh H\u00ecnh &amp; Thi\u1ebft K\u1ebf N\u1ebfp M\u00ed D\u1ef1a tr\u00ean ph\u00e2n t\u00edch ban \u0111\u1ea7u, c\u00e1c chuy\u00ean gia s\u1ebd ph\u00e1c th\u1ea3o v\u00e0 \u0111\u1ecbnh h\u00ecnh n\u1ebfp m\u00ed m\u1edbi, \u0111\u1ea3m b\u1ea3o s\u1ef1 h\u00e0i h\u00f2a v\u00e0 t\u1ef1 nhi\u00ean. \u0110\u00e2y l\u00e0 b\u01b0\u1edbc quan tr\u1ecdng gi\u00fap kh\u00e1ch h\u00e0ng h\u00ecnh dung \u0111\u01b0\u1ee3c k\u1ebft qu\u1ea3 mong mu\u1ed1n tr\u01b0\u1edbc khi b\u1eaft \u0111\u1ea7u th\u1ef1c hi\u1ec7n.<\/p>\n<p>B\u01b0\u1edbc 3: Th\u1ef1c Hi\u1ec7n C\u00f4ng Ngh\u1ec7 Healing Plasma Sau khi \u0111\u1ecbnh h\u00ecnh, chuy\u00ean gia s\u1ebd s\u1eed d\u1ee5ng c\u00f4ng ngh\u1ec7 Healing Plasma \u2013 s\u1ef1 k\u1ebft h\u1ee3p c\u1ee7a plasma n\u00f3ng v\u00e0 l\u1ea1nh \u2013 \u0111\u1ec3 k\u00edch th\u00edch t\u00e1i t\u1ea1o t\u1ebf b\u00e0o da v\u00e0 \u0111\u1ecbnh h\u00ecnh n\u1ebfp m\u00ed m\u1edbi. Qu\u00e1 tr\u00ecnh n\u00e0y kh\u00f4ng g\u00e2y t\u1ed5n th\u01b0\u01a1ng da, kh\u00f4ng x\u00e2m l\u1ea5n v\u00e0 \u0111\u1ea3m b\u1ea3o s\u1ef1 an to\u00e0n tuy\u1ec7t \u0111\u1ed1i cho kh\u00e1ch h\u00e0ng.<\/p>\n<p>B\u01b0\u1edbc 4: Ki\u1ec3m Tra &amp; H\u01b0\u1edbng D\u1eabn Ch\u0103m S\u00f3c Sau Th\u1ee7 Thu\u1eadt Sau khi ho\u00e0n t\u1ea5t, chuy\u00ean gia s\u1ebd ki\u1ec3m tra l\u1ea1i n\u1ebfp m\u00ed \u0111\u1ec3 \u0111\u1ea3m b\u1ea3o k\u1ebft qu\u1ea3 nh\u01b0 mong mu\u1ed1n. Kh\u00e1ch h\u00e0ng s\u1ebd \u0111\u01b0\u1ee3c h\u01b0\u1edbng d\u1eabn chi ti\u1ebft c\u00e1ch ch\u0103m s\u00f3c t\u1ea1i nh\u00e0 \u0111\u1ec3 duy tr\u00ec hi\u1ec7u qu\u1ea3 l\u00e2u d\u00e0i m\u00e0 kh\u00f4ng c\u1ea7n th\u1eddi gian ngh\u1ec9 d\u01b0\u1ee1ng.<\/p>","protected":false},"excerpt":{"rendered":"<p>L\u00e0 m\u1ed9t ph\u01b0\u01a1ng ph\u00e1p s\u1eed d\u1ee5ng C\u00f4ng ngh\u1ec7 Healing Plasma \u0111\u1ec3 \u0111\u1ecbnh h\u00ecnh n\u1ebfp m\u00ed m\u1edbi, tr\u1ebb trung, \u0111\u1ec1u nhau h\u01a1n m\u00e0 kh\u00f4ng c\u1ea7n ph\u1eabu thu\u1eadt, ngh\u1ec9 d\u01b0\u1ee1ng.<\/p>\n<h2><span style=\"font-size: 25px;\">Nhanh tay \u0111\u1eb7t l\u1ecbch \u0111\u1ec3 c\u00f3 n\u1ebfp m\u00ed \u0111\u1eb9p ngay h\u00f4m nay!<\/span><\/h2>","protected":false},"featured_media":4794,"comment_status":"open","ping_status":"closed","template":"","meta":[],"product_cat":[70],"product_tag":[],"class_list":{"0":"post-4762","1":"product","2":"type-product","3":"status-publish","4":"has-post-thumbnail","6":"product_cat-dich-vu","8":"first","9":"instock","10":"taxable","11":"shipping-taxable","12":"product-type-simple"},"_links":{"self":[{"href":"https:\/\/levanacademy.vn\/en\/wp-json\/wp\/v2\/product\/4762","targetHints":{"allow":["GET"]}}],"collection":[{"href":"https:\/\/levanacademy.vn\/en\/wp-json\/wp\/v2\/product"}],"about":[{"href":"https:\/\/levanacademy.vn\/en\/wp-json\/wp\/v2\/types\/product"}],"replies":[{"embeddable":true,"href":"https:\/\/levanacademy.vn\/en\/wp-json\/wp\/v2\/comments?post=4762"}],"wp:featuredmedia":[{"embeddable":true,"href":"https:\/\/levanacademy.vn\/en\/wp-json\/wp\/v2\/media\/4794"}],"wp:attachment":[{"href":"https:\/\/levanacademy.vn\/en\/wp-json\/wp\/v2\/media?parent=4762"}],"wp:term":[{"taxonomy":"product_cat","embeddable":true,"href":"https:\/\/levanacademy.vn\/en\/wp-json\/wp\/v2\/product_cat?post=4762"},{"taxonomy":"product_tag","embeddable":true,"href":"https:\/\/levanacademy.vn\/en\/wp-json\/wp\/v2\/product_tag?post=4762"}],"curies":[{"name":"wp","href":"https:\/\/api.w.org\/{rel}","templated":true}]}}