{"id":4764,"date":"2024-10-31T17:48:43","date_gmt":"2024-10-31T10:48:43","guid":{"rendered":"https:\/\/levanacademy.com\/?post_type=product&#038;p=4764"},"modified":"2024-11-01T15:26:07","modified_gmt":"2024-11-01T08:26:07","slug":"tri-ran-bung-xoa-seo-healing-cold-plasma","status":"publish","type":"product","link":"https:\/\/levanacademy.vn\/en\/product\/tri-ran-bung-xoa-seo-healing-cold-plasma\/","title":{"rendered":"Healing Cold Plasma Stretch Mark and Scar Removal"},"content":{"rendered":"<p>Quy tr\u00ecnh th\u1ef1c hi\u1ec7n chi ti\u1ebft:<\/p>\n<p>B\u01b0\u1edbc 1: \u1ee6 T\u00ea: \u0110\u1ec3 \u0111\u1ea3m b\u1ea3o kh\u00f4ng \u0111au \u0111\u1edbn, ch\u00fang t\u00f4i s\u1ebd \u1ee7 t\u00ea trong 60 ph\u00fat. \u0110i\u1ec1u n\u00e0y gi\u00fap b\u1ea1n c\u1ea3m th\u1ea5y tho\u1ea3i m\u00e1i v\u00e0 th\u01b0 gi\u00e3n trong su\u1ed1t qu\u00e1 tr\u00ecnh th\u1ef1c hi\u1ec7n.<\/p>\n<p>B\u01b0\u1edbc 2: Th\u1ef1c Hi\u1ec7n: Sau khi \u1ee7 t\u00ea, chuy\u00ean gia s\u1ebd ti\u1ebfn h\u00e0nh x\u00f3a s\u1eb9o ch\u1ec9 trong 1-2 ph\u00fat, t\u00f9y thu\u1ed9c v\u00e0o k\u00edch th\u01b0\u1edbc c\u1ee7a v\u1ebft s\u1eb9o. C\u00f4ng ngh\u1ec7 n\u00e0y gi\u00fap da ph\u1ee5c h\u1ed3i nhanh ch\u00f3ng, gi\u1ea3m thi\u1ec3u c\u00e1c v\u1ebft s\u1eb9o v\u00e0 l\u00e0m m\u1edd c\u00e1c v\u1ebft r\u1ea1n m\u1ed9t c\u00e1ch hi\u1ec7u qu\u1ea3.<\/p>","protected":false},"excerpt":{"rendered":"<p>L\u00e0 ph\u01b0\u01a1ng ph\u00e1p ti\u00ean ti\u1ebfn gi\u00fap t\u00e1i t\u1ea1o da, kh\u1eafc ph\u1ee5c c\u00e1c v\u1ebft r\u1ea1n v\u00e0 s\u1eb9o m\u00e0 kh\u00f4ng g\u00e2y t\u1ed5n th\u01b0\u01a1ng hay \u0111au \u0111\u1edbn. D\u1ecbch v\u1ee5 n\u00e0y \u0111\u1eb7c bi\u1ec7t ph\u00f9 h\u1ee3p cho nh\u1eefng ai mu\u1ed1n c\u1ea3i thi\u1ec7n l\u00e0n da b\u1ecb t\u1ed5n th\u01b0\u01a1ng b\u1edfi r\u1ea1n ho\u1eb7c s\u1eb9o m\u00e0 v\u1eabn \u0111\u1ea3m b\u1ea3o an to\u00e0n, hi\u1ec7u qu\u1ea3 v\u00e0 kh\u00f4ng \u0111au.<\/p>","protected":false},"featured_media":0,"comment_status":"open","ping_status":"closed","template":"","meta":[],"product_cat":[15],"product_tag":[],"class_list":{"0":"post-4764","1":"product","2":"type-product","3":"status-publish","5":"product_cat-uncategorized","7":"first","8":"instock","9":"taxable","10":"shipping-taxable","11":"product-type-simple"},"_links":{"self":[{"href":"https:\/\/levanacademy.vn\/en\/wp-json\/wp\/v2\/product\/4764","targetHints":{"allow":["GET"]}}],"collection":[{"href":"https:\/\/levanacademy.vn\/en\/wp-json\/wp\/v2\/product"}],"about":[{"href":"https:\/\/levanacademy.vn\/en\/wp-json\/wp\/v2\/types\/product"}],"replies":[{"embeddable":true,"href":"https:\/\/levanacademy.vn\/en\/wp-json\/wp\/v2\/comments?post=4764"}],"wp:attachment":[{"href":"https:\/\/levanacademy.vn\/en\/wp-json\/wp\/v2\/media?parent=4764"}],"wp:term":[{"taxonomy":"product_cat","embeddable":true,"href":"https:\/\/levanacademy.vn\/en\/wp-json\/wp\/v2\/product_cat?post=4764"},{"taxonomy":"product_tag","embeddable":true,"href":"https:\/\/levanacademy.vn\/en\/wp-json\/wp\/v2\/product_tag?post=4764"}],"curies":[{"name":"wp","href":"https:\/\/api.w.org\/{rel}","templated":true}]}}